{"id":107,"date":"2015-12-05T14:29:42","date_gmt":"2015-12-05T13:29:42","guid":{"rendered":"https:\/\/dresden-erkunden.de\/?page_id=107"},"modified":"2023-04-26T23:49:05","modified_gmt":"2023-04-26T21:49:05","slug":"altcoschuetz-doerfliche-idylle-am-suedwestlichen-stadtrand-dresdens","status":"publish","type":"page","link":"https:\/\/dresden-erkunden.de\/en\/stadtteilfuehrungen-in-dresden\/altcoschuetz-doerfliche-idylle-am-suedwestlichen-stadtrand-dresdens\/","title":{"rendered":"Altcosch\u00fctz &#8211; d\u00f6rfliche Idylle am s\u00fcdwestlichen Stadtrand Dresdens"},"content":{"rendered":"<div data-elementor-type=\"wp-page\" data-elementor-id=\"107\" class=\"elementor elementor-107\">\n\t\t\t\t\t\t<section class=\"elementor-section elementor-top-section elementor-element elementor-element-0f8128a elementor-section-boxed elementor-section-height-default elementor-section-height-default\" data-id=\"0f8128a\" data-element_type=\"section\" data-e-type=\"section\">\n\t\t\t\t\t\t<div class=\"elementor-container elementor-column-gap-default\">\n\t\t\t\t\t<div class=\"elementor-column elementor-col-100 elementor-top-column elementor-element elementor-element-3335007\" data-id=\"3335007\" data-element_type=\"column\" data-e-type=\"column\">\n\t\t\t<div class=\"elementor-widget-wrap elementor-element-populated\">\n\t\t\t\t\t\t<div class=\"elementor-element elementor-element-3f7ad8a elementor-arrows-position-inside elementor-pagination-position-outside elementor-widget elementor-widget-image-carousel\" data-id=\"3f7ad8a\" data-element_type=\"widget\" data-e-type=\"widget\" data-settings=\"{&quot;autoplay&quot;:&quot;no&quot;,&quot;image_spacing_custom&quot;:{&quot;unit&quot;:&quot;px&quot;,&quot;size&quot;:3,&quot;sizes&quot;:[]},&quot;infinite&quot;:&quot;no&quot;,&quot;navigation&quot;:&quot;both&quot;,&quot;speed&quot;:500,&quot;image_spacing_custom_tablet&quot;:{&quot;unit&quot;:&quot;px&quot;,&quot;size&quot;:&quot;&quot;,&quot;sizes&quot;:[]},&quot;image_spacing_custom_mobile&quot;:{&quot;unit&quot;:&quot;px&quot;,&quot;size&quot;:&quot;&quot;,&quot;sizes&quot;:[]}}\" data-widget_type=\"image-carousel.default\">\n\t\t\t\t<div class=\"elementor-widget-container\">\n\t\t\t\t\t\t\t<div class=\"elementor-image-carousel-wrapper swiper\" role=\"region\" aria-roledescription=\"carousel\" aria-label=\"Image Carousel\" dir=\"ltr\">\n\t\t\t<div class=\"elementor-image-carousel swiper-wrapper\" aria-live=\"polite\">\n\t\t\t\t\t\t\t\t<div class=\"swiper-slide\" role=\"group\" aria-roledescription=\"slide\" aria-label=\"1 of 5\" data-no-translation-aria-label=\"\"><a data-elementor-open-lightbox=\"yes\" data-elementor-lightbox-slideshow=\"3f7ad8a\" data-elementor-lightbox-title=\"Altcosch\u00fctz_IMG_1575_quad\" data-e-action-hash=\"#elementor-action%3Aaction%3Dlightbox%26settings%3DeyJpZCI6MjAwOSwidXJsIjoiaHR0cHM6XC9cL2RyZXNkZW4tZXJrdW5kZW4uZGVcL3dwLWNvbnRlbnRcL3VwbG9hZHNcLzIwMjJcLzEwXC9BbHRjb3NjaHVldHpfSU1HXzE1NzVfcXVhZC5qcGciLCJzbGlkZXNob3ciOiIzZjdhZDhhIn0%3D\" href=\"https:\/\/dresden-erkunden.de\/wp-content\/uploads\/2022\/10\/Altcoschuetz_IMG_1575_quad.jpg\"><figure class=\"swiper-slide-inner\"><img decoding=\"async\" class=\"swiper-slide-image\" src=\"https:\/\/dresden-erkunden.de\/wp-content\/uploads\/2022\/10\/Altcoschuetz_IMG_1575_quad-300x300.jpg\" alt=\"Altcosch\u00fctz_IMG_1575_quad\" \/><\/figure><\/a><\/div><div class=\"swiper-slide\" role=\"group\" aria-roledescription=\"slide\" aria-label=\"2 of 5\" data-no-translation-aria-label=\"\"><a data-elementor-open-lightbox=\"yes\" data-elementor-lightbox-slideshow=\"3f7ad8a\" data-elementor-lightbox-title=\"Altcosch\u00fctz_IMG_0895_quad\" data-e-action-hash=\"#elementor-action%3Aaction%3Dlightbox%26settings%3DeyJpZCI6MjAwNCwidXJsIjoiaHR0cHM6XC9cL2RyZXNkZW4tZXJrdW5kZW4uZGVcL3dwLWNvbnRlbnRcL3VwbG9hZHNcLzIwMjJcLzEwXC9BbHRjb3NjaHVldHpfSU1HXzA4OTVfcXVhZC5qcGciLCJzbGlkZXNob3ciOiIzZjdhZDhhIn0%3D\" href=\"https:\/\/dresden-erkunden.de\/wp-content\/uploads\/2022\/10\/Altcoschuetz_IMG_0895_quad.jpg\"><figure class=\"swiper-slide-inner\"><img decoding=\"async\" class=\"swiper-slide-image\" src=\"https:\/\/dresden-erkunden.de\/wp-content\/uploads\/2022\/10\/Altcoschuetz_IMG_0895_quad-300x300.jpg\" alt=\"Altcosch\u00fctz_IMG_0895_quad\" \/><\/figure><\/a><\/div><div class=\"swiper-slide\" role=\"group\" aria-roledescription=\"slide\" aria-label=\"3 of 5\" data-no-translation-aria-label=\"\"><a data-elementor-open-lightbox=\"yes\" data-elementor-lightbox-slideshow=\"3f7ad8a\" data-elementor-lightbox-title=\"Altcosch\u00fctz_IMG_1647_quad\" data-e-action-hash=\"#elementor-action%3Aaction%3Dlightbox%26settings%3DeyJpZCI6MjAxMSwidXJsIjoiaHR0cHM6XC9cL2RyZXNkZW4tZXJrdW5kZW4uZGVcL3dwLWNvbnRlbnRcL3VwbG9hZHNcLzIwMjJcLzEwXC9BbHRjb3NjaHVldHpfSU1HXzE2NDdfcXVhZC5qcGciLCJzbGlkZXNob3ciOiIzZjdhZDhhIn0%3D\" href=\"https:\/\/dresden-erkunden.de\/wp-content\/uploads\/2022\/10\/Altcoschuetz_IMG_1647_quad.jpg\"><figure class=\"swiper-slide-inner\"><img decoding=\"async\" class=\"swiper-slide-image\" src=\"https:\/\/dresden-erkunden.de\/wp-content\/uploads\/2022\/10\/Altcoschuetz_IMG_1647_quad-300x300.jpg\" alt=\"Altcosch\u00fctz_IMG_1647_quad\" \/><\/figure><\/a><\/div><div class=\"swiper-slide\" role=\"group\" aria-roledescription=\"slide\" aria-label=\"4 of 5\" data-no-translation-aria-label=\"\"><a data-elementor-open-lightbox=\"yes\" data-elementor-lightbox-slideshow=\"3f7ad8a\" data-elementor-lightbox-title=\"Altcosch\u00fctz_IMG_0907_quad\" data-e-action-hash=\"#elementor-action%3Aaction%3Dlightbox%26settings%3DeyJpZCI6MjAwNSwidXJsIjoiaHR0cHM6XC9cL2RyZXNkZW4tZXJrdW5kZW4uZGVcL3dwLWNvbnRlbnRcL3VwbG9hZHNcLzIwMjJcLzEwXC9BbHRjb3NjaHVldHpfSU1HXzA5MDdfcXVhZC5qcGciLCJzbGlkZXNob3ciOiIzZjdhZDhhIn0%3D\" href=\"https:\/\/dresden-erkunden.de\/wp-content\/uploads\/2022\/10\/Altcoschuetz_IMG_0907_quad.jpg\"><figure class=\"swiper-slide-inner\"><img decoding=\"async\" class=\"swiper-slide-image\" src=\"https:\/\/dresden-erkunden.de\/wp-content\/uploads\/2022\/10\/Altcoschuetz_IMG_0907_quad-300x300.jpg\" alt=\"Altcosch\u00fctz_IMG_0907_quad\" \/><\/figure><\/a><\/div><div class=\"swiper-slide\" role=\"group\" aria-roledescription=\"slide\" aria-label=\"5 of 5\" data-no-translation-aria-label=\"\"><a data-elementor-open-lightbox=\"yes\" data-elementor-lightbox-slideshow=\"3f7ad8a\" data-elementor-lightbox-title=\"Altcosch\u00fctz_IMG_1571_quad\" data-e-action-hash=\"#elementor-action%3Aaction%3Dlightbox%26settings%3DeyJpZCI6MjAwOCwidXJsIjoiaHR0cHM6XC9cL2RyZXNkZW4tZXJrdW5kZW4uZGVcL3dwLWNvbnRlbnRcL3VwbG9hZHNcLzIwMjJcLzEwXC9BbHRjb3NjaHVldHpfSU1HXzE1NzFfcXVhZC5qcGciLCJzbGlkZXNob3ciOiIzZjdhZDhhIn0%3D\" href=\"https:\/\/dresden-erkunden.de\/wp-content\/uploads\/2022\/10\/Altcoschuetz_IMG_1571_quad.jpg\"><figure class=\"swiper-slide-inner\"><img decoding=\"async\" class=\"swiper-slide-image\" src=\"https:\/\/dresden-erkunden.de\/wp-content\/uploads\/2022\/10\/Altcoschuetz_IMG_1571_quad-300x300.jpg\" alt=\"Altcosch\u00fctz_IMG_1571_quad\" \/><\/figure><\/a><\/div>\t\t\t<\/div>\n\t\t\t\t\t\t\t\t\t\t\t\t<div class=\"elementor-swiper-button elementor-swiper-button-prev\" role=\"button\" tabindex=\"0\">\n\t\t\t\t\t\t<i aria-hidden=\"true\" class=\"eicon-chevron-left\"><\/i>\t\t\t\t\t<\/div>\n\t\t\t\t\t<div class=\"elementor-swiper-button elementor-swiper-button-next\" role=\"button\" tabindex=\"0\">\n\t\t\t\t\t\t<i aria-hidden=\"true\" class=\"eicon-chevron-right\"><\/i>\t\t\t\t\t<\/div>\n\t\t\t\t\n\t\t\t\t\t\t\t\t\t<div class=\"swiper-pagination\"><\/div>\n\t\t\t\t\t\t\t\t\t<\/div>\n\t\t\t\t\t\t<\/div>\n\t\t\t\t<\/div>\n\t\t\t\t\t<\/div>\n\t\t<\/div>\n\t\t\t\t\t<\/div>\n\t\t<\/section>\n\t\t\t\t<section class=\"elementor-section elementor-top-section elementor-element elementor-element-533f4a94 elementor-section-boxed elementor-section-height-default elementor-section-height-default\" data-id=\"533f4a94\" data-element_type=\"section\" data-e-type=\"section\">\n\t\t\t\t\t\t<div class=\"elementor-container elementor-column-gap-default\">\n\t\t\t\t\t<div class=\"elementor-column elementor-col-100 elementor-top-column elementor-element elementor-element-6a366367\" data-id=\"6a366367\" data-element_type=\"column\" data-e-type=\"column\">\n\t\t\t<div class=\"elementor-widget-wrap elementor-element-populated\">\n\t\t\t\t\t\t<div class=\"elementor-element elementor-element-7f3fdb5a elementor-widget elementor-widget-text-editor\" data-id=\"7f3fdb5a\" data-element_type=\"widget\" data-e-type=\"widget\" data-widget_type=\"text-editor.default\">\n\t\t\t\t<div class=\"elementor-widget-container\">\n\t\t\t\t\t\t\t\t\t<p><b>Route<\/b>: Rundtour ab\/an Gasthof Cosch\u00fctz<\/p><p><b>Duration<\/b>: 1,5 Stunden<\/p><p>Schon im 13. Jahrhundert ist \u201eCoswicz\u201c als slawischer Rundweiler nachgewiesen. Fast alle Bauernh\u00f6fe des alten Dorfes, die nach verh\u00e4ngnisvollen Br\u00e4nden im 18. und 19. Jahrhundert wieder aufgebaut wurden, sind heute noch vorhanden. Altcosch\u00fctz &#8211; ein sackgassenartig erweiterter Rundling \u2013 z\u00e4hlt heute zu den am besten erhaltenen Dorfkernen in Dresden.<\/p><p>Genie\u00dfen Sie die d\u00f6rfliche Idylle und erfreuen Sie sich an den liebevoll sanierten H\u00e4usern. H\u00f6ren Sie Geschichten vom b\u00e4uerlichen Alltag, vom Salbeianbau, von Bergbauversuchen, vom Wachsen der Landgemeinde, vom Bauernastronomen Johann Georg Palitzsch, von bronzezeitlichen Spuren und dem heutigen Leben im Dorf.<\/p>\t\t\t\t\t\t\t\t<\/div>\n\t\t\t\t<\/div>\n\t\t\t\t\t<\/div>\n\t\t<\/div>\n\t\t\t\t\t<\/div>\n\t\t<\/section>\n\t\t\t\t<\/div>","protected":false},"excerpt":{"rendered":"<p>Zur\u00fcck Weiter Route: Rundtour ab\/an Gasthof Cosch\u00fctz Dauer: 1,5 Stunden Schon im 13. Jahrhundert ist \u201eCoswicz\u201c als slawischer Rundweiler nachgewiesen. Fast alle Bauernh\u00f6fe des alten Dorfes, die nach verh\u00e4ngnisvollen Br\u00e4nden im 18. und 19. Jahrhundert wieder aufgebaut wurden, sind heute noch vorhanden. Altcosch\u00fctz &#8211; ein sackgassenartig erweiterter Rundling \u2013 z\u00e4hlt heute zu den am besten [&hellip;]<\/p>\n","protected":false},"author":1,"featured_media":0,"parent":822,"menu_order":4,"comment_status":"closed","ping_status":"closed","template":"","meta":{"ocean_post_layout":"","ocean_both_sidebars_style":"","ocean_both_sidebars_content_width":0,"ocean_both_sidebars_sidebars_width":0,"ocean_sidebar":"","ocean_second_sidebar":"","ocean_disable_margins":"enable","ocean_add_body_class":"","ocean_shortcode_before_top_bar":"","ocean_shortcode_after_top_bar":"","ocean_shortcode_before_header":"","ocean_shortcode_after_header":"","ocean_has_shortcode":"","ocean_shortcode_after_title":"","ocean_shortcode_before_footer_widgets":"","ocean_shortcode_after_footer_widgets":"","ocean_shortcode_before_footer_bottom":"","ocean_shortcode_after_footer_bottom":"","ocean_display_top_bar":"default","ocean_display_header":"default","ocean_header_style":"","ocean_center_header_left_menu":"","ocean_custom_header_template":"","ocean_custom_logo":0,"ocean_custom_retina_logo":0,"ocean_custom_logo_max_width":0,"ocean_custom_logo_tablet_max_width":0,"ocean_custom_logo_mobile_max_width":0,"ocean_custom_logo_max_height":0,"ocean_custom_logo_tablet_max_height":0,"ocean_custom_logo_mobile_max_height":0,"ocean_header_custom_menu":"","ocean_menu_typo_font_family":"","ocean_menu_typo_font_subset":"","ocean_menu_typo_font_size":0,"ocean_menu_typo_font_size_tablet":0,"ocean_menu_typo_font_size_mobile":0,"ocean_menu_typo_font_size_unit":"px","ocean_menu_typo_font_weight":"","ocean_menu_typo_font_weight_tablet":"","ocean_menu_typo_font_weight_mobile":"","ocean_menu_typo_transform":"","ocean_menu_typo_transform_tablet":"","ocean_menu_typo_transform_mobile":"","ocean_menu_typo_line_height":0,"ocean_menu_typo_line_height_tablet":0,"ocean_menu_typo_line_height_mobile":0,"ocean_menu_typo_line_height_unit":"","ocean_menu_typo_spacing":0,"ocean_menu_typo_spacing_tablet":0,"ocean_menu_typo_spacing_mobile":0,"ocean_menu_typo_spacing_unit":"","ocean_menu_link_color":"","ocean_menu_link_color_hover":"","ocean_menu_link_color_active":"","ocean_menu_link_background":"","ocean_menu_link_hover_background":"","ocean_menu_link_active_background":"","ocean_menu_social_links_bg":"","ocean_menu_social_hover_links_bg":"","ocean_menu_social_links_color":"","ocean_menu_social_hover_links_color":"","ocean_disable_title":"default","ocean_disable_heading":"default","ocean_post_title":"","ocean_post_subheading":"","ocean_post_title_style":"","ocean_post_title_background_color":"","ocean_post_title_background":0,"ocean_post_title_bg_image_position":"","ocean_post_title_bg_image_attachment":"","ocean_post_title_bg_image_repeat":"","ocean_post_title_bg_image_size":"","ocean_post_title_height":0,"ocean_post_title_bg_overlay":0.5,"ocean_post_title_bg_overlay_color":"","ocean_disable_breadcrumbs":"default","ocean_breadcrumbs_color":"","ocean_breadcrumbs_separator_color":"","ocean_breadcrumbs_links_color":"","ocean_breadcrumbs_links_hover_color":"","ocean_display_footer_widgets":"default","ocean_display_footer_bottom":"default","ocean_custom_footer_template":"","footnotes":""},"class_list":["post-107","page","type-page","status-publish","hentry","entry"],"_links":{"self":[{"href":"https:\/\/dresden-erkunden.de\/en\/wp-json\/wp\/v2\/pages\/107","targetHints":{"allow":["GET"]}}],"collection":[{"href":"https:\/\/dresden-erkunden.de\/en\/wp-json\/wp\/v2\/pages"}],"about":[{"href":"https:\/\/dresden-erkunden.de\/en\/wp-json\/wp\/v2\/types\/page"}],"author":[{"embeddable":true,"href":"https:\/\/dresden-erkunden.de\/en\/wp-json\/wp\/v2\/users\/1"}],"replies":[{"embeddable":true,"href":"https:\/\/dresden-erkunden.de\/en\/wp-json\/wp\/v2\/comments?post=107"}],"version-history":[{"count":16,"href":"https:\/\/dresden-erkunden.de\/en\/wp-json\/wp\/v2\/pages\/107\/revisions"}],"predecessor-version":[{"id":3074,"href":"https:\/\/dresden-erkunden.de\/en\/wp-json\/wp\/v2\/pages\/107\/revisions\/3074"}],"up":[{"embeddable":true,"href":"https:\/\/dresden-erkunden.de\/en\/wp-json\/wp\/v2\/pages\/822"}],"wp:attachment":[{"href":"https:\/\/dresden-erkunden.de\/en\/wp-json\/wp\/v2\/media?parent=107"}],"curies":[{"name":"wp","href":"https:\/\/api.w.org\/{rel}","templated":true}]}}