{"id":124,"date":"2015-12-05T22:26:05","date_gmt":"2015-12-05T21:26:05","guid":{"rendered":"https:\/\/dresden-erkunden.de\/?page_id=124"},"modified":"2023-04-26T23:49:25","modified_gmt":"2023-04-26T21:49:25","slug":"stadtrundfahrt-mit-besuch-des-schoensten-milchladens-der-welt","status":"publish","type":"page","link":"https:\/\/dresden-erkunden.de\/en\/stadtrundfahrten-in-dresden\/stadtrundfahrt-mit-besuch-des-schoensten-milchladens-der-welt\/","title":{"rendered":"Stadtrundfahrt mit Besuch des &#8222;Sch\u00f6nsten Milchladens der Welt&#8220;"},"content":{"rendered":"<div data-elementor-type=\"wp-page\" data-elementor-id=\"124\" class=\"elementor elementor-124\">\n\t\t\t\t\t\t<section class=\"elementor-section elementor-top-section elementor-element elementor-element-7196467 elementor-section-boxed elementor-section-height-default elementor-section-height-default\" data-id=\"7196467\" data-element_type=\"section\" data-e-type=\"section\">\n\t\t\t\t\t\t<div class=\"elementor-container elementor-column-gap-default\">\n\t\t\t\t\t<div class=\"elementor-column elementor-col-100 elementor-top-column elementor-element elementor-element-90d941f\" data-id=\"90d941f\" data-element_type=\"column\" data-e-type=\"column\">\n\t\t\t<div class=\"elementor-widget-wrap elementor-element-populated\">\n\t\t\t\t\t\t<div class=\"elementor-element elementor-element-06c0782 elementor-arrows-position-inside elementor-pagination-position-outside elementor-widget elementor-widget-image-carousel\" data-id=\"06c0782\" data-element_type=\"widget\" data-e-type=\"widget\" data-settings=\"{&quot;autoplay&quot;:&quot;no&quot;,&quot;image_spacing_custom&quot;:{&quot;unit&quot;:&quot;px&quot;,&quot;size&quot;:3,&quot;sizes&quot;:[]},&quot;infinite&quot;:&quot;no&quot;,&quot;navigation&quot;:&quot;both&quot;,&quot;speed&quot;:500,&quot;image_spacing_custom_tablet&quot;:{&quot;unit&quot;:&quot;px&quot;,&quot;size&quot;:&quot;&quot;,&quot;sizes&quot;:[]},&quot;image_spacing_custom_mobile&quot;:{&quot;unit&quot;:&quot;px&quot;,&quot;size&quot;:&quot;&quot;,&quot;sizes&quot;:[]}}\" data-widget_type=\"image-carousel.default\">\n\t\t\t\t<div class=\"elementor-widget-container\">\n\t\t\t\t\t\t\t<div class=\"elementor-image-carousel-wrapper swiper\" role=\"region\" aria-roledescription=\"carousel\" aria-label=\"Image Carousel\" dir=\"ltr\">\n\t\t\t<div class=\"elementor-image-carousel swiper-wrapper\" aria-live=\"polite\">\n\t\t\t\t\t\t\t\t<div class=\"swiper-slide\" role=\"group\" aria-roledescription=\"slide\" aria-label=\"1 of 8\" data-no-translation-aria-label=\"\"><a data-elementor-open-lightbox=\"yes\" data-elementor-lightbox-slideshow=\"06c0782\" data-elementor-lightbox-title=\"SRF_Milchl_DSC06594_quad\" data-e-action-hash=\"#elementor-action%3Aaction%3Dlightbox%26settings%3DeyJpZCI6MjEwMCwidXJsIjoiaHR0cHM6XC9cL2RyZXNkZW4tZXJrdW5kZW4uZGVcL3dwLWNvbnRlbnRcL3VwbG9hZHNcLzIwMjJcLzEwXC9TUkZfTWlsY2hsX0RTQzA2NTk0X3F1YWQuanBnIiwic2xpZGVzaG93IjoiMDZjMDc4MiJ9\" href=\"https:\/\/dresden-erkunden.de\/wp-content\/uploads\/2022\/10\/SRF_Milchl_DSC06594_quad.jpg\"><figure class=\"swiper-slide-inner\"><img decoding=\"async\" class=\"swiper-slide-image\" src=\"https:\/\/dresden-erkunden.de\/wp-content\/uploads\/2022\/10\/SRF_Milchl_DSC06594_quad-300x300.jpg\" alt=\"SRF_Milchl_DSC06594_quad\" \/><\/figure><\/a><\/div><div class=\"swiper-slide\" role=\"group\" aria-roledescription=\"slide\" aria-label=\"2 of 8\" data-no-translation-aria-label=\"\"><a data-elementor-open-lightbox=\"yes\" data-elementor-lightbox-slideshow=\"06c0782\" data-elementor-lightbox-title=\"SRF_Milchl_DSC06506_quad\" data-e-action-hash=\"#elementor-action%3Aaction%3Dlightbox%26settings%3DeyJpZCI6MjA5OCwidXJsIjoiaHR0cHM6XC9cL2RyZXNkZW4tZXJrdW5kZW4uZGVcL3dwLWNvbnRlbnRcL3VwbG9hZHNcLzIwMjJcLzEwXC9TUkZfTWlsY2hsX0RTQzA2NTA2X3F1YWQuanBnIiwic2xpZGVzaG93IjoiMDZjMDc4MiJ9\" href=\"https:\/\/dresden-erkunden.de\/wp-content\/uploads\/2022\/10\/SRF_Milchl_DSC06506_quad.jpg\"><figure class=\"swiper-slide-inner\"><img decoding=\"async\" class=\"swiper-slide-image\" src=\"https:\/\/dresden-erkunden.de\/wp-content\/uploads\/2022\/10\/SRF_Milchl_DSC06506_quad-300x300.jpg\" alt=\"SRF_Milchl_DSC06506_quad\" \/><\/figure><\/a><\/div><div class=\"swiper-slide\" role=\"group\" aria-roledescription=\"slide\" aria-label=\"3 of 8\" data-no-translation-aria-label=\"\"><a data-elementor-open-lightbox=\"yes\" data-elementor-lightbox-slideshow=\"06c0782\" data-elementor-lightbox-title=\"SRF_Milchl_IMG_8812_quad\" data-e-action-hash=\"#elementor-action%3Aaction%3Dlightbox%26settings%3DeyJpZCI6MjE3OCwidXJsIjoiaHR0cHM6XC9cL2RyZXNkZW4tZXJrdW5kZW4uZGVcL3dwLWNvbnRlbnRcL3VwbG9hZHNcLzIwMjJcLzEwXC9TUkZfTWlsY2hsX0lNR184ODEyX3F1YWQuanBnIiwic2xpZGVzaG93IjoiMDZjMDc4MiJ9\" href=\"https:\/\/dresden-erkunden.de\/wp-content\/uploads\/2022\/10\/SRF_Milchl_IMG_8812_quad.jpg\"><figure class=\"swiper-slide-inner\"><img decoding=\"async\" class=\"swiper-slide-image\" src=\"https:\/\/dresden-erkunden.de\/wp-content\/uploads\/2022\/10\/SRF_Milchl_IMG_8812_quad-300x300.jpg\" alt=\"SRF_Milchl_IMG_8812_quad\" \/><\/figure><\/a><\/div><div class=\"swiper-slide\" role=\"group\" aria-roledescription=\"slide\" aria-label=\"4 of 8\" data-no-translation-aria-label=\"\"><a data-elementor-open-lightbox=\"yes\" data-elementor-lightbox-slideshow=\"06c0782\" data-elementor-lightbox-title=\"SRF_Milchl_DSC06691_quad\" data-e-action-hash=\"#elementor-action%3Aaction%3Dlightbox%26settings%3DeyJpZCI6MjEwMiwidXJsIjoiaHR0cHM6XC9cL2RyZXNkZW4tZXJrdW5kZW4uZGVcL3dwLWNvbnRlbnRcL3VwbG9hZHNcLzIwMjJcLzEwXC9TUkZfTWlsY2hsX0RTQzA2NjkxX3F1YWQuanBnIiwic2xpZGVzaG93IjoiMDZjMDc4MiJ9\" href=\"https:\/\/dresden-erkunden.de\/wp-content\/uploads\/2022\/10\/SRF_Milchl_DSC06691_quad.jpg\"><figure class=\"swiper-slide-inner\"><img decoding=\"async\" class=\"swiper-slide-image\" src=\"https:\/\/dresden-erkunden.de\/wp-content\/uploads\/2022\/10\/SRF_Milchl_DSC06691_quad-300x300.jpg\" alt=\"SRF_Milchl_DSC06691_quad\" \/><\/figure><\/a><\/div><div class=\"swiper-slide\" role=\"group\" aria-roledescription=\"slide\" aria-label=\"5 of 8\" data-no-translation-aria-label=\"\"><a data-elementor-open-lightbox=\"yes\" data-elementor-lightbox-slideshow=\"06c0782\" data-elementor-lightbox-title=\"SRF_Milchl_DSC06460_quad\" data-e-action-hash=\"#elementor-action%3Aaction%3Dlightbox%26settings%3DeyJpZCI6MjA5NywidXJsIjoiaHR0cHM6XC9cL2RyZXNkZW4tZXJrdW5kZW4uZGVcL3dwLWNvbnRlbnRcL3VwbG9hZHNcLzIwMjJcLzEwXC9TUkZfTWlsY2hsX0RTQzA2NDYwX3F1YWQuanBnIiwic2xpZGVzaG93IjoiMDZjMDc4MiJ9\" href=\"https:\/\/dresden-erkunden.de\/wp-content\/uploads\/2022\/10\/SRF_Milchl_DSC06460_quad.jpg\"><figure class=\"swiper-slide-inner\"><img decoding=\"async\" class=\"swiper-slide-image\" src=\"https:\/\/dresden-erkunden.de\/wp-content\/uploads\/2022\/10\/SRF_Milchl_DSC06460_quad-300x300.jpg\" alt=\"SRF_Milchl_DSC06460_quad\" \/><\/figure><\/a><\/div><div class=\"swiper-slide\" role=\"group\" aria-roledescription=\"slide\" aria-label=\"6 of 8\" data-no-translation-aria-label=\"\"><a data-elementor-open-lightbox=\"yes\" data-elementor-lightbox-slideshow=\"06c0782\" data-elementor-lightbox-title=\"SRF_Milchl_DSC06642_quad\" data-e-action-hash=\"#elementor-action%3Aaction%3Dlightbox%26settings%3DeyJpZCI6MjEwMSwidXJsIjoiaHR0cHM6XC9cL2RyZXNkZW4tZXJrdW5kZW4uZGVcL3dwLWNvbnRlbnRcL3VwbG9hZHNcLzIwMjJcLzEwXC9TUkZfTWlsY2hsX0RTQzA2NjQyX3F1YWQuanBnIiwic2xpZGVzaG93IjoiMDZjMDc4MiJ9\" href=\"https:\/\/dresden-erkunden.de\/wp-content\/uploads\/2022\/10\/SRF_Milchl_DSC06642_quad.jpg\"><figure class=\"swiper-slide-inner\"><img decoding=\"async\" class=\"swiper-slide-image\" src=\"https:\/\/dresden-erkunden.de\/wp-content\/uploads\/2022\/10\/SRF_Milchl_DSC06642_quad-300x300.jpg\" alt=\"SRF_Milchl_DSC06642_quad\" \/><\/figure><\/a><\/div><div class=\"swiper-slide\" role=\"group\" aria-roledescription=\"slide\" aria-label=\"7 of 8\" data-no-translation-aria-label=\"\"><a data-elementor-open-lightbox=\"yes\" data-elementor-lightbox-slideshow=\"06c0782\" data-elementor-lightbox-title=\"SRF_Milchl_IMG_9058_quad\" data-e-action-hash=\"#elementor-action%3Aaction%3Dlightbox%26settings%3DeyJpZCI6MjEwMywidXJsIjoiaHR0cHM6XC9cL2RyZXNkZW4tZXJrdW5kZW4uZGVcL3dwLWNvbnRlbnRcL3VwbG9hZHNcLzIwMjJcLzEwXC9TUkZfTWlsY2hsX0lNR185MDU4X3F1YWQuanBnIiwic2xpZGVzaG93IjoiMDZjMDc4MiJ9\" href=\"https:\/\/dresden-erkunden.de\/wp-content\/uploads\/2022\/10\/SRF_Milchl_IMG_9058_quad.jpg\"><figure class=\"swiper-slide-inner\"><img decoding=\"async\" class=\"swiper-slide-image\" src=\"https:\/\/dresden-erkunden.de\/wp-content\/uploads\/2022\/10\/SRF_Milchl_IMG_9058_quad-300x300.jpg\" alt=\"SRF_Milchl_IMG_9058_quad\" \/><\/figure><\/a><\/div><div class=\"swiper-slide\" role=\"group\" aria-roledescription=\"slide\" aria-label=\"8 of 8\" data-no-translation-aria-label=\"\"><a data-elementor-open-lightbox=\"yes\" data-elementor-lightbox-slideshow=\"06c0782\" data-elementor-lightbox-title=\"SRF_Milchl_Loschwitz_3_quad\" data-e-action-hash=\"#elementor-action%3Aaction%3Dlightbox%26settings%3DeyJpZCI6MjEwNCwidXJsIjoiaHR0cHM6XC9cL2RyZXNkZW4tZXJrdW5kZW4uZGVcL3dwLWNvbnRlbnRcL3VwbG9hZHNcLzIwMjJcLzEwXC9TUkZfTWlsY2hsX0xvc2Nod2l0el8zX3F1YWQuanBnIiwic2xpZGVzaG93IjoiMDZjMDc4MiJ9\" href=\"https:\/\/dresden-erkunden.de\/wp-content\/uploads\/2022\/10\/SRF_Milchl_Loschwitz_3_quad.jpg\"><figure class=\"swiper-slide-inner\"><img decoding=\"async\" class=\"swiper-slide-image\" src=\"https:\/\/dresden-erkunden.de\/wp-content\/uploads\/2022\/10\/SRF_Milchl_Loschwitz_3_quad-300x300.jpg\" alt=\"SRF_Milchl_Loschwitz_3_quad\" \/><\/figure><\/a><\/div>\t\t\t<\/div>\n\t\t\t\t\t\t\t\t\t\t\t\t<div class=\"elementor-swiper-button elementor-swiper-button-prev\" role=\"button\" tabindex=\"0\">\n\t\t\t\t\t\t<i aria-hidden=\"true\" class=\"eicon-chevron-left\"><\/i>\t\t\t\t\t<\/div>\n\t\t\t\t\t<div class=\"elementor-swiper-button elementor-swiper-button-next\" role=\"button\" tabindex=\"0\">\n\t\t\t\t\t\t<i aria-hidden=\"true\" class=\"eicon-chevron-right\"><\/i>\t\t\t\t\t<\/div>\n\t\t\t\t\n\t\t\t\t\t\t\t\t\t<div class=\"swiper-pagination\"><\/div>\n\t\t\t\t\t\t\t\t\t<\/div>\n\t\t\t\t\t\t<\/div>\n\t\t\t\t<\/div>\n\t\t\t\t\t<\/div>\n\t\t<\/div>\n\t\t\t\t\t<\/div>\n\t\t<\/section>\n\t\t\t\t<section class=\"elementor-section elementor-top-section elementor-element elementor-element-7e036e04 elementor-section-boxed elementor-section-height-default elementor-section-height-default\" data-id=\"7e036e04\" data-element_type=\"section\" data-e-type=\"section\">\n\t\t\t\t\t\t<div class=\"elementor-container elementor-column-gap-default\">\n\t\t\t\t\t<div class=\"elementor-column elementor-col-100 elementor-top-column elementor-element elementor-element-275aef49\" data-id=\"275aef49\" data-element_type=\"column\" data-e-type=\"column\">\n\t\t\t<div class=\"elementor-widget-wrap elementor-element-populated\">\n\t\t\t\t\t\t<div class=\"elementor-element elementor-element-3aed2aeb elementor-widget elementor-widget-text-editor\" data-id=\"3aed2aeb\" data-element_type=\"widget\" data-e-type=\"widget\" data-widget_type=\"text-editor.default\">\n\t\t\t\t<div class=\"elementor-widget-container\">\n\t\t\t\t\t\t\t\t\t<p><b>Route<\/b>: Stadtzentrum \u2013 Deutsches Hygienemuseum &#8211; Gro\u00dfer Garten &#8211; Gl\u00e4serne Manufaktur \u2013 Striesen \u2013 Johannstadt &#8211; Villenviertel Blasewitz &#8211; Blaues Wunder &#8211; Loschwitz und die Elbschl\u00f6sser &#8211; Milchladen &#8211; Neust\u00e4dter Marktplatz mit Goldenem Reiter &#8211; K\u00f6nigstra\u00dfe &#8211; Neue Synagoge<\/p><p class=\"translation-block\"><strong>Duration:<\/strong> 2 hours<\/p><p>Aus dem Stadtzentrum fahren Sie zun\u00e4chst in Richtung Gro\u00dfer Garten, am Dresdner Fu\u00dfballstadion, dem Deutschen Hygienemuseum und der Gl\u00e4sernen Manufaktur vorbei. Pr\u00e4chtige Villen aus der Zeit des Historismus bzw. Jugendstils werden Ihnen in den Stadtteilen Striesen und Blasewitz begegnen. Bei der Fahrt \u00fcber das \u201eBlaue Wunder\u201c, einer Ende des 19. Jahrhunderts errichteten Stahlfachwerkkonstruktion, h\u00f6ren Sie Geschichten und Legenden, die sich um diese Br\u00fccke ranken und erfahren, was Friedrich Schiller einst mit Dresden verband. Bevor Sie den sch\u00f6nen Blick auf die drei Elbschl\u00f6sser genie\u00dfen k\u00f6nnen, empf\u00e4ngt Sie zun\u00e4chst d\u00f6rfliches Flair in Loschwitz. Entlang der Elbwiesen fahren Sie zur\u00fcck ins Stadtzentrum und \u00fcberqueren erneut die Elbe, um auch die Neust\u00e4dter Seite kennenzulernen.\u00a0<span style=\"font-family: Roboto, sans-serif; font-size: 15px; font-style: normal; font-variant-ligatures: normal; font-variant-caps: normal; font-weight: 400; color: var( --e-global-color-text );\">Ein Stopp am \u201eSch\u00f6nsten Milchladen der Welt\u201c bietet die M\u00f6glichkeit die originelle Innenausstattung des Ladens mit handbemalten Fliesen der Firma Villeroy &amp; Boch zu bewundern.\u00a0<\/span><span style=\"font-size: 15px; color: var( --e-global-color-text );\">Aufwendig sanierte barocke B\u00fcrgerh\u00e4user in der K\u00f6nigstra\u00dfe vermitteln Ihnen einen Eindruck der \u201eNeuen K\u00f6nigstadt\u201c, die Anfang des 18. Jahrhunderts am rechten Elbufer auf Initiative August des Starken entstand.<\/span><\/p><p>Auf der Fahrt zur Altst\u00e4dter Seite zur\u00fcck werden Sie den ber\u00fchmten \u201eCanaletto-Blick\u201c- den sch\u00f6nsten Blick auf Dresdens Stadtsilhouette \u2013 kennenlernen.<\/p><p>In case you don`t have a bus I could rent one.<\/p>\t\t\t\t\t\t\t\t<\/div>\n\t\t\t\t<\/div>\n\t\t\t\t\t<\/div>\n\t\t<\/div>\n\t\t\t\t\t<\/div>\n\t\t<\/section>\n\t\t\t\t<\/div>","protected":false},"excerpt":{"rendered":"<p>Zur\u00fcck Weiter Route: Stadtzentrum \u2013 Deutsches Hygienemuseum &#8211; Gro\u00dfer Garten &#8211; Gl\u00e4serne Manufaktur \u2013 Striesen \u2013 Johannstadt &#8211; Villenviertel Blasewitz &#8211; Blaues Wunder &#8211; Loschwitz und die Elbschl\u00f6sser &#8211; Milchladen &#8211; Neust\u00e4dter Marktplatz mit Goldenem Reiter &#8211; K\u00f6nigstra\u00dfe &#8211; Neue Synagoge Dauer: 2 Stunden Aus dem Stadtzentrum fahren Sie zun\u00e4chst in Richtung Gro\u00dfer Garten, am [&hellip;]<\/p>\n","protected":false},"author":1,"featured_media":0,"parent":831,"menu_order":1,"comment_status":"closed","ping_status":"closed","template":"","meta":{"ocean_post_layout":"","ocean_both_sidebars_style":"","ocean_both_sidebars_content_width":0,"ocean_both_sidebars_sidebars_width":0,"ocean_sidebar":"","ocean_second_sidebar":"","ocean_disable_margins":"enable","ocean_add_body_class":"","ocean_shortcode_before_top_bar":"","ocean_shortcode_after_top_bar":"","ocean_shortcode_before_header":"","ocean_shortcode_after_header":"","ocean_has_shortcode":"","ocean_shortcode_after_title":"","ocean_shortcode_before_footer_widgets":"","ocean_shortcode_after_footer_widgets":"","ocean_shortcode_before_footer_bottom":"","ocean_shortcode_after_footer_bottom":"","ocean_display_top_bar":"default","ocean_display_header":"default","ocean_header_style":"","ocean_center_header_left_menu":"","ocean_custom_header_template":"","ocean_custom_logo":0,"ocean_custom_retina_logo":0,"ocean_custom_logo_max_width":0,"ocean_custom_logo_tablet_max_width":0,"ocean_custom_logo_mobile_max_width":0,"ocean_custom_logo_max_height":0,"ocean_custom_logo_tablet_max_height":0,"ocean_custom_logo_mobile_max_height":0,"ocean_header_custom_menu":"","ocean_menu_typo_font_family":"","ocean_menu_typo_font_subset":"","ocean_menu_typo_font_size":0,"ocean_menu_typo_font_size_tablet":0,"ocean_menu_typo_font_size_mobile":0,"ocean_menu_typo_font_size_unit":"px","ocean_menu_typo_font_weight":"","ocean_menu_typo_font_weight_tablet":"","ocean_menu_typo_font_weight_mobile":"","ocean_menu_typo_transform":"","ocean_menu_typo_transform_tablet":"","ocean_menu_typo_transform_mobile":"","ocean_menu_typo_line_height":0,"ocean_menu_typo_line_height_tablet":0,"ocean_menu_typo_line_height_mobile":0,"ocean_menu_typo_line_height_unit":"","ocean_menu_typo_spacing":0,"ocean_menu_typo_spacing_tablet":0,"ocean_menu_typo_spacing_mobile":0,"ocean_menu_typo_spacing_unit":"","ocean_menu_link_color":"","ocean_menu_link_color_hover":"","ocean_menu_link_color_active":"","ocean_menu_link_background":"","ocean_menu_link_hover_background":"","ocean_menu_link_active_background":"","ocean_menu_social_links_bg":"","ocean_menu_social_hover_links_bg":"","ocean_menu_social_links_color":"","ocean_menu_social_hover_links_color":"","ocean_disable_title":"default","ocean_disable_heading":"default","ocean_post_title":"","ocean_post_subheading":"","ocean_post_title_style":"","ocean_post_title_background_color":"","ocean_post_title_background":0,"ocean_post_title_bg_image_position":"","ocean_post_title_bg_image_attachment":"","ocean_post_title_bg_image_repeat":"","ocean_post_title_bg_image_size":"","ocean_post_title_height":0,"ocean_post_title_bg_overlay":0.5,"ocean_post_title_bg_overlay_color":"","ocean_disable_breadcrumbs":"default","ocean_breadcrumbs_color":"","ocean_breadcrumbs_separator_color":"","ocean_breadcrumbs_links_color":"","ocean_breadcrumbs_links_hover_color":"","ocean_display_footer_widgets":"default","ocean_display_footer_bottom":"default","ocean_custom_footer_template":"","footnotes":""},"class_list":["post-124","page","type-page","status-publish","hentry","entry"],"_links":{"self":[{"href":"https:\/\/dresden-erkunden.de\/en\/wp-json\/wp\/v2\/pages\/124","targetHints":{"allow":["GET"]}}],"collection":[{"href":"https:\/\/dresden-erkunden.de\/en\/wp-json\/wp\/v2\/pages"}],"about":[{"href":"https:\/\/dresden-erkunden.de\/en\/wp-json\/wp\/v2\/types\/page"}],"author":[{"embeddable":true,"href":"https:\/\/dresden-erkunden.de\/en\/wp-json\/wp\/v2\/users\/1"}],"replies":[{"embeddable":true,"href":"https:\/\/dresden-erkunden.de\/en\/wp-json\/wp\/v2\/comments?post=124"}],"version-history":[{"count":28,"href":"https:\/\/dresden-erkunden.de\/en\/wp-json\/wp\/v2\/pages\/124\/revisions"}],"predecessor-version":[{"id":3109,"href":"https:\/\/dresden-erkunden.de\/en\/wp-json\/wp\/v2\/pages\/124\/revisions\/3109"}],"up":[{"embeddable":true,"href":"https:\/\/dresden-erkunden.de\/en\/wp-json\/wp\/v2\/pages\/831"}],"wp:attachment":[{"href":"https:\/\/dresden-erkunden.de\/en\/wp-json\/wp\/v2\/media?parent=124"}],"curies":[{"name":"wp","href":"https:\/\/api.w.org\/{rel}","templated":true}]}}