{"id":127,"date":"2015-12-05T22:28:14","date_gmt":"2015-12-05T21:28:14","guid":{"rendered":"https:\/\/dresden-erkunden.de\/?page_id=127"},"modified":"2023-04-26T23:50:02","modified_gmt":"2023-04-26T21:50:02","slug":"stadtrundfahrt-in-dresden-mit-rundgang-durch-die-dresdner-altstadt","status":"publish","type":"page","link":"https:\/\/dresden-erkunden.de\/en\/stadtrundfahrten-in-dresden\/stadtrundfahrt-in-dresden-mit-rundgang-durch-die-dresdner-altstadt\/","title":{"rendered":"Sightseeing Tour in Dresden with Walking Tour of the Old Town"},"content":{"rendered":"<div data-elementor-type=\"wp-page\" data-elementor-id=\"127\" class=\"elementor elementor-127\">\n\t\t\t\t\t\t<section class=\"elementor-section elementor-top-section elementor-element elementor-element-44444b6 elementor-section-boxed elementor-section-height-default elementor-section-height-default\" data-id=\"44444b6\" data-element_type=\"section\" data-e-type=\"section\">\n\t\t\t\t\t\t<div class=\"elementor-container elementor-column-gap-default\">\n\t\t\t\t\t<div class=\"elementor-column elementor-col-100 elementor-top-column elementor-element elementor-element-1e6c504\" data-id=\"1e6c504\" data-element_type=\"column\" data-e-type=\"column\">\n\t\t\t<div class=\"elementor-widget-wrap elementor-element-populated\">\n\t\t\t\t\t\t<div class=\"elementor-element elementor-element-41189d9 elementor-arrows-position-inside elementor-pagination-position-outside elementor-widget elementor-widget-image-carousel\" data-id=\"41189d9\" data-element_type=\"widget\" data-e-type=\"widget\" data-settings=\"{&quot;autoplay&quot;:&quot;no&quot;,&quot;image_spacing_custom&quot;:{&quot;unit&quot;:&quot;px&quot;,&quot;size&quot;:3,&quot;sizes&quot;:[]},&quot;infinite&quot;:&quot;no&quot;,&quot;navigation&quot;:&quot;both&quot;,&quot;speed&quot;:500,&quot;image_spacing_custom_tablet&quot;:{&quot;unit&quot;:&quot;px&quot;,&quot;size&quot;:&quot;&quot;,&quot;sizes&quot;:[]},&quot;image_spacing_custom_mobile&quot;:{&quot;unit&quot;:&quot;px&quot;,&quot;size&quot;:&quot;&quot;,&quot;sizes&quot;:[]}}\" data-widget_type=\"image-carousel.default\">\n\t\t\t\t<div class=\"elementor-widget-container\">\n\t\t\t\t\t\t\t<div class=\"elementor-image-carousel-wrapper swiper\" role=\"region\" aria-roledescription=\"carousel\" aria-label=\"Image Carousel\" dir=\"ltr\">\n\t\t\t<div class=\"elementor-image-carousel swiper-wrapper\" aria-live=\"polite\">\n\t\t\t\t\t\t\t\t<div class=\"swiper-slide\" role=\"group\" aria-roledescription=\"slide\" aria-label=\"1 of 9\" data-no-translation-aria-label=\"\"><a data-elementor-open-lightbox=\"yes\" data-elementor-lightbox-slideshow=\"41189d9\" data-elementor-lightbox-title=\"SRF_Altstadt_IMG_1587_quad\" data-e-action-hash=\"#elementor-action%3Aaction%3Dlightbox%26settings%3DeyJpZCI6MjA5MCwidXJsIjoiaHR0cHM6XC9cL2RyZXNkZW4tZXJrdW5kZW4uZGVcL3dwLWNvbnRlbnRcL3VwbG9hZHNcLzIwMjJcLzEwXC9TUkZfQWx0c3RhZHRfSU1HXzE1ODdfcXVhZC5qcGciLCJzbGlkZXNob3ciOiI0MTE4OWQ5In0%3D\" href=\"https:\/\/dresden-erkunden.de\/wp-content\/uploads\/2022\/10\/SRF_Altstadt_IMG_1587_quad.jpg\"><figure class=\"swiper-slide-inner\"><img decoding=\"async\" class=\"swiper-slide-image\" src=\"https:\/\/dresden-erkunden.de\/wp-content\/uploads\/2022\/10\/SRF_Altstadt_IMG_1587_quad-300x300.jpg\" alt=\"SRF_Altstadt_IMG_1587_quad\" \/><\/figure><\/a><\/div><div class=\"swiper-slide\" role=\"group\" aria-roledescription=\"slide\" aria-label=\"2 of 9\" data-no-translation-aria-label=\"\"><a data-elementor-open-lightbox=\"yes\" data-elementor-lightbox-slideshow=\"41189d9\" data-elementor-lightbox-title=\"SRF_Altstadt_DSC06512_quad\" data-e-action-hash=\"#elementor-action%3Aaction%3Dlightbox%26settings%3DeyJpZCI6MjA4NSwidXJsIjoiaHR0cHM6XC9cL2RyZXNkZW4tZXJrdW5kZW4uZGVcL3dwLWNvbnRlbnRcL3VwbG9hZHNcLzIwMjJcLzEwXC9TUkZfQWx0c3RhZHRfRFNDMDY1MTJfcXVhZC5qcGciLCJzbGlkZXNob3ciOiI0MTE4OWQ5In0%3D\" href=\"https:\/\/dresden-erkunden.de\/wp-content\/uploads\/2022\/10\/SRF_Altstadt_DSC06512_quad.jpg\"><figure class=\"swiper-slide-inner\"><img decoding=\"async\" class=\"swiper-slide-image\" src=\"https:\/\/dresden-erkunden.de\/wp-content\/uploads\/2022\/10\/SRF_Altstadt_DSC06512_quad-300x300.jpg\" alt=\"SRF_Altstadt_DSC06512_quad\" \/><\/figure><\/a><\/div><div class=\"swiper-slide\" role=\"group\" aria-roledescription=\"slide\" aria-label=\"3 of 9\" data-no-translation-aria-label=\"\"><a data-elementor-open-lightbox=\"yes\" data-elementor-lightbox-slideshow=\"41189d9\" data-elementor-lightbox-title=\"SRF_Altstadt_DSC06545_quad\" data-e-action-hash=\"#elementor-action%3Aaction%3Dlightbox%26settings%3DeyJpZCI6MjA4NiwidXJsIjoiaHR0cHM6XC9cL2RyZXNkZW4tZXJrdW5kZW4uZGVcL3dwLWNvbnRlbnRcL3VwbG9hZHNcLzIwMjJcLzEwXC9TUkZfQWx0c3RhZHRfRFNDMDY1NDVfcXVhZC5qcGciLCJzbGlkZXNob3ciOiI0MTE4OWQ5In0%3D\" href=\"https:\/\/dresden-erkunden.de\/wp-content\/uploads\/2022\/10\/SRF_Altstadt_DSC06545_quad.jpg\"><figure class=\"swiper-slide-inner\"><img decoding=\"async\" class=\"swiper-slide-image\" src=\"https:\/\/dresden-erkunden.de\/wp-content\/uploads\/2022\/10\/SRF_Altstadt_DSC06545_quad-300x300.jpg\" alt=\"SRF_Altstadt_DSC06545_quad\" \/><\/figure><\/a><\/div><div class=\"swiper-slide\" role=\"group\" aria-roledescription=\"slide\" aria-label=\"4 of 9\" data-no-translation-aria-label=\"\"><a data-elementor-open-lightbox=\"yes\" data-elementor-lightbox-slideshow=\"41189d9\" data-elementor-lightbox-title=\"SRF_Altstadt_Loschwitz_3_quad\" data-e-action-hash=\"#elementor-action%3Aaction%3Dlightbox%26settings%3DeyJpZCI6MjA5MSwidXJsIjoiaHR0cHM6XC9cL2RyZXNkZW4tZXJrdW5kZW4uZGVcL3dwLWNvbnRlbnRcL3VwbG9hZHNcLzIwMjJcLzEwXC9TUkZfQWx0c3RhZHRfTG9zY2h3aXR6XzNfcXVhZC5qcGciLCJzbGlkZXNob3ciOiI0MTE4OWQ5In0%3D\" href=\"https:\/\/dresden-erkunden.de\/wp-content\/uploads\/2022\/10\/SRF_Altstadt_Loschwitz_3_quad.jpg\"><figure class=\"swiper-slide-inner\"><img decoding=\"async\" class=\"swiper-slide-image\" src=\"https:\/\/dresden-erkunden.de\/wp-content\/uploads\/2022\/10\/SRF_Altstadt_Loschwitz_3_quad-300x300.jpg\" alt=\"SRF_Altstadt_Loschwitz_3_quad\" \/><\/figure><\/a><\/div><div class=\"swiper-slide\" role=\"group\" aria-roledescription=\"slide\" aria-label=\"5 of 9\" data-no-translation-aria-label=\"\"><a data-elementor-open-lightbox=\"yes\" data-elementor-lightbox-slideshow=\"41189d9\" data-elementor-lightbox-title=\"SRF_Altstadt_DSC06687_quad\" data-e-action-hash=\"#elementor-action%3Aaction%3Dlightbox%26settings%3DeyJpZCI6MjA4OSwidXJsIjoiaHR0cHM6XC9cL2RyZXNkZW4tZXJrdW5kZW4uZGVcL3dwLWNvbnRlbnRcL3VwbG9hZHNcLzIwMjJcLzEwXC9TUkZfQWx0c3RhZHRfRFNDMDY2ODdfcXVhZC5qcGciLCJzbGlkZXNob3ciOiI0MTE4OWQ5In0%3D\" href=\"https:\/\/dresden-erkunden.de\/wp-content\/uploads\/2022\/10\/SRF_Altstadt_DSC06687_quad.jpg\"><figure class=\"swiper-slide-inner\"><img decoding=\"async\" class=\"swiper-slide-image\" src=\"https:\/\/dresden-erkunden.de\/wp-content\/uploads\/2022\/10\/SRF_Altstadt_DSC06687_quad-300x300.jpg\" alt=\"SRF_Altstadt_DSC06687_quad\" \/><\/figure><\/a><\/div><div class=\"swiper-slide\" role=\"group\" aria-roledescription=\"slide\" aria-label=\"6 of 9\" data-no-translation-aria-label=\"\"><a data-elementor-open-lightbox=\"yes\" data-elementor-lightbox-slideshow=\"41189d9\" data-elementor-lightbox-title=\"SRF_Altstadt_DSC06642_quad\" data-e-action-hash=\"#elementor-action%3Aaction%3Dlightbox%26settings%3DeyJpZCI6MjA4OCwidXJsIjoiaHR0cHM6XC9cL2RyZXNkZW4tZXJrdW5kZW4uZGVcL3dwLWNvbnRlbnRcL3VwbG9hZHNcLzIwMjJcLzEwXC9TUkZfQWx0c3RhZHRfRFNDMDY2NDJfcXVhZC5qcGciLCJzbGlkZXNob3ciOiI0MTE4OWQ5In0%3D\" href=\"https:\/\/dresden-erkunden.de\/wp-content\/uploads\/2022\/10\/SRF_Altstadt_DSC06642_quad.jpg\"><figure class=\"swiper-slide-inner\"><img decoding=\"async\" class=\"swiper-slide-image\" src=\"https:\/\/dresden-erkunden.de\/wp-content\/uploads\/2022\/10\/SRF_Altstadt_DSC06642_quad-300x300.jpg\" alt=\"SRF_Altstadt_DSC06642_quad\" \/><\/figure><\/a><\/div><div class=\"swiper-slide\" role=\"group\" aria-roledescription=\"slide\" aria-label=\"7 of 9\" data-no-translation-aria-label=\"\"><a data-elementor-open-lightbox=\"yes\" data-elementor-lightbox-slideshow=\"41189d9\" data-elementor-lightbox-title=\"SRF_Altstadt_DSC06594_quad\" data-e-action-hash=\"#elementor-action%3Aaction%3Dlightbox%26settings%3DeyJpZCI6MjA4NywidXJsIjoiaHR0cHM6XC9cL2RyZXNkZW4tZXJrdW5kZW4uZGVcL3dwLWNvbnRlbnRcL3VwbG9hZHNcLzIwMjJcLzEwXC9TUkZfQWx0c3RhZHRfRFNDMDY1OTRfcXVhZC5qcGciLCJzbGlkZXNob3ciOiI0MTE4OWQ5In0%3D\" href=\"https:\/\/dresden-erkunden.de\/wp-content\/uploads\/2022\/10\/SRF_Altstadt_DSC06594_quad.jpg\"><figure class=\"swiper-slide-inner\"><img decoding=\"async\" class=\"swiper-slide-image\" src=\"https:\/\/dresden-erkunden.de\/wp-content\/uploads\/2022\/10\/SRF_Altstadt_DSC06594_quad-300x300.jpg\" alt=\"SRF_Altstadt_DSC06594_quad\" \/><\/figure><\/a><\/div><div class=\"swiper-slide\" role=\"group\" aria-roledescription=\"slide\" aria-label=\"8 of 9\" data-no-translation-aria-label=\"\"><a data-elementor-open-lightbox=\"yes\" data-elementor-lightbox-slideshow=\"41189d9\" data-elementor-lightbox-title=\"SRF_Altstadt_DSC06506_quad\" data-e-action-hash=\"#elementor-action%3Aaction%3Dlightbox%26settings%3DeyJpZCI6MjA4NCwidXJsIjoiaHR0cHM6XC9cL2RyZXNkZW4tZXJrdW5kZW4uZGVcL3dwLWNvbnRlbnRcL3VwbG9hZHNcLzIwMjJcLzEwXC9TUkZfQWx0c3RhZHRfRFNDMDY1MDZfcXVhZC5qcGciLCJzbGlkZXNob3ciOiI0MTE4OWQ5In0%3D\" href=\"https:\/\/dresden-erkunden.de\/wp-content\/uploads\/2022\/10\/SRF_Altstadt_DSC06506_quad.jpg\"><figure class=\"swiper-slide-inner\"><img decoding=\"async\" class=\"swiper-slide-image\" src=\"https:\/\/dresden-erkunden.de\/wp-content\/uploads\/2022\/10\/SRF_Altstadt_DSC06506_quad-300x300.jpg\" alt=\"SRF_Altstadt_DSC06506_quad\" \/><\/figure><\/a><\/div><div class=\"swiper-slide\" role=\"group\" aria-roledescription=\"slide\" aria-label=\"9 of 9\" data-no-translation-aria-label=\"\"><a data-elementor-open-lightbox=\"yes\" data-elementor-lightbox-slideshow=\"41189d9\" data-elementor-lightbox-title=\"SRF_Altstadt_DSC06460_quad\" data-e-action-hash=\"#elementor-action%3Aaction%3Dlightbox%26settings%3DeyJpZCI6MjA4MywidXJsIjoiaHR0cHM6XC9cL2RyZXNkZW4tZXJrdW5kZW4uZGVcL3dwLWNvbnRlbnRcL3VwbG9hZHNcLzIwMjJcLzEwXC9TUkZfQWx0c3RhZHRfRFNDMDY0NjBfcXVhZC5qcGciLCJzbGlkZXNob3ciOiI0MTE4OWQ5In0%3D\" href=\"https:\/\/dresden-erkunden.de\/wp-content\/uploads\/2022\/10\/SRF_Altstadt_DSC06460_quad.jpg\"><figure class=\"swiper-slide-inner\"><img decoding=\"async\" class=\"swiper-slide-image\" src=\"https:\/\/dresden-erkunden.de\/wp-content\/uploads\/2022\/10\/SRF_Altstadt_DSC06460_quad-300x300.jpg\" alt=\"SRF_Altstadt_DSC06460_quad\" \/><\/figure><\/a><\/div>\t\t\t<\/div>\n\t\t\t\t\t\t\t\t\t\t\t\t<div class=\"elementor-swiper-button elementor-swiper-button-prev\" role=\"button\" tabindex=\"0\">\n\t\t\t\t\t\t<i aria-hidden=\"true\" class=\"eicon-chevron-left\"><\/i>\t\t\t\t\t<\/div>\n\t\t\t\t\t<div class=\"elementor-swiper-button elementor-swiper-button-next\" role=\"button\" tabindex=\"0\">\n\t\t\t\t\t\t<i aria-hidden=\"true\" class=\"eicon-chevron-right\"><\/i>\t\t\t\t\t<\/div>\n\t\t\t\t\n\t\t\t\t\t\t\t\t\t<div class=\"swiper-pagination\"><\/div>\n\t\t\t\t\t\t\t\t\t<\/div>\n\t\t\t\t\t\t<\/div>\n\t\t\t\t<\/div>\n\t\t\t\t\t<\/div>\n\t\t<\/div>\n\t\t\t\t\t<\/div>\n\t\t<\/section>\n\t\t\t\t<section class=\"elementor-section elementor-top-section elementor-element elementor-element-5960006d elementor-section-boxed elementor-section-height-default elementor-section-height-default\" data-id=\"5960006d\" data-element_type=\"section\" data-e-type=\"section\">\n\t\t\t\t\t\t<div class=\"elementor-container elementor-column-gap-default\">\n\t\t\t\t\t<div class=\"elementor-column elementor-col-100 elementor-top-column elementor-element elementor-element-5d93be9a\" data-id=\"5d93be9a\" data-element_type=\"column\" data-e-type=\"column\">\n\t\t\t<div class=\"elementor-widget-wrap elementor-element-populated\">\n\t\t\t\t\t\t<div class=\"elementor-element elementor-element-717fe9fd elementor-widget elementor-widget-text-editor\" data-id=\"717fe9fd\" data-element_type=\"widget\" data-e-type=\"widget\" data-widget_type=\"text-editor.default\">\n\t\t\t\t<div class=\"elementor-widget-container\">\n\t\t\t\t\t\t\t\t\t<p class=\"translation-block\"><b>Route<\/b>: City centre \u2013 Dresden Football Stadium - German Museum of Hygiene \u2013 Gro\u00dfer Garten park \u2013 Transparent Factory \u2013 districts Striesen, Johannstadt and Blasewitz \u2013 Blue Wonder bridge \u2013 Elbe castles \u2013 \u00c4u\u00dfere Neustadt quarter \u2013 Innere Neustadt quarter with Golden Horseman \u2013 King\u2019s Street \u2013 Synagogue \u2013 Bruehl Terrace<\/p><p><b>Duration<\/b>: 3 hours<\/p><p><span style=\"font-size: 15px; color: var( --e-global-color-text );\">This tour will give you an overview of both sides of the Elbe. You will surely be amazed how much green Dresden has to offer and how the interplay of architecture and nature fascinates again and again.\nLeaving the city centre you will first go in the direction of Gro\u00dfer Garten park and pass the Dresden Football Stadium, the German Museum of Hygiene and the Transparent Factory. You will encounter magnificent villas from the period of Historicism and Art Nouveau in the districts of Striesen and Blasewitz.<\/span><\/p><p>During the trip over the Blue Wonder bridge you will hear some stories and legends about this bridge and learn what Friedrich Schiller once associated with Dresden. Before you can enjoy the beautiful view of the Loschwitz Elbe slopes and the three Elbe castles you will be first welcomed by village flair in Loschwitz. Along the Elbe meadows you return to the city centre and cross the Elbe again to get to know the Neustadt side as well.<\/p><p>A visit to what the Guinness Book of Records calls \u201ethe most beautiful milk shop in the world\u201c or a walking tour through the Kunsthof Passage offer you the opportunity to get to know something oft he special charm of the quarter \u00c4u\u00dfere Neustadt.<\/p><p>During the subsequent walking tour from the Zwinger to the Church of Our Lady you will see the highlights of the Baroque city centre and learn about Dresden`s over 800-year history.<\/p><p>In case you don`t have a bus I could rent one.<\/p>\t\t\t\t\t\t\t\t<\/div>\n\t\t\t\t<\/div>\n\t\t\t\t\t<\/div>\n\t\t<\/div>\n\t\t\t\t\t<\/div>\n\t\t<\/section>\n\t\t\t\t<\/div>","protected":false},"excerpt":{"rendered":"<p>Zur\u00fcck Weiter Route: Stadtzentrum \u2013 Deutsches Hygienemuseum &#8211; Gro\u00dfer Garten &#8211; Gl\u00e4serne Manufaktur \u2013 Striesen &#8211; Johannstadt &#8211; Villenviertel Blasewitz &#8211; Blaues Wunder &#8211; Loschwitz und die Elbschl\u00f6sser \u2013 \u00c4u\u00dfere Neustadt &#8211; Innere Neustadt mit Goldenem Reiter und K\u00f6nigstra\u00dfe &#8211; Synagoge &#8211; Br\u00fchlsche Terrasse Dauer: 3 Stunden Aus dem Stadtzentrum fahren Sie zun\u00e4chst in Richtung [&hellip;]<\/p>\n","protected":false},"author":1,"featured_media":0,"parent":831,"menu_order":2,"comment_status":"closed","ping_status":"closed","template":"","meta":{"ocean_post_layout":"","ocean_both_sidebars_style":"","ocean_both_sidebars_content_width":0,"ocean_both_sidebars_sidebars_width":0,"ocean_sidebar":"","ocean_second_sidebar":"","ocean_disable_margins":"enable","ocean_add_body_class":"","ocean_shortcode_before_top_bar":"","ocean_shortcode_after_top_bar":"","ocean_shortcode_before_header":"","ocean_shortcode_after_header":"","ocean_has_shortcode":"","ocean_shortcode_after_title":"","ocean_shortcode_before_footer_widgets":"","ocean_shortcode_after_footer_widgets":"","ocean_shortcode_before_footer_bottom":"","ocean_shortcode_after_footer_bottom":"","ocean_display_top_bar":"default","ocean_display_header":"default","ocean_header_style":"","ocean_center_header_left_menu":"","ocean_custom_header_template":"","ocean_custom_logo":0,"ocean_custom_retina_logo":0,"ocean_custom_logo_max_width":0,"ocean_custom_logo_tablet_max_width":0,"ocean_custom_logo_mobile_max_width":0,"ocean_custom_logo_max_height":0,"ocean_custom_logo_tablet_max_height":0,"ocean_custom_logo_mobile_max_height":0,"ocean_header_custom_menu":"","ocean_menu_typo_font_family":"","ocean_menu_typo_font_subset":"","ocean_menu_typo_font_size":0,"ocean_menu_typo_font_size_tablet":0,"ocean_menu_typo_font_size_mobile":0,"ocean_menu_typo_font_size_unit":"px","ocean_menu_typo_font_weight":"","ocean_menu_typo_font_weight_tablet":"","ocean_menu_typo_font_weight_mobile":"","ocean_menu_typo_transform":"","ocean_menu_typo_transform_tablet":"","ocean_menu_typo_transform_mobile":"","ocean_menu_typo_line_height":0,"ocean_menu_typo_line_height_tablet":0,"ocean_menu_typo_line_height_mobile":0,"ocean_menu_typo_line_height_unit":"","ocean_menu_typo_spacing":0,"ocean_menu_typo_spacing_tablet":0,"ocean_menu_typo_spacing_mobile":0,"ocean_menu_typo_spacing_unit":"","ocean_menu_link_color":"","ocean_menu_link_color_hover":"","ocean_menu_link_color_active":"","ocean_menu_link_background":"","ocean_menu_link_hover_background":"","ocean_menu_link_active_background":"","ocean_menu_social_links_bg":"","ocean_menu_social_hover_links_bg":"","ocean_menu_social_links_color":"","ocean_menu_social_hover_links_color":"","ocean_disable_title":"default","ocean_disable_heading":"default","ocean_post_title":"","ocean_post_subheading":"","ocean_post_title_style":"","ocean_post_title_background_color":"","ocean_post_title_background":0,"ocean_post_title_bg_image_position":"","ocean_post_title_bg_image_attachment":"","ocean_post_title_bg_image_repeat":"","ocean_post_title_bg_image_size":"","ocean_post_title_height":0,"ocean_post_title_bg_overlay":0.5,"ocean_post_title_bg_overlay_color":"","ocean_disable_breadcrumbs":"default","ocean_breadcrumbs_color":"","ocean_breadcrumbs_separator_color":"","ocean_breadcrumbs_links_color":"","ocean_breadcrumbs_links_hover_color":"","ocean_display_footer_widgets":"default","ocean_display_footer_bottom":"default","ocean_custom_footer_template":"","footnotes":""},"class_list":["post-127","page","type-page","status-publish","hentry","entry"],"_links":{"self":[{"href":"https:\/\/dresden-erkunden.de\/en\/wp-json\/wp\/v2\/pages\/127","targetHints":{"allow":["GET"]}}],"collection":[{"href":"https:\/\/dresden-erkunden.de\/en\/wp-json\/wp\/v2\/pages"}],"about":[{"href":"https:\/\/dresden-erkunden.de\/en\/wp-json\/wp\/v2\/types\/page"}],"author":[{"embeddable":true,"href":"https:\/\/dresden-erkunden.de\/en\/wp-json\/wp\/v2\/users\/1"}],"replies":[{"embeddable":true,"href":"https:\/\/dresden-erkunden.de\/en\/wp-json\/wp\/v2\/comments?post=127"}],"version-history":[{"count":21,"href":"https:\/\/dresden-erkunden.de\/en\/wp-json\/wp\/v2\/pages\/127\/revisions"}],"predecessor-version":[{"id":3179,"href":"https:\/\/dresden-erkunden.de\/en\/wp-json\/wp\/v2\/pages\/127\/revisions\/3179"}],"up":[{"embeddable":true,"href":"https:\/\/dresden-erkunden.de\/en\/wp-json\/wp\/v2\/pages\/831"}],"wp:attachment":[{"href":"https:\/\/dresden-erkunden.de\/en\/wp-json\/wp\/v2\/media?parent=127"}],"curies":[{"name":"wp","href":"https:\/\/api.w.org\/{rel}","templated":true}]}}