{"id":142,"date":"2015-12-05T22:29:58","date_gmt":"2015-12-05T21:29:58","guid":{"rendered":"https:\/\/dresden-erkunden.de\/?page_id=142"},"modified":"2023-04-26T23:50:03","modified_gmt":"2023-04-26T21:50:03","slug":"stadtrundfahrt-zu-neuer-architektur","status":"publish","type":"page","link":"https:\/\/dresden-erkunden.de\/en\/stadtrundfahrten-in-dresden\/stadtrundfahrt-zu-neuer-architektur\/","title":{"rendered":"Stadtrundfahrt zu neuer Architektur"},"content":{"rendered":"<div data-elementor-type=\"wp-page\" data-elementor-id=\"142\" class=\"elementor elementor-142\">\n\t\t\t\t\t\t<section class=\"elementor-section elementor-top-section elementor-element elementor-element-b97f872 elementor-section-boxed elementor-section-height-default elementor-section-height-default\" data-id=\"b97f872\" data-element_type=\"section\" data-e-type=\"section\">\n\t\t\t\t\t\t<div class=\"elementor-container elementor-column-gap-default\">\n\t\t\t\t\t<div class=\"elementor-column elementor-col-100 elementor-top-column elementor-element elementor-element-ddc9faa\" data-id=\"ddc9faa\" data-element_type=\"column\" data-e-type=\"column\">\n\t\t\t<div class=\"elementor-widget-wrap elementor-element-populated\">\n\t\t\t\t\t\t<div class=\"elementor-element elementor-element-4b9926f elementor-arrows-position-inside elementor-pagination-position-outside elementor-widget elementor-widget-image-carousel\" data-id=\"4b9926f\" data-element_type=\"widget\" data-e-type=\"widget\" data-settings=\"{&quot;autoplay&quot;:&quot;no&quot;,&quot;image_spacing_custom&quot;:{&quot;unit&quot;:&quot;px&quot;,&quot;size&quot;:3,&quot;sizes&quot;:[]},&quot;infinite&quot;:&quot;no&quot;,&quot;navigation&quot;:&quot;both&quot;,&quot;speed&quot;:500,&quot;image_spacing_custom_tablet&quot;:{&quot;unit&quot;:&quot;px&quot;,&quot;size&quot;:&quot;&quot;,&quot;sizes&quot;:[]},&quot;image_spacing_custom_mobile&quot;:{&quot;unit&quot;:&quot;px&quot;,&quot;size&quot;:&quot;&quot;,&quot;sizes&quot;:[]}}\" data-widget_type=\"image-carousel.default\">\n\t\t\t\t<div class=\"elementor-widget-container\">\n\t\t\t\t\t\t\t<div class=\"elementor-image-carousel-wrapper swiper\" role=\"region\" aria-roledescription=\"carousel\" aria-label=\"Image Carousel\" dir=\"ltr\">\n\t\t\t<div class=\"elementor-image-carousel swiper-wrapper\" aria-live=\"polite\">\n\t\t\t\t\t\t\t\t<div class=\"swiper-slide\" role=\"group\" aria-roledescription=\"slide\" aria-label=\"1 of 6\" data-no-translation-aria-label=\"\"><a data-elementor-open-lightbox=\"yes\" data-elementor-lightbox-slideshow=\"4b9926f\" data-elementor-lightbox-title=\"SRF_neueArch_DSC06642_quad\" data-e-action-hash=\"#elementor-action%3Aaction%3Dlightbox%26settings%3DeyJpZCI6MjEwOSwidXJsIjoiaHR0cHM6XC9cL2RyZXNkZW4tZXJrdW5kZW4uZGVcL3dwLWNvbnRlbnRcL3VwbG9hZHNcLzIwMjJcLzEwXC9TUkZfbmV1ZUFyY2hfRFNDMDY2NDJfcXVhZC5qcGciLCJzbGlkZXNob3ciOiI0Yjk5MjZmIn0%3D\" href=\"https:\/\/dresden-erkunden.de\/wp-content\/uploads\/2022\/10\/SRF_neueArch_DSC06642_quad.jpg\"><figure class=\"swiper-slide-inner\"><img decoding=\"async\" class=\"swiper-slide-image\" src=\"https:\/\/dresden-erkunden.de\/wp-content\/uploads\/2022\/10\/SRF_neueArch_DSC06642_quad-300x300.jpg\" alt=\"SRF_neueArch_DSC06642_quad\" \/><\/figure><\/a><\/div><div class=\"swiper-slide\" role=\"group\" aria-roledescription=\"slide\" aria-label=\"2 of 6\" data-no-translation-aria-label=\"\"><a data-elementor-open-lightbox=\"yes\" data-elementor-lightbox-slideshow=\"4b9926f\" data-elementor-lightbox-title=\"SRF_neueArch_IMG_0291_quad\" data-e-action-hash=\"#elementor-action%3Aaction%3Dlightbox%26settings%3DeyJpZCI6MjExMCwidXJsIjoiaHR0cHM6XC9cL2RyZXNkZW4tZXJrdW5kZW4uZGVcL3dwLWNvbnRlbnRcL3VwbG9hZHNcLzIwMjJcLzEwXC9TUkZfbmV1ZUFyY2hfSU1HXzAyOTFfcXVhZC5qcGciLCJzbGlkZXNob3ciOiI0Yjk5MjZmIn0%3D\" href=\"https:\/\/dresden-erkunden.de\/wp-content\/uploads\/2022\/10\/SRF_neueArch_IMG_0291_quad.jpg\"><figure class=\"swiper-slide-inner\"><img decoding=\"async\" class=\"swiper-slide-image\" src=\"https:\/\/dresden-erkunden.de\/wp-content\/uploads\/2022\/10\/SRF_neueArch_IMG_0291_quad-300x300.jpg\" alt=\"SRF_neueArch_IMG_0291_quad\" \/><\/figure><\/a><\/div><div class=\"swiper-slide\" role=\"group\" aria-roledescription=\"slide\" aria-label=\"3 of 6\" data-no-translation-aria-label=\"\"><a data-elementor-open-lightbox=\"yes\" data-elementor-lightbox-slideshow=\"4b9926f\" data-elementor-lightbox-title=\"SRF_neueArch_DSC06623_quad\" data-e-action-hash=\"#elementor-action%3Aaction%3Dlightbox%26settings%3DeyJpZCI6MjEwOCwidXJsIjoiaHR0cHM6XC9cL2RyZXNkZW4tZXJrdW5kZW4uZGVcL3dwLWNvbnRlbnRcL3VwbG9hZHNcLzIwMjJcLzEwXC9TUkZfbmV1ZUFyY2hfRFNDMDY2MjNfcXVhZC5qcGciLCJzbGlkZXNob3ciOiI0Yjk5MjZmIn0%3D\" href=\"https:\/\/dresden-erkunden.de\/wp-content\/uploads\/2022\/10\/SRF_neueArch_DSC06623_quad.jpg\"><figure class=\"swiper-slide-inner\"><img decoding=\"async\" class=\"swiper-slide-image\" src=\"https:\/\/dresden-erkunden.de\/wp-content\/uploads\/2022\/10\/SRF_neueArch_DSC06623_quad-300x300.jpg\" alt=\"SRF_neueArch_DSC06623_quad\" \/><\/figure><\/a><\/div><div class=\"swiper-slide\" role=\"group\" aria-roledescription=\"slide\" aria-label=\"4 of 6\" data-no-translation-aria-label=\"\"><a data-elementor-open-lightbox=\"yes\" data-elementor-lightbox-slideshow=\"4b9926f\" data-elementor-lightbox-title=\"SRF_neueArch_Dresden_6_quad\" data-e-action-hash=\"#elementor-action%3Aaction%3Dlightbox%26settings%3DeyJpZCI6MjEwNSwidXJsIjoiaHR0cHM6XC9cL2RyZXNkZW4tZXJrdW5kZW4uZGVcL3dwLWNvbnRlbnRcL3VwbG9hZHNcLzIwMjJcLzEwXC9TUkZfbmV1ZUFyY2hfRHJlc2Rlbl82X3F1YWQuanBnIiwic2xpZGVzaG93IjoiNGI5OTI2ZiJ9\" href=\"https:\/\/dresden-erkunden.de\/wp-content\/uploads\/2022\/10\/SRF_neueArch_Dresden_6_quad.jpg\"><figure class=\"swiper-slide-inner\"><img decoding=\"async\" class=\"swiper-slide-image\" src=\"https:\/\/dresden-erkunden.de\/wp-content\/uploads\/2022\/10\/SRF_neueArch_Dresden_6_quad-300x300.jpg\" alt=\"SRF_neueArch_Dresden_6_quad\" \/><\/figure><\/a><\/div><div class=\"swiper-slide\" role=\"group\" aria-roledescription=\"slide\" aria-label=\"5 of 6\" data-no-translation-aria-label=\"\"><a data-elementor-open-lightbox=\"yes\" data-elementor-lightbox-slideshow=\"4b9926f\" data-elementor-lightbox-title=\"SRF_neueArch_DSC06600_quad\" data-e-action-hash=\"#elementor-action%3Aaction%3Dlightbox%26settings%3DeyJpZCI6MjEwNywidXJsIjoiaHR0cHM6XC9cL2RyZXNkZW4tZXJrdW5kZW4uZGVcL3dwLWNvbnRlbnRcL3VwbG9hZHNcLzIwMjJcLzEwXC9TUkZfbmV1ZUFyY2hfRFNDMDY2MDBfcXVhZC5qcGciLCJzbGlkZXNob3ciOiI0Yjk5MjZmIn0%3D\" href=\"https:\/\/dresden-erkunden.de\/wp-content\/uploads\/2022\/10\/SRF_neueArch_DSC06600_quad.jpg\"><figure class=\"swiper-slide-inner\"><img decoding=\"async\" class=\"swiper-slide-image\" src=\"https:\/\/dresden-erkunden.de\/wp-content\/uploads\/2022\/10\/SRF_neueArch_DSC06600_quad-298x300.jpg\" alt=\"SRF_neueArch_DSC06600_quad\" \/><\/figure><\/a><\/div><div class=\"swiper-slide\" role=\"group\" aria-roledescription=\"slide\" aria-label=\"6 of 6\" data-no-translation-aria-label=\"\"><a data-elementor-open-lightbox=\"yes\" data-elementor-lightbox-slideshow=\"4b9926f\" data-elementor-lightbox-title=\"SRF_neueArch_DSC06588_quad\" data-e-action-hash=\"#elementor-action%3Aaction%3Dlightbox%26settings%3DeyJpZCI6MjEwNiwidXJsIjoiaHR0cHM6XC9cL2RyZXNkZW4tZXJrdW5kZW4uZGVcL3dwLWNvbnRlbnRcL3VwbG9hZHNcLzIwMjJcLzEwXC9TUkZfbmV1ZUFyY2hfRFNDMDY1ODhfcXVhZC5qcGciLCJzbGlkZXNob3ciOiI0Yjk5MjZmIn0%3D\" href=\"https:\/\/dresden-erkunden.de\/wp-content\/uploads\/2022\/10\/SRF_neueArch_DSC06588_quad.jpg\"><figure class=\"swiper-slide-inner\"><img decoding=\"async\" class=\"swiper-slide-image\" src=\"https:\/\/dresden-erkunden.de\/wp-content\/uploads\/2022\/10\/SRF_neueArch_DSC06588_quad-300x300.jpg\" alt=\"SRF_neueArch_DSC06588_quad\" \/><\/figure><\/a><\/div>\t\t\t<\/div>\n\t\t\t\t\t\t\t\t\t\t\t\t<div class=\"elementor-swiper-button elementor-swiper-button-prev\" role=\"button\" tabindex=\"0\">\n\t\t\t\t\t\t<i aria-hidden=\"true\" class=\"eicon-chevron-left\"><\/i>\t\t\t\t\t<\/div>\n\t\t\t\t\t<div class=\"elementor-swiper-button elementor-swiper-button-next\" role=\"button\" tabindex=\"0\">\n\t\t\t\t\t\t<i aria-hidden=\"true\" class=\"eicon-chevron-right\"><\/i>\t\t\t\t\t<\/div>\n\t\t\t\t\n\t\t\t\t\t\t\t\t\t<div class=\"swiper-pagination\"><\/div>\n\t\t\t\t\t\t\t\t\t<\/div>\n\t\t\t\t\t\t<\/div>\n\t\t\t\t<\/div>\n\t\t\t\t\t<\/div>\n\t\t<\/div>\n\t\t\t\t\t<\/div>\n\t\t<\/section>\n\t\t\t\t<section class=\"elementor-section elementor-top-section elementor-element elementor-element-9a2271a elementor-section-boxed elementor-section-height-default elementor-section-height-default\" data-id=\"9a2271a\" data-element_type=\"section\" data-e-type=\"section\">\n\t\t\t\t\t\t<div class=\"elementor-container elementor-column-gap-default\">\n\t\t\t\t\t<div class=\"elementor-column elementor-col-100 elementor-top-column elementor-element elementor-element-3bad74ed\" data-id=\"3bad74ed\" data-element_type=\"column\" data-e-type=\"column\">\n\t\t\t<div class=\"elementor-widget-wrap elementor-element-populated\">\n\t\t\t\t\t\t<div class=\"elementor-element elementor-element-48bf8fd elementor-widget elementor-widget-text-editor\" data-id=\"48bf8fd\" data-element_type=\"widget\" data-e-type=\"widget\" data-widget_type=\"text-editor.default\">\n\t\t\t\t<div class=\"elementor-widget-container\">\n\t\t\t\t\t\t\t\t\t<p><b>Route<\/b>: Stadtzentrum \u2013 S\u00e4chsischer Landtag \u2013 Kongresszentrum \u2013 Messe Dresden \u2013<br \/>Ufa-Kristallpalast \u2013 Hauptbahnhof \u2013H\u00f6rsaalzentrum SLUB \u2013 Gl\u00e4serne Manufaktur \u2013 St. Benno-Gymnasium \u2013 Lahmann-Wohnpark \u2013 Milit\u00e4rhistorisches Museum &#8211; Stadtzentrum<\/p><p class=\"translation-block\"><strong>Duration:<\/strong> 2 hours<\/p><p>Auf dieser Rundfahrt sollen vor allem die in den letzten 30 Jahren neu errichteten Bauwerke im Mittelpunkt stehen.<\/p><p>Sie fahren am S\u00e4chsischen Landtag und dem Kongresszentrum vorbei und weiter zur Dresdner Messe. Dort, wo sich am Anfang des 20. Jahrhunderts der gr\u00f6\u00dfte und modernste Schlachthof Europas befand, laden heute multifunktionale Hallen zu Messen und Konzerten ein. An den Sportanlagen im Ostragehege vorbei geht es wieder in Richtung Innenstadt. Sie passieren den Ufa-Kristallpalast und den Hauptbahnhof und erreichen den Campus der Technischen Universit\u00e4t mit neu errichteten Forschungsinstituten, dem H\u00f6rsaalzentrum, der SLUB und sanierten Wohnheimen.<\/p><p>Bevor sie einige der modernen Forschungseinrichtungen in der Johannstadt sehen werden, f\u00fchrt die Tour an der Gl\u00e4sernen Manufaktur und am St. Benno-Gymnasium vorbei.<\/p><p>Auf dem Areal des ehemaligen Lahmannschen Sanatoriums auf dem Wei\u00dfen Hirsch ist ein neuer Wohnpark entstanden. Ein kurzer Stopp gibt Ihnen die M\u00f6glichkeit, etwas zur wechselvollen Geschichte des ehemaligen Sanatoriums und \u00fcber das neue Nutzungskonzept zu erfahren.<\/p><p>Ein heftiger Br\u00fcckenstreit erhitzte jahrelang die Gem\u00fcter in Dresden \u2013 auch Sie d\u00fcrfen beurteilen, ob die Waldschl\u00f6sschenbr\u00fccke eine architektonisch gelungene Leistung darstellt. Bevor der Bus Sie wieder zum Stadtzentrum zur\u00fcckbringt, soll Ihnen noch das Milit\u00e4rhistorische Museum der Bundeswehr gezeigt werden.<\/p><p>In case you don`t have a bus I could rent one.<\/p>\t\t\t\t\t\t\t\t<\/div>\n\t\t\t\t<\/div>\n\t\t\t\t\t<\/div>\n\t\t<\/div>\n\t\t\t\t\t<\/div>\n\t\t<\/section>\n\t\t\t\t<\/div>","protected":false},"excerpt":{"rendered":"<p>Zur\u00fcck Weiter Route: Stadtzentrum \u2013 S\u00e4chsischer Landtag \u2013 Kongresszentrum \u2013 Messe Dresden \u2013Ufa-Kristallpalast \u2013 Hauptbahnhof \u2013H\u00f6rsaalzentrum SLUB \u2013 Gl\u00e4serne Manufaktur \u2013 St. Benno-Gymnasium \u2013 Lahmann-Wohnpark \u2013 Milit\u00e4rhistorisches Museum &#8211; Stadtzentrum Dauer: 2 Stunden Auf dieser Rundfahrt sollen vor allem die in den letzten 30 Jahren neu errichteten Bauwerke im Mittelpunkt stehen. Sie fahren am S\u00e4chsischen [&hellip;]<\/p>\n","protected":false},"author":1,"featured_media":0,"parent":831,"menu_order":3,"comment_status":"closed","ping_status":"closed","template":"","meta":{"ocean_post_layout":"","ocean_both_sidebars_style":"","ocean_both_sidebars_content_width":0,"ocean_both_sidebars_sidebars_width":0,"ocean_sidebar":"","ocean_second_sidebar":"","ocean_disable_margins":"enable","ocean_add_body_class":"","ocean_shortcode_before_top_bar":"","ocean_shortcode_after_top_bar":"","ocean_shortcode_before_header":"","ocean_shortcode_after_header":"","ocean_has_shortcode":"","ocean_shortcode_after_title":"","ocean_shortcode_before_footer_widgets":"","ocean_shortcode_after_footer_widgets":"","ocean_shortcode_before_footer_bottom":"","ocean_shortcode_after_footer_bottom":"","ocean_display_top_bar":"default","ocean_display_header":"default","ocean_header_style":"","ocean_center_header_left_menu":"","ocean_custom_header_template":"","ocean_custom_logo":0,"ocean_custom_retina_logo":0,"ocean_custom_logo_max_width":0,"ocean_custom_logo_tablet_max_width":0,"ocean_custom_logo_mobile_max_width":0,"ocean_custom_logo_max_height":0,"ocean_custom_logo_tablet_max_height":0,"ocean_custom_logo_mobile_max_height":0,"ocean_header_custom_menu":"","ocean_menu_typo_font_family":"","ocean_menu_typo_font_subset":"","ocean_menu_typo_font_size":0,"ocean_menu_typo_font_size_tablet":0,"ocean_menu_typo_font_size_mobile":0,"ocean_menu_typo_font_size_unit":"px","ocean_menu_typo_font_weight":"","ocean_menu_typo_font_weight_tablet":"","ocean_menu_typo_font_weight_mobile":"","ocean_menu_typo_transform":"","ocean_menu_typo_transform_tablet":"","ocean_menu_typo_transform_mobile":"","ocean_menu_typo_line_height":0,"ocean_menu_typo_line_height_tablet":0,"ocean_menu_typo_line_height_mobile":0,"ocean_menu_typo_line_height_unit":"","ocean_menu_typo_spacing":0,"ocean_menu_typo_spacing_tablet":0,"ocean_menu_typo_spacing_mobile":0,"ocean_menu_typo_spacing_unit":"","ocean_menu_link_color":"","ocean_menu_link_color_hover":"","ocean_menu_link_color_active":"","ocean_menu_link_background":"","ocean_menu_link_hover_background":"","ocean_menu_link_active_background":"","ocean_menu_social_links_bg":"","ocean_menu_social_hover_links_bg":"","ocean_menu_social_links_color":"","ocean_menu_social_hover_links_color":"","ocean_disable_title":"default","ocean_disable_heading":"default","ocean_post_title":"","ocean_post_subheading":"","ocean_post_title_style":"","ocean_post_title_background_color":"","ocean_post_title_background":0,"ocean_post_title_bg_image_position":"","ocean_post_title_bg_image_attachment":"","ocean_post_title_bg_image_repeat":"","ocean_post_title_bg_image_size":"","ocean_post_title_height":0,"ocean_post_title_bg_overlay":0.5,"ocean_post_title_bg_overlay_color":"","ocean_disable_breadcrumbs":"default","ocean_breadcrumbs_color":"","ocean_breadcrumbs_separator_color":"","ocean_breadcrumbs_links_color":"","ocean_breadcrumbs_links_hover_color":"","ocean_display_footer_widgets":"default","ocean_display_footer_bottom":"default","ocean_custom_footer_template":"","footnotes":""},"class_list":["post-142","page","type-page","status-publish","hentry","entry"],"_links":{"self":[{"href":"https:\/\/dresden-erkunden.de\/en\/wp-json\/wp\/v2\/pages\/142","targetHints":{"allow":["GET"]}}],"collection":[{"href":"https:\/\/dresden-erkunden.de\/en\/wp-json\/wp\/v2\/pages"}],"about":[{"href":"https:\/\/dresden-erkunden.de\/en\/wp-json\/wp\/v2\/types\/page"}],"author":[{"embeddable":true,"href":"https:\/\/dresden-erkunden.de\/en\/wp-json\/wp\/v2\/users\/1"}],"replies":[{"embeddable":true,"href":"https:\/\/dresden-erkunden.de\/en\/wp-json\/wp\/v2\/comments?post=142"}],"version-history":[{"count":15,"href":"https:\/\/dresden-erkunden.de\/en\/wp-json\/wp\/v2\/pages\/142\/revisions"}],"predecessor-version":[{"id":3190,"href":"https:\/\/dresden-erkunden.de\/en\/wp-json\/wp\/v2\/pages\/142\/revisions\/3190"}],"up":[{"embeddable":true,"href":"https:\/\/dresden-erkunden.de\/en\/wp-json\/wp\/v2\/pages\/831"}],"wp:attachment":[{"href":"https:\/\/dresden-erkunden.de\/en\/wp-json\/wp\/v2\/media?parent=142"}],"curies":[{"name":"wp","href":"https:\/\/api.w.org\/{rel}","templated":true}]}}