{"id":164,"date":"2015-12-06T19:23:37","date_gmt":"2015-12-06T18:23:37","guid":{"rendered":"https:\/\/dresden-erkunden.de\/?page_id=164"},"modified":"2024-01-26T13:31:10","modified_gmt":"2024-01-26T12:31:10","slug":"erzgebirge-und-seiffen","status":"publish","type":"page","link":"https:\/\/dresden-erkunden.de\/en\/ausfluege-in-die-umgebung-von-dresden\/erzgebirge-und-seiffen\/","title":{"rendered":"Erzgebirge und Seiffen"},"content":{"rendered":"<div data-elementor-type=\"wp-page\" data-elementor-id=\"164\" class=\"elementor elementor-164\">\n\t\t\t\t\t\t<section class=\"elementor-section elementor-top-section elementor-element elementor-element-547664b elementor-section-boxed elementor-section-height-default elementor-section-height-default\" data-id=\"547664b\" data-element_type=\"section\" data-e-type=\"section\">\n\t\t\t\t\t\t<div class=\"elementor-container elementor-column-gap-default\">\n\t\t\t\t\t<div class=\"elementor-column elementor-col-100 elementor-top-column elementor-element elementor-element-7954bf1\" data-id=\"7954bf1\" data-element_type=\"column\" data-e-type=\"column\">\n\t\t\t<div class=\"elementor-widget-wrap elementor-element-populated\">\n\t\t\t\t\t\t<div class=\"elementor-element elementor-element-0a64f2c elementor-arrows-position-inside elementor-pagination-position-outside elementor-widget elementor-widget-image-carousel\" data-id=\"0a64f2c\" data-element_type=\"widget\" data-e-type=\"widget\" data-settings=\"{&quot;autoplay&quot;:&quot;no&quot;,&quot;infinite&quot;:&quot;no&quot;,&quot;navigation&quot;:&quot;both&quot;,&quot;speed&quot;:500}\" data-widget_type=\"image-carousel.default\">\n\t\t\t\t<div class=\"elementor-widget-container\">\n\t\t\t\t\t\t\t<div class=\"elementor-image-carousel-wrapper swiper\" role=\"region\" aria-roledescription=\"carousel\" aria-label=\"Image Carousel\" dir=\"ltr\">\n\t\t\t<div class=\"elementor-image-carousel swiper-wrapper\" aria-live=\"polite\">\n\t\t\t\t\t\t\t\t<div class=\"swiper-slide\" role=\"group\" aria-roledescription=\"slide\" aria-label=\"1 of 8\" data-no-translation-aria-label=\"\"><a data-elementor-open-lightbox=\"yes\" data-elementor-lightbox-slideshow=\"0a64f2c\" data-elementor-lightbox-title=\"Erz_Seiffen_IMG_E2467_quad\" data-e-action-hash=\"#elementor-action%3Aaction%3Dlightbox%26settings%3DeyJpZCI6MzMxMiwidXJsIjoiaHR0cHM6XC9cL2RyZXNkZW4tZXJrdW5kZW4uZGVcL3dwLWNvbnRlbnRcL3VwbG9hZHNcLzIwMjRcLzAxXC9FcnpfU2VpZmZlbl9JTUdfRTI0NjdfcXVhZC5qcGciLCJzbGlkZXNob3ciOiIwYTY0ZjJjIn0%3D\" href=\"https:\/\/dresden-erkunden.de\/wp-content\/uploads\/2024\/01\/Erz_Seiffen_IMG_E2467_quad.jpg\"><figure class=\"swiper-slide-inner\"><img decoding=\"async\" class=\"swiper-slide-image\" src=\"https:\/\/dresden-erkunden.de\/wp-content\/uploads\/2024\/01\/Erz_Seiffen_IMG_E2467_quad-300x300.jpg\" alt=\"Erz_Seiffen_IMG_E2467_quad\" \/><\/figure><\/a><\/div><div class=\"swiper-slide\" role=\"group\" aria-roledescription=\"slide\" aria-label=\"2 of 8\" data-no-translation-aria-label=\"\"><a data-elementor-open-lightbox=\"yes\" data-elementor-lightbox-slideshow=\"0a64f2c\" data-elementor-lightbox-title=\"Erz_DSC07459_quad\" data-e-action-hash=\"#elementor-action%3Aaction%3Dlightbox%26settings%3DeyJpZCI6MTkwOCwidXJsIjoiaHR0cHM6XC9cL2RyZXNkZW4tZXJrdW5kZW4uZGVcL3dwLWNvbnRlbnRcL3VwbG9hZHNcLzIwMjJcLzEwXC9FcnpfRFNDMDc0NTlfcXVhZC5qcGciLCJzbGlkZXNob3ciOiIwYTY0ZjJjIn0%3D\" href=\"https:\/\/dresden-erkunden.de\/wp-content\/uploads\/2022\/10\/Erz_DSC07459_quad.jpg\"><figure class=\"swiper-slide-inner\"><img decoding=\"async\" class=\"swiper-slide-image\" src=\"https:\/\/dresden-erkunden.de\/wp-content\/uploads\/2022\/10\/Erz_DSC07459_quad-300x300.jpg\" alt=\"Erz_DSC07459_quad\" \/><\/figure><\/a><\/div><div class=\"swiper-slide\" role=\"group\" aria-roledescription=\"slide\" aria-label=\"3 of 8\" data-no-translation-aria-label=\"\"><a data-elementor-open-lightbox=\"yes\" data-elementor-lightbox-slideshow=\"0a64f2c\" data-elementor-lightbox-title=\"Erz_DSC07456_quad\" data-e-action-hash=\"#elementor-action%3Aaction%3Dlightbox%26settings%3DeyJpZCI6MTkwNywidXJsIjoiaHR0cHM6XC9cL2RyZXNkZW4tZXJrdW5kZW4uZGVcL3dwLWNvbnRlbnRcL3VwbG9hZHNcLzIwMjJcLzEwXC9FcnpfRFNDMDc0NTZfcXVhZC5qcGciLCJzbGlkZXNob3ciOiIwYTY0ZjJjIn0%3D\" href=\"https:\/\/dresden-erkunden.de\/wp-content\/uploads\/2022\/10\/Erz_DSC07456_quad.jpg\"><figure class=\"swiper-slide-inner\"><img decoding=\"async\" class=\"swiper-slide-image\" src=\"https:\/\/dresden-erkunden.de\/wp-content\/uploads\/2022\/10\/Erz_DSC07456_quad-300x300.jpg\" alt=\"Erz_DSC07456_quad\" \/><\/figure><\/a><\/div><div class=\"swiper-slide\" role=\"group\" aria-roledescription=\"slide\" aria-label=\"4 of 8\" data-no-translation-aria-label=\"\"><a data-elementor-open-lightbox=\"yes\" data-elementor-lightbox-slideshow=\"0a64f2c\" data-elementor-lightbox-title=\"Erz_Seiffen_IMG_E2472_quad\" data-e-action-hash=\"#elementor-action%3Aaction%3Dlightbox%26settings%3DeyJpZCI6MzMxNCwidXJsIjoiaHR0cHM6XC9cL2RyZXNkZW4tZXJrdW5kZW4uZGVcL3dwLWNvbnRlbnRcL3VwbG9hZHNcLzIwMjRcLzAxXC9FcnpfU2VpZmZlbl9JTUdfRTI0NzJfcXVhZC5qcGciLCJzbGlkZXNob3ciOiIwYTY0ZjJjIn0%3D\" href=\"https:\/\/dresden-erkunden.de\/wp-content\/uploads\/2024\/01\/Erz_Seiffen_IMG_E2472_quad.jpg\"><figure class=\"swiper-slide-inner\"><img decoding=\"async\" class=\"swiper-slide-image\" src=\"https:\/\/dresden-erkunden.de\/wp-content\/uploads\/2024\/01\/Erz_Seiffen_IMG_E2472_quad-300x300.jpg\" alt=\"Erz_Seiffen_IMG_E2472_quad\" \/><\/figure><\/a><\/div><div class=\"swiper-slide\" role=\"group\" aria-roledescription=\"slide\" aria-label=\"5 of 8\" data-no-translation-aria-label=\"\"><a data-elementor-open-lightbox=\"yes\" data-elementor-lightbox-slideshow=\"0a64f2c\" data-elementor-lightbox-title=\"Erz_Seiffen_IMG_E2469_quad\" data-e-action-hash=\"#elementor-action%3Aaction%3Dlightbox%26settings%3DeyJpZCI6MzMxMywidXJsIjoiaHR0cHM6XC9cL2RyZXNkZW4tZXJrdW5kZW4uZGVcL3dwLWNvbnRlbnRcL3VwbG9hZHNcLzIwMjRcLzAxXC9FcnpfU2VpZmZlbl9JTUdfRTI0NjlfcXVhZC5qcGciLCJzbGlkZXNob3ciOiIwYTY0ZjJjIn0%3D\" href=\"https:\/\/dresden-erkunden.de\/wp-content\/uploads\/2024\/01\/Erz_Seiffen_IMG_E2469_quad.jpg\"><figure class=\"swiper-slide-inner\"><img decoding=\"async\" class=\"swiper-slide-image\" src=\"https:\/\/dresden-erkunden.de\/wp-content\/uploads\/2024\/01\/Erz_Seiffen_IMG_E2469_quad-300x300.jpg\" alt=\"Erz_Seiffen_IMG_E2469_quad\" \/><\/figure><\/a><\/div><div class=\"swiper-slide\" role=\"group\" aria-roledescription=\"slide\" aria-label=\"6 of 8\" data-no-translation-aria-label=\"\"><a data-elementor-open-lightbox=\"yes\" data-elementor-lightbox-slideshow=\"0a64f2c\" data-elementor-lightbox-title=\"Erz_Seiffen_IMG_2485_quad\" data-e-action-hash=\"#elementor-action%3Aaction%3Dlightbox%26settings%3DeyJpZCI6MzMxMSwidXJsIjoiaHR0cHM6XC9cL2RyZXNkZW4tZXJrdW5kZW4uZGVcL3dwLWNvbnRlbnRcL3VwbG9hZHNcLzIwMjRcLzAxXC9FcnpfU2VpZmZlbl9JTUdfMjQ4NV9xdWFkLmpwZyIsInNsaWRlc2hvdyI6IjBhNjRmMmMifQ%3D%3D\" href=\"https:\/\/dresden-erkunden.de\/wp-content\/uploads\/2024\/01\/Erz_Seiffen_IMG_2485_quad.jpg\"><figure class=\"swiper-slide-inner\"><img decoding=\"async\" class=\"swiper-slide-image\" src=\"https:\/\/dresden-erkunden.de\/wp-content\/uploads\/2024\/01\/Erz_Seiffen_IMG_2485_quad-300x300.jpg\" alt=\"Erz_Seiffen_IMG_2485_quad\" \/><\/figure><\/a><\/div><div class=\"swiper-slide\" role=\"group\" aria-roledescription=\"slide\" aria-label=\"7 of 8\" data-no-translation-aria-label=\"\"><a data-elementor-open-lightbox=\"yes\" data-elementor-lightbox-slideshow=\"0a64f2c\" data-elementor-lightbox-title=\"Erz_Seiffen_IMG_2481_quad\" data-e-action-hash=\"#elementor-action%3Aaction%3Dlightbox%26settings%3DeyJpZCI6MzMxMCwidXJsIjoiaHR0cHM6XC9cL2RyZXNkZW4tZXJrdW5kZW4uZGVcL3dwLWNvbnRlbnRcL3VwbG9hZHNcLzIwMjRcLzAxXC9FcnpfU2VpZmZlbl9JTUdfMjQ4MV9xdWFkLmpwZyIsInNsaWRlc2hvdyI6IjBhNjRmMmMifQ%3D%3D\" href=\"https:\/\/dresden-erkunden.de\/wp-content\/uploads\/2024\/01\/Erz_Seiffen_IMG_2481_quad.jpg\"><figure class=\"swiper-slide-inner\"><img decoding=\"async\" class=\"swiper-slide-image\" src=\"https:\/\/dresden-erkunden.de\/wp-content\/uploads\/2024\/01\/Erz_Seiffen_IMG_2481_quad-300x300.jpg\" alt=\"Erz_Seiffen_IMG_2481_quad\" \/><\/figure><\/a><\/div><div class=\"swiper-slide\" role=\"group\" aria-roledescription=\"slide\" aria-label=\"8 of 8\" data-no-translation-aria-label=\"\"><a data-elementor-open-lightbox=\"yes\" data-elementor-lightbox-slideshow=\"0a64f2c\" data-elementor-lightbox-title=\"Erz_Seiffen_IMG_2478_quad\" data-e-action-hash=\"#elementor-action%3Aaction%3Dlightbox%26settings%3DeyJpZCI6MzMwOSwidXJsIjoiaHR0cHM6XC9cL2RyZXNkZW4tZXJrdW5kZW4uZGVcL3dwLWNvbnRlbnRcL3VwbG9hZHNcLzIwMjRcLzAxXC9FcnpfU2VpZmZlbl9JTUdfMjQ3OF9xdWFkLmpwZyIsInNsaWRlc2hvdyI6IjBhNjRmMmMifQ%3D%3D\" href=\"https:\/\/dresden-erkunden.de\/wp-content\/uploads\/2024\/01\/Erz_Seiffen_IMG_2478_quad.jpg\"><figure class=\"swiper-slide-inner\"><img decoding=\"async\" class=\"swiper-slide-image\" src=\"https:\/\/dresden-erkunden.de\/wp-content\/uploads\/2024\/01\/Erz_Seiffen_IMG_2478_quad-300x300.jpg\" alt=\"Erz_Seiffen_IMG_2478_quad\" \/><\/figure><\/a><\/div>\t\t\t<\/div>\n\t\t\t\t\t\t\t\t\t\t\t\t<div class=\"elementor-swiper-button elementor-swiper-button-prev\" role=\"button\" tabindex=\"0\">\n\t\t\t\t\t\t<i aria-hidden=\"true\" class=\"eicon-chevron-left\"><\/i>\t\t\t\t\t<\/div>\n\t\t\t\t\t<div class=\"elementor-swiper-button elementor-swiper-button-next\" role=\"button\" tabindex=\"0\">\n\t\t\t\t\t\t<i aria-hidden=\"true\" class=\"eicon-chevron-right\"><\/i>\t\t\t\t\t<\/div>\n\t\t\t\t\n\t\t\t\t\t\t\t\t\t<div class=\"swiper-pagination\"><\/div>\n\t\t\t\t\t\t\t\t\t<\/div>\n\t\t\t\t\t\t<\/div>\n\t\t\t\t<\/div>\n\t\t\t\t\t<\/div>\n\t\t<\/div>\n\t\t\t\t\t<\/div>\n\t\t<\/section>\n\t\t\t\t<section class=\"elementor-section elementor-top-section elementor-element elementor-element-19819068 elementor-section-boxed elementor-section-height-default elementor-section-height-default\" data-id=\"19819068\" data-element_type=\"section\" data-e-type=\"section\">\n\t\t\t\t\t\t<div class=\"elementor-container elementor-column-gap-default\">\n\t\t\t\t\t<div class=\"elementor-column elementor-col-100 elementor-top-column elementor-element elementor-element-52d20ede\" data-id=\"52d20ede\" data-element_type=\"column\" data-e-type=\"column\">\n\t\t\t<div class=\"elementor-widget-wrap elementor-element-populated\">\n\t\t\t\t\t\t<div class=\"elementor-element elementor-element-43f5948f elementor-widget elementor-widget-text-editor\" data-id=\"43f5948f\" data-element_type=\"widget\" data-e-type=\"widget\" data-widget_type=\"text-editor.default\">\n\t\t\t\t<div class=\"elementor-widget-container\">\n\t\t\t\t\t\t\t\t\t<p>\u201eAlles kommt vom Bergbau\u201c \u2013 diesem Spruch begegnet man im Erzgebirge h\u00e4ufig, da der\u00a0Bergbau \u00fcber viele Jahrhunderte diese einzigartige Kulturlandschaft gepr\u00e4gt hat.<\/p>\n<p>Ihre Fahrt f\u00fchrt zun\u00e4chst in die ca. 40 Kilometer von Dresden entfernte Silberstadt Freiberg.\u00a0Die ersten Silberfunde vor ca. 850 Jahren machten den Ort am Fu\u00dfe des\u00a0Erzgebirges zu einer reichen Stadt. Auf Ihrem Rundgang durch das\u00a0 Stadtzentrum k\u00f6nnen\u00a0Sie sich davon \u00fcberzeugen.<\/p>\n<p>Am Obermarkt stehen das Rathaus und sch\u00f6ne Renaissance-B\u00fcrgerh\u00e4user, am Untermarkt\u00a0befindet sich der Dom St. Marien. Bei einer Domf\u00fchrung sehen Sie die \u201eGoldene Pforte\u201c, die\u00a0Bergmanns- und die Tulpenkanzel oder auch die beiden Orgeln des ber\u00fchmten s\u00e4chsischen\u00a0Orgelbaumeisters Gottfried Silbermann.<\/p>\n<p>Freiberg besitzt das gr\u00f6\u00dfte und \u00e4lteste Silberbergwerk Sachsens. Sie k\u00f6nnen die Sch\u00e4chte\u00a0\u201eReiche Zeche\u201c oder \u201eAlte Elisabeth\u201c besichtigen oder im Schloss Freudenstein in der\u00a0Ausstellung \u201eterra mineralia\u201c die \u00fcber 3500 Mineralien, Edelsteine und Meteoriten von f\u00fcnf\u00a0Kontinenten bestaunen.<\/p>\n<p>Entlang der Silberstra\u00dfe fahren Sie anschlie\u00dfend durch die malerische Erzgebirgslandschaft\u00a0bis zum Spielzeugdorf Seiffen. Dort erfahren Sie, dass die Urspr\u00fcnge des Ortes auf den\u00a0Zinnbergbau im 13. Jahrhundert zur\u00fcckgehen. Zinn wurde durch Auswaschen bzw.\u00a0\u201eAusseifen\u201c zinnhaltiger Erdmassen gewonnen, was auch den Namen des Ortes erkl\u00e4ren\u00a0k\u00f6nnte.<\/p>\n<p>Mit dem R\u00fcckgang des Bergbaus wurden seit Mitte des 18. Jahrhunderts in den\u00a0Bergmannsfamilien als Zuerwerb schlichte Gebrauchsgegenst\u00e4nde gedrechselt, sp\u00e4ter dann\u00a0auch kleine Spielzeugfiguren hergestellt. Beim Besuch einer Schauwerkstatt k\u00f6nnen Sie sich\u00a0vor Ort ein Bild machen, wie diese Kunst des Holzdrechselns von Generation zu Generation\u00a0weitergegeben und vervollkommnet wurde. Auch heute werden in vielen privaten\u00a0Handwerksbetrieben R\u00e4ucherm\u00e4nnchen, Nussknacker, Pyramiden und Schwibb\u00f6gen\u00a0ganzj\u00e4hrig produziert und verkauft. Im Seiffener Spielzeugmuseum werden Ihnen\u00a0erzgebirgische Spielwaren- und Weihnachtstraditionen anhand einer F\u00fclle von Exponaten\u00a0sehr anschaulich erl\u00e4utert.<\/p>\t\t\t\t\t\t\t\t<\/div>\n\t\t\t\t<\/div>\n\t\t\t\t\t<\/div>\n\t\t<\/div>\n\t\t\t\t\t<\/div>\n\t\t<\/section>\n\t\t\t\t<\/div>","protected":false},"excerpt":{"rendered":"<p>\u201eAlles kommt vom Bergbau\u201c \u2013 diesem Spruch begegnet man im Erzgebirge h\u00e4ufig, da der\u00a0Bergbau \u00fcber viele Jahrhunderte diese einzigartige Kulturlandschaft gepr\u00e4gt hat. Ihre Fahrt f\u00fchrt zun\u00e4chst in die ca. 40 Kilometer von Dresden entfernte Silberstadt Freiberg.\u00a0Die ersten Silberfunde vor ca. 850 Jahren machten den Ort am Fu\u00dfe des\u00a0Erzgebirges zu einer reichen Stadt. Auf Ihrem Rundgang [&hellip;]<\/p>\n","protected":false},"author":1,"featured_media":0,"parent":566,"menu_order":3,"comment_status":"closed","ping_status":"closed","template":"","meta":{"ocean_post_layout":"","ocean_both_sidebars_style":"","ocean_both_sidebars_content_width":0,"ocean_both_sidebars_sidebars_width":0,"ocean_sidebar":"","ocean_second_sidebar":"","ocean_disable_margins":"enable","ocean_add_body_class":"","ocean_shortcode_before_top_bar":"","ocean_shortcode_after_top_bar":"","ocean_shortcode_before_header":"","ocean_shortcode_after_header":"","ocean_has_shortcode":"","ocean_shortcode_after_title":"","ocean_shortcode_before_footer_widgets":"","ocean_shortcode_after_footer_widgets":"","ocean_shortcode_before_footer_bottom":"","ocean_shortcode_after_footer_bottom":"","ocean_display_top_bar":"default","ocean_display_header":"default","ocean_header_style":"","ocean_center_header_left_menu":"","ocean_custom_header_template":"","ocean_custom_logo":0,"ocean_custom_retina_logo":0,"ocean_custom_logo_max_width":0,"ocean_custom_logo_tablet_max_width":0,"ocean_custom_logo_mobile_max_width":0,"ocean_custom_logo_max_height":0,"ocean_custom_logo_tablet_max_height":0,"ocean_custom_logo_mobile_max_height":0,"ocean_header_custom_menu":"","ocean_menu_typo_font_family":"","ocean_menu_typo_font_subset":"","ocean_menu_typo_font_size":0,"ocean_menu_typo_font_size_tablet":0,"ocean_menu_typo_font_size_mobile":0,"ocean_menu_typo_font_size_unit":"px","ocean_menu_typo_font_weight":"","ocean_menu_typo_font_weight_tablet":"","ocean_menu_typo_font_weight_mobile":"","ocean_menu_typo_transform":"","ocean_menu_typo_transform_tablet":"","ocean_menu_typo_transform_mobile":"","ocean_menu_typo_line_height":0,"ocean_menu_typo_line_height_tablet":0,"ocean_menu_typo_line_height_mobile":0,"ocean_menu_typo_line_height_unit":"","ocean_menu_typo_spacing":0,"ocean_menu_typo_spacing_tablet":0,"ocean_menu_typo_spacing_mobile":0,"ocean_menu_typo_spacing_unit":"","ocean_menu_link_color":"","ocean_menu_link_color_hover":"","ocean_menu_link_color_active":"","ocean_menu_link_background":"","ocean_menu_link_hover_background":"","ocean_menu_link_active_background":"","ocean_menu_social_links_bg":"","ocean_menu_social_hover_links_bg":"","ocean_menu_social_links_color":"","ocean_menu_social_hover_links_color":"","ocean_disable_title":"default","ocean_disable_heading":"default","ocean_post_title":"","ocean_post_subheading":"","ocean_post_title_style":"","ocean_post_title_background_color":"","ocean_post_title_background":0,"ocean_post_title_bg_image_position":"","ocean_post_title_bg_image_attachment":"","ocean_post_title_bg_image_repeat":"","ocean_post_title_bg_image_size":"","ocean_post_title_height":0,"ocean_post_title_bg_overlay":0.5,"ocean_post_title_bg_overlay_color":"","ocean_disable_breadcrumbs":"default","ocean_breadcrumbs_color":"","ocean_breadcrumbs_separator_color":"","ocean_breadcrumbs_links_color":"","ocean_breadcrumbs_links_hover_color":"","ocean_display_footer_widgets":"default","ocean_display_footer_bottom":"default","ocean_custom_footer_template":"","footnotes":""},"class_list":["post-164","page","type-page","status-publish","hentry","entry"],"_links":{"self":[{"href":"https:\/\/dresden-erkunden.de\/en\/wp-json\/wp\/v2\/pages\/164","targetHints":{"allow":["GET"]}}],"collection":[{"href":"https:\/\/dresden-erkunden.de\/en\/wp-json\/wp\/v2\/pages"}],"about":[{"href":"https:\/\/dresden-erkunden.de\/en\/wp-json\/wp\/v2\/types\/page"}],"author":[{"embeddable":true,"href":"https:\/\/dresden-erkunden.de\/en\/wp-json\/wp\/v2\/users\/1"}],"replies":[{"embeddable":true,"href":"https:\/\/dresden-erkunden.de\/en\/wp-json\/wp\/v2\/comments?post=164"}],"version-history":[{"count":26,"href":"https:\/\/dresden-erkunden.de\/en\/wp-json\/wp\/v2\/pages\/164\/revisions"}],"predecessor-version":[{"id":3317,"href":"https:\/\/dresden-erkunden.de\/en\/wp-json\/wp\/v2\/pages\/164\/revisions\/3317"}],"up":[{"embeddable":true,"href":"https:\/\/dresden-erkunden.de\/en\/wp-json\/wp\/v2\/pages\/566"}],"wp:attachment":[{"href":"https:\/\/dresden-erkunden.de\/en\/wp-json\/wp\/v2\/media?parent=164"}],"curies":[{"name":"wp","href":"https:\/\/api.w.org\/{rel}","templated":true}]}}