{"id":171,"date":"2015-12-06T19:28:55","date_gmt":"2015-12-06T18:28:55","guid":{"rendered":"https:\/\/dresden-erkunden.de\/?page_id=171"},"modified":"2023-04-26T23:47:45","modified_gmt":"2023-04-26T21:47:45","slug":"goerlitz","status":"publish","type":"page","link":"https:\/\/dresden-erkunden.de\/en\/ausfluege-in-die-umgebung-von-dresden\/goerlitz\/","title":{"rendered":"G\u00f6rlitz"},"content":{"rendered":"<div data-elementor-type=\"wp-page\" data-elementor-id=\"171\" class=\"elementor elementor-171\">\n\t\t\t\t\t\t<section class=\"elementor-section elementor-top-section elementor-element elementor-element-07b45b3 elementor-section-boxed elementor-section-height-default elementor-section-height-default\" data-id=\"07b45b3\" data-element_type=\"section\" data-e-type=\"section\">\n\t\t\t\t\t\t<div class=\"elementor-container elementor-column-gap-default\">\n\t\t\t\t\t<div class=\"elementor-column elementor-col-100 elementor-top-column elementor-element elementor-element-a1922b5\" data-id=\"a1922b5\" data-element_type=\"column\" data-e-type=\"column\">\n\t\t\t<div class=\"elementor-widget-wrap elementor-element-populated\">\n\t\t\t\t\t\t<div class=\"elementor-element elementor-element-45138b6 elementor-arrows-position-inside elementor-pagination-position-outside elementor-widget elementor-widget-image-carousel\" data-id=\"45138b6\" data-element_type=\"widget\" data-e-type=\"widget\" data-settings=\"{&quot;autoplay&quot;:&quot;no&quot;,&quot;image_spacing_custom&quot;:{&quot;unit&quot;:&quot;px&quot;,&quot;size&quot;:3,&quot;sizes&quot;:[]},&quot;infinite&quot;:&quot;no&quot;,&quot;navigation&quot;:&quot;both&quot;,&quot;speed&quot;:500,&quot;image_spacing_custom_tablet&quot;:{&quot;unit&quot;:&quot;px&quot;,&quot;size&quot;:&quot;&quot;,&quot;sizes&quot;:[]},&quot;image_spacing_custom_mobile&quot;:{&quot;unit&quot;:&quot;px&quot;,&quot;size&quot;:&quot;&quot;,&quot;sizes&quot;:[]}}\" data-widget_type=\"image-carousel.default\">\n\t\t\t\t<div class=\"elementor-widget-container\">\n\t\t\t\t\t\t\t<div class=\"elementor-image-carousel-wrapper swiper\" role=\"region\" aria-roledescription=\"carousel\" aria-label=\"Image Carousel\" dir=\"ltr\">\n\t\t\t<div class=\"elementor-image-carousel swiper-wrapper\" aria-live=\"polite\">\n\t\t\t\t\t\t\t\t<div class=\"swiper-slide\" role=\"group\" aria-roledescription=\"slide\" aria-label=\"1 of 6\" data-no-translation-aria-label=\"\"><a data-elementor-open-lightbox=\"yes\" data-elementor-lightbox-slideshow=\"45138b6\" data-elementor-lightbox-title=\"Goerlitz_7_quad\" data-e-action-hash=\"#elementor-action%3Aaction%3Dlightbox%26settings%3DeyJpZCI6MTY4OCwidXJsIjoiaHR0cHM6XC9cL2RyZXNkZW4tZXJrdW5kZW4uZGVcL3dwLWNvbnRlbnRcL3VwbG9hZHNcLzIwMjJcLzA5XC9Hb2VybGl0el83X3F1YWQuanBnIiwic2xpZGVzaG93IjoiNDUxMzhiNiJ9\" href=\"https:\/\/dresden-erkunden.de\/wp-content\/uploads\/2022\/09\/Goerlitz_7_quad.jpg\"><figure class=\"swiper-slide-inner\"><img decoding=\"async\" class=\"swiper-slide-image\" src=\"https:\/\/dresden-erkunden.de\/wp-content\/uploads\/2022\/09\/Goerlitz_7_quad-300x300.jpg\" alt=\"Goerlitz_7_quad\" \/><\/figure><\/a><\/div><div class=\"swiper-slide\" role=\"group\" aria-roledescription=\"slide\" aria-label=\"2 of 6\" data-no-translation-aria-label=\"\"><a data-elementor-open-lightbox=\"yes\" data-elementor-lightbox-slideshow=\"45138b6\" data-elementor-lightbox-title=\"Goerlitz_5_quad\" data-e-action-hash=\"#elementor-action%3Aaction%3Dlightbox%26settings%3DeyJpZCI6MTY4NiwidXJsIjoiaHR0cHM6XC9cL2RyZXNkZW4tZXJrdW5kZW4uZGVcL3dwLWNvbnRlbnRcL3VwbG9hZHNcLzIwMjJcLzA5XC9Hb2VybGl0el81X3F1YWQuanBnIiwic2xpZGVzaG93IjoiNDUxMzhiNiJ9\" href=\"https:\/\/dresden-erkunden.de\/wp-content\/uploads\/2022\/09\/Goerlitz_5_quad.jpg\"><figure class=\"swiper-slide-inner\"><img decoding=\"async\" class=\"swiper-slide-image\" src=\"https:\/\/dresden-erkunden.de\/wp-content\/uploads\/2022\/09\/Goerlitz_5_quad-298x300.jpg\" alt=\"Goerlitz_5_quad\" \/><\/figure><\/a><\/div><div class=\"swiper-slide\" role=\"group\" aria-roledescription=\"slide\" aria-label=\"3 of 6\" data-no-translation-aria-label=\"\"><a data-elementor-open-lightbox=\"yes\" data-elementor-lightbox-slideshow=\"45138b6\" data-elementor-lightbox-title=\"Goerlitz_9_quad\" data-e-action-hash=\"#elementor-action%3Aaction%3Dlightbox%26settings%3DeyJpZCI6MTY5MCwidXJsIjoiaHR0cHM6XC9cL2RyZXNkZW4tZXJrdW5kZW4uZGVcL3dwLWNvbnRlbnRcL3VwbG9hZHNcLzIwMjJcLzA5XC9Hb2VybGl0el85X3F1YWQuanBnIiwic2xpZGVzaG93IjoiNDUxMzhiNiJ9\" href=\"https:\/\/dresden-erkunden.de\/wp-content\/uploads\/2022\/09\/Goerlitz_9_quad.jpg\"><figure class=\"swiper-slide-inner\"><img decoding=\"async\" class=\"swiper-slide-image\" src=\"https:\/\/dresden-erkunden.de\/wp-content\/uploads\/2022\/09\/Goerlitz_9_quad-300x300.jpg\" alt=\"Goerlitz_9_quad\" \/><\/figure><\/a><\/div><div class=\"swiper-slide\" role=\"group\" aria-roledescription=\"slide\" aria-label=\"4 of 6\" data-no-translation-aria-label=\"\"><a data-elementor-open-lightbox=\"yes\" data-elementor-lightbox-slideshow=\"45138b6\" data-elementor-lightbox-title=\"Goerlitz_1_quad\" data-e-action-hash=\"#elementor-action%3Aaction%3Dlightbox%26settings%3DeyJpZCI6MTY4MiwidXJsIjoiaHR0cHM6XC9cL2RyZXNkZW4tZXJrdW5kZW4uZGVcL3dwLWNvbnRlbnRcL3VwbG9hZHNcLzIwMjJcLzA5XC9Hb2VybGl0el8xX3F1YWQuanBnIiwic2xpZGVzaG93IjoiNDUxMzhiNiJ9\" href=\"https:\/\/dresden-erkunden.de\/wp-content\/uploads\/2022\/09\/Goerlitz_1_quad.jpg\"><figure class=\"swiper-slide-inner\"><img decoding=\"async\" class=\"swiper-slide-image\" src=\"https:\/\/dresden-erkunden.de\/wp-content\/uploads\/2022\/09\/Goerlitz_1_quad-300x300.jpg\" alt=\"Goerlitz_1_quad\" \/><\/figure><\/a><\/div><div class=\"swiper-slide\" role=\"group\" aria-roledescription=\"slide\" aria-label=\"5 of 6\" data-no-translation-aria-label=\"\"><a data-elementor-open-lightbox=\"yes\" data-elementor-lightbox-slideshow=\"45138b6\" data-elementor-lightbox-title=\"Goerlitz_3_quad\" data-e-action-hash=\"#elementor-action%3Aaction%3Dlightbox%26settings%3DeyJpZCI6MTY4NCwidXJsIjoiaHR0cHM6XC9cL2RyZXNkZW4tZXJrdW5kZW4uZGVcL3dwLWNvbnRlbnRcL3VwbG9hZHNcLzIwMjJcLzA5XC9Hb2VybGl0el8zX3F1YWQuanBnIiwic2xpZGVzaG93IjoiNDUxMzhiNiJ9\" href=\"https:\/\/dresden-erkunden.de\/wp-content\/uploads\/2022\/09\/Goerlitz_3_quad.jpg\"><figure class=\"swiper-slide-inner\"><img decoding=\"async\" class=\"swiper-slide-image\" src=\"https:\/\/dresden-erkunden.de\/wp-content\/uploads\/2022\/09\/Goerlitz_3_quad-300x300.jpg\" alt=\"Goerlitz_3_quad\" \/><\/figure><\/a><\/div><div class=\"swiper-slide\" role=\"group\" aria-roledescription=\"slide\" aria-label=\"6 of 6\" data-no-translation-aria-label=\"\"><a data-elementor-open-lightbox=\"yes\" data-elementor-lightbox-slideshow=\"45138b6\" data-elementor-lightbox-title=\"Goerlitz_6_quad\" data-e-action-hash=\"#elementor-action%3Aaction%3Dlightbox%26settings%3DeyJpZCI6MTY4NywidXJsIjoiaHR0cHM6XC9cL2RyZXNkZW4tZXJrdW5kZW4uZGVcL3dwLWNvbnRlbnRcL3VwbG9hZHNcLzIwMjJcLzA5XC9Hb2VybGl0el82X3F1YWQuanBnIiwic2xpZGVzaG93IjoiNDUxMzhiNiJ9\" href=\"https:\/\/dresden-erkunden.de\/wp-content\/uploads\/2022\/09\/Goerlitz_6_quad.jpg\"><figure class=\"swiper-slide-inner\"><img decoding=\"async\" class=\"swiper-slide-image\" src=\"https:\/\/dresden-erkunden.de\/wp-content\/uploads\/2022\/09\/Goerlitz_6_quad-300x300.jpg\" alt=\"Goerlitz_6_quad\" \/><\/figure><\/a><\/div>\t\t\t<\/div>\n\t\t\t\t\t\t\t\t\t\t\t\t<div class=\"elementor-swiper-button elementor-swiper-button-prev\" role=\"button\" tabindex=\"0\">\n\t\t\t\t\t\t<i aria-hidden=\"true\" class=\"eicon-chevron-left\"><\/i>\t\t\t\t\t<\/div>\n\t\t\t\t\t<div class=\"elementor-swiper-button elementor-swiper-button-next\" role=\"button\" tabindex=\"0\">\n\t\t\t\t\t\t<i aria-hidden=\"true\" class=\"eicon-chevron-right\"><\/i>\t\t\t\t\t<\/div>\n\t\t\t\t\n\t\t\t\t\t\t\t\t\t<div class=\"swiper-pagination\"><\/div>\n\t\t\t\t\t\t\t\t\t<\/div>\n\t\t\t\t\t\t<\/div>\n\t\t\t\t<\/div>\n\t\t\t\t\t<\/div>\n\t\t<\/div>\n\t\t\t\t\t<\/div>\n\t\t<\/section>\n\t\t\t\t<section class=\"elementor-section elementor-top-section elementor-element elementor-element-7f2fad94 elementor-section-boxed elementor-section-height-default elementor-section-height-default\" data-id=\"7f2fad94\" data-element_type=\"section\" data-e-type=\"section\">\n\t\t\t\t\t\t<div class=\"elementor-container elementor-column-gap-default\">\n\t\t\t\t\t<div class=\"elementor-column elementor-col-100 elementor-top-column elementor-element elementor-element-640c0118\" data-id=\"640c0118\" data-element_type=\"column\" data-e-type=\"column\">\n\t\t\t<div class=\"elementor-widget-wrap elementor-element-populated\">\n\t\t\t\t\t\t<div class=\"elementor-element elementor-element-710bc3b elementor-widget elementor-widget-text-editor\" data-id=\"710bc3b\" data-element_type=\"widget\" data-e-type=\"widget\" data-widget_type=\"text-editor.default\">\n\t\t\t\t<div class=\"elementor-widget-container\">\n\t\t\t\t\t\t\t\t\t<p>Die Europastadt G\u00f6rlitz-Zgorzelec liegt am \u00f6stlichen Rand der Oberlausitz. Durch sie verl\u00e4uft der 15. Meridian, der f\u00fcr die Bestimmung der Mitteleurop\u00e4ischen Zeit ma\u00dfgebend ist. Die Stadt, die sich abwechselnd in b\u00f6hmischem, preu\u00dfischem und auch s\u00e4chsischem Besitz befand, wurde schon im Mittelalter durch die Herstellung und den Handel von Tuchen reich.<\/p><p>Auf Ihrem Rundgang zwischen Ober- und Untermarkt begegnen Ihnen viele dieser aufwendig sanierten Hallenh\u00e4user der Gotik und Renaissance, die einst von Tuchh\u00e4ndlern bewohnt wurden. Besonders beeindruckend ist der Sch\u00f6nhof, eines der \u00e4ltesten Renaissanceb\u00fcrgerh\u00e4user, die in Deutschland im Original erhalten sind, oder aber das Biblische Haus, das durch Sandsteinreliefs, welche Szenen aus dem Alten und Neuen Testament zeigen, fasziniert.<\/p><p>Bevor Sie zur Peterskirche mit der originellen Sonnenorgel kommen oder das \u201eHeilige Grab\u201c, eine in der Kunstgeschichte einzigartige Nachbildung der heiligen St\u00e4tten Jerusalems, besichtigen, k\u00f6nnen Sie zun\u00e4chst am \u201eFl\u00fcsterbogen\u201c das weltweit erste schnurlose Telefon testen. Sch\u00f6ne H\u00e4user aus der Zeit des Barocks, aber auch des Klassizismus und des Jugendstils hat G\u00f6rlitz\u2018 Innenstadt zu bieten.<\/p><p>Und nat\u00fcrlich sollen Sie auch erfahren, warum die G\u00f6rlitzer ihre Stadt bisweilen liebevoll \u201eG\u00f6rliwood\u201c nennen und dass man mit Recht stolz darauf ist, dass in den zur\u00fcckliegenden Jahrzehnten \u00fcber 70 Fernseh- und Kinofilme hier entstanden sind.<\/p>\t\t\t\t\t\t\t\t<\/div>\n\t\t\t\t<\/div>\n\t\t\t\t\t<\/div>\n\t\t<\/div>\n\t\t\t\t\t<\/div>\n\t\t<\/section>\n\t\t\t\t<\/div>","protected":false},"excerpt":{"rendered":"<p>Zur\u00fcck Weiter Die Europastadt G\u00f6rlitz-Zgorzelec liegt am \u00f6stlichen Rand der Oberlausitz. Durch sie verl\u00e4uft der 15. Meridian, der f\u00fcr die Bestimmung der Mitteleurop\u00e4ischen Zeit ma\u00dfgebend ist. Die Stadt, die sich abwechselnd in b\u00f6hmischem, preu\u00dfischem und auch s\u00e4chsischem Besitz befand, wurde schon im Mittelalter durch die Herstellung und den Handel von Tuchen reich. Auf Ihrem Rundgang [&hellip;]<\/p>\n","protected":false},"author":1,"featured_media":0,"parent":566,"menu_order":4,"comment_status":"closed","ping_status":"closed","template":"","meta":{"ocean_post_layout":"","ocean_both_sidebars_style":"","ocean_both_sidebars_content_width":0,"ocean_both_sidebars_sidebars_width":0,"ocean_sidebar":"","ocean_second_sidebar":"","ocean_disable_margins":"enable","ocean_add_body_class":"","ocean_shortcode_before_top_bar":"","ocean_shortcode_after_top_bar":"","ocean_shortcode_before_header":"","ocean_shortcode_after_header":"","ocean_has_shortcode":"","ocean_shortcode_after_title":"","ocean_shortcode_before_footer_widgets":"","ocean_shortcode_after_footer_widgets":"","ocean_shortcode_before_footer_bottom":"","ocean_shortcode_after_footer_bottom":"","ocean_display_top_bar":"default","ocean_display_header":"default","ocean_header_style":"","ocean_center_header_left_menu":"","ocean_custom_header_template":"","ocean_custom_logo":0,"ocean_custom_retina_logo":0,"ocean_custom_logo_max_width":0,"ocean_custom_logo_tablet_max_width":0,"ocean_custom_logo_mobile_max_width":0,"ocean_custom_logo_max_height":0,"ocean_custom_logo_tablet_max_height":0,"ocean_custom_logo_mobile_max_height":0,"ocean_header_custom_menu":"","ocean_menu_typo_font_family":"","ocean_menu_typo_font_subset":"","ocean_menu_typo_font_size":0,"ocean_menu_typo_font_size_tablet":0,"ocean_menu_typo_font_size_mobile":0,"ocean_menu_typo_font_size_unit":"px","ocean_menu_typo_font_weight":"","ocean_menu_typo_font_weight_tablet":"","ocean_menu_typo_font_weight_mobile":"","ocean_menu_typo_transform":"","ocean_menu_typo_transform_tablet":"","ocean_menu_typo_transform_mobile":"","ocean_menu_typo_line_height":0,"ocean_menu_typo_line_height_tablet":0,"ocean_menu_typo_line_height_mobile":0,"ocean_menu_typo_line_height_unit":"","ocean_menu_typo_spacing":0,"ocean_menu_typo_spacing_tablet":0,"ocean_menu_typo_spacing_mobile":0,"ocean_menu_typo_spacing_unit":"","ocean_menu_link_color":"","ocean_menu_link_color_hover":"","ocean_menu_link_color_active":"","ocean_menu_link_background":"","ocean_menu_link_hover_background":"","ocean_menu_link_active_background":"","ocean_menu_social_links_bg":"","ocean_menu_social_hover_links_bg":"","ocean_menu_social_links_color":"","ocean_menu_social_hover_links_color":"","ocean_disable_title":"default","ocean_disable_heading":"default","ocean_post_title":"","ocean_post_subheading":"","ocean_post_title_style":"","ocean_post_title_background_color":"","ocean_post_title_background":0,"ocean_post_title_bg_image_position":"","ocean_post_title_bg_image_attachment":"","ocean_post_title_bg_image_repeat":"","ocean_post_title_bg_image_size":"","ocean_post_title_height":0,"ocean_post_title_bg_overlay":0.5,"ocean_post_title_bg_overlay_color":"","ocean_disable_breadcrumbs":"default","ocean_breadcrumbs_color":"","ocean_breadcrumbs_separator_color":"","ocean_breadcrumbs_links_color":"","ocean_breadcrumbs_links_hover_color":"","ocean_display_footer_widgets":"default","ocean_display_footer_bottom":"default","ocean_custom_footer_template":"","footnotes":""},"class_list":["post-171","page","type-page","status-publish","hentry","entry"],"_links":{"self":[{"href":"https:\/\/dresden-erkunden.de\/en\/wp-json\/wp\/v2\/pages\/171","targetHints":{"allow":["GET"]}}],"collection":[{"href":"https:\/\/dresden-erkunden.de\/en\/wp-json\/wp\/v2\/pages"}],"about":[{"href":"https:\/\/dresden-erkunden.de\/en\/wp-json\/wp\/v2\/types\/page"}],"author":[{"embeddable":true,"href":"https:\/\/dresden-erkunden.de\/en\/wp-json\/wp\/v2\/users\/1"}],"replies":[{"embeddable":true,"href":"https:\/\/dresden-erkunden.de\/en\/wp-json\/wp\/v2\/comments?post=171"}],"version-history":[{"count":18,"href":"https:\/\/dresden-erkunden.de\/en\/wp-json\/wp\/v2\/pages\/171\/revisions"}],"predecessor-version":[{"id":2910,"href":"https:\/\/dresden-erkunden.de\/en\/wp-json\/wp\/v2\/pages\/171\/revisions\/2910"}],"up":[{"embeddable":true,"href":"https:\/\/dresden-erkunden.de\/en\/wp-json\/wp\/v2\/pages\/566"}],"wp:attachment":[{"href":"https:\/\/dresden-erkunden.de\/en\/wp-json\/wp\/v2\/media?parent=171"}],"curies":[{"name":"wp","href":"https:\/\/api.w.org\/{rel}","templated":true}]}}