{"id":204,"date":"2015-12-07T19:08:16","date_gmt":"2015-12-07T18:08:16","guid":{"rendered":"https:\/\/dresden-erkunden.de\/?page_id=204"},"modified":"2023-04-26T23:53:56","modified_gmt":"2023-04-26T21:53:56","slug":"rezept-fuer-quarkkaeulchen","status":"publish","type":"page","link":"https:\/\/dresden-erkunden.de\/en\/rezepte\/rezept-fuer-quarkkaeulchen\/","title":{"rendered":"Rezept f\u00fcr Quarkk\u00e4ulchen"},"content":{"rendered":"<div data-elementor-type=\"wp-page\" data-elementor-id=\"204\" class=\"elementor elementor-204\">\n\t\t\t\t\t\t<section class=\"elementor-section elementor-top-section elementor-element elementor-element-c6e4ee8 elementor-section-boxed elementor-section-height-default elementor-section-height-default\" data-id=\"c6e4ee8\" data-element_type=\"section\" data-e-type=\"section\">\n\t\t\t\t\t\t<div class=\"elementor-container elementor-column-gap-default\">\n\t\t\t\t\t<div class=\"elementor-column elementor-col-33 elementor-top-column elementor-element elementor-element-c703a6a\" data-id=\"c703a6a\" data-element_type=\"column\" data-e-type=\"column\">\n\t\t\t<div class=\"elementor-widget-wrap elementor-element-populated\">\n\t\t\t\t\t\t<div class=\"elementor-element elementor-element-827cb40 elementor-widget elementor-widget-image\" data-id=\"827cb40\" data-element_type=\"widget\" data-e-type=\"widget\" data-widget_type=\"image.default\">\n\t\t\t\t<div class=\"elementor-widget-container\">\n\t\t\t\t\t\t\t\t\t\t\t\t\t\t\t\t<a href=\"https:\/\/dresden-erkunden.de\/wp-content\/uploads\/2022\/10\/Quarkkaeulchen.jpg\" data-elementor-open-lightbox=\"yes\" data-elementor-lightbox-title=\"Quarkkaeulchen\" data-e-action-hash=\"#elementor-action%3Aaction%3Dlightbox%26settings%3DeyJpZCI6MTk5LCJ1cmwiOiJodHRwczpcL1wvZHJlc2Rlbi1lcmt1bmRlbi5kZVwvd3AtY29udGVudFwvdXBsb2Fkc1wvMjAyMlwvMTBcL1F1YXJra2FldWxjaGVuLmpwZyJ9\">\n\t\t\t\t\t\t\t<img fetchpriority=\"high\" decoding=\"async\" width=\"300\" height=\"225\" src=\"https:\/\/dresden-erkunden.de\/wp-content\/uploads\/2022\/10\/Quarkkaeulchen-300x225.jpg\" class=\"attachment-medium size-medium wp-image-199\" alt=\"Quarkk\u00e4ulchen\" srcset=\"https:\/\/dresden-erkunden.de\/wp-content\/uploads\/2022\/10\/Quarkkaeulchen-300x225.jpg 300w, https:\/\/dresden-erkunden.de\/wp-content\/uploads\/2022\/10\/Quarkkaeulchen.jpg 400w\" sizes=\"(max-width: 300px) 100vw, 300px\" \/>\t\t\t\t\t\t\t\t<\/a>\n\t\t\t\t\t\t\t\t\t\t\t\t\t\t\t<\/div>\n\t\t\t\t<\/div>\n\t\t\t\t\t<\/div>\n\t\t<\/div>\n\t\t\t\t<div class=\"elementor-column elementor-col-33 elementor-top-column elementor-element elementor-element-908af72\" data-id=\"908af72\" data-element_type=\"column\" data-e-type=\"column\">\n\t\t\t<div class=\"elementor-widget-wrap elementor-element-populated\">\n\t\t\t\t\t\t<div class=\"elementor-element elementor-element-986895e elementor-widget elementor-widget-text-editor\" data-id=\"986895e\" data-element_type=\"widget\" data-e-type=\"widget\" data-widget_type=\"text-editor.default\">\n\t\t\t\t<div class=\"elementor-widget-container\">\n\t\t\t\t\t\t\t\t\t<h4>Zutaten:<\/h4><ul><li>500 g Kartoffeln<\/li><li>250 g Quark<\/li><li>100 g Mehl<\/li><li>50 g Zucker<\/li><li>1 Ei<\/li><\/ul>\t\t\t\t\t\t\t\t<\/div>\n\t\t\t\t<\/div>\n\t\t\t\t\t<\/div>\n\t\t<\/div>\n\t\t\t\t<div class=\"elementor-column elementor-col-33 elementor-top-column elementor-element elementor-element-3ed43ed\" data-id=\"3ed43ed\" data-element_type=\"column\" data-e-type=\"column\">\n\t\t\t<div class=\"elementor-widget-wrap elementor-element-populated\">\n\t\t\t\t\t\t<div class=\"elementor-element elementor-element-d3f7d9c elementor-widget elementor-widget-text-editor\" data-id=\"d3f7d9c\" data-element_type=\"widget\" data-e-type=\"widget\" data-widget_type=\"text-editor.default\">\n\t\t\t\t<div class=\"elementor-widget-container\">\n\t\t\t\t\t\t\t\t\t<h4>Zubereitung:<\/h4><p>Die gekochten Kartoffeln erkalten lassen, dann sch\u00e4len und reiben. Den Quark durch ein Sieb streichen, mit Kartoffeln, Mehl, Zucker, Ei und Gew\u00fcrz (Salz, abgeriebener Zitronenschale vermischen, nach Wunsch auch 2 Essl\u00f6ffel gewaschene Korinthen zuf\u00fcgen. Mit bemehlten H\u00e4nden den Teig zu Kugeln formen und in hei\u00dfem Fett auf beiden Seiten goldbraun braten.<\/p><p>Die K\u00e4ulchen k\u00f6nnen mit Zucker und Zimt betreut werden.<\/p>\t\t\t\t\t\t\t\t<\/div>\n\t\t\t\t<\/div>\n\t\t\t\t\t<\/div>\n\t\t<\/div>\n\t\t\t\t\t<\/div>\n\t\t<\/section>\n\t\t\t\t<section class=\"elementor-section elementor-top-section elementor-element elementor-element-9ad1f98 elementor-section-boxed elementor-section-height-default elementor-section-height-default\" data-id=\"9ad1f98\" data-element_type=\"section\" data-e-type=\"section\">\n\t\t\t\t\t\t<div class=\"elementor-container elementor-column-gap-default\">\n\t\t\t\t\t<div class=\"elementor-column elementor-col-50 elementor-top-column elementor-element elementor-element-3fc58ab\" data-id=\"3fc58ab\" data-element_type=\"column\" data-e-type=\"column\">\n\t\t\t<div class=\"elementor-widget-wrap\">\n\t\t\t\t\t\t\t<\/div>\n\t\t<\/div>\n\t\t\t\t<div class=\"elementor-column elementor-col-50 elementor-top-column elementor-element elementor-element-09d5835\" data-id=\"09d5835\" data-element_type=\"column\" data-e-type=\"column\">\n\t\t\t<div class=\"elementor-widget-wrap\">\n\t\t\t\t\t\t\t<\/div>\n\t\t<\/div>\n\t\t\t\t\t<\/div>\n\t\t<\/section>\n\t\t\t\t<\/div>","protected":false},"excerpt":{"rendered":"<p>Zutaten: 500 g Kartoffeln 250 g Quark 100 g Mehl 50 g Zucker 1 Ei Zubereitung: Die gekochten Kartoffeln erkalten lassen, dann sch\u00e4len und reiben. Den Quark durch ein Sieb streichen, mit Kartoffeln, Mehl, Zucker, Ei und Gew\u00fcrz (Salz, abgeriebener Zitronenschale vermischen, nach Wunsch auch 2 Essl\u00f6ffel gewaschene Korinthen zuf\u00fcgen. Mit bemehlten H\u00e4nden den Teig [&hellip;]<\/p>\n","protected":false},"author":1,"featured_media":0,"parent":256,"menu_order":1,"comment_status":"closed","ping_status":"closed","template":"page-feature.php","meta":{"ocean_post_layout":"","ocean_both_sidebars_style":"","ocean_both_sidebars_content_width":0,"ocean_both_sidebars_sidebars_width":0,"ocean_sidebar":"","ocean_second_sidebar":"","ocean_disable_margins":"enable","ocean_add_body_class":"","ocean_shortcode_before_top_bar":"","ocean_shortcode_after_top_bar":"","ocean_shortcode_before_header":"","ocean_shortcode_after_header":"","ocean_has_shortcode":"","ocean_shortcode_after_title":"","ocean_shortcode_before_footer_widgets":"","ocean_shortcode_after_footer_widgets":"","ocean_shortcode_before_footer_bottom":"","ocean_shortcode_after_footer_bottom":"","ocean_display_top_bar":"default","ocean_display_header":"default","ocean_header_style":"","ocean_center_header_left_menu":"","ocean_custom_header_template":"","ocean_custom_logo":0,"ocean_custom_retina_logo":0,"ocean_custom_logo_max_width":0,"ocean_custom_logo_tablet_max_width":0,"ocean_custom_logo_mobile_max_width":0,"ocean_custom_logo_max_height":0,"ocean_custom_logo_tablet_max_height":0,"ocean_custom_logo_mobile_max_height":0,"ocean_header_custom_menu":"","ocean_menu_typo_font_family":"","ocean_menu_typo_font_subset":"","ocean_menu_typo_font_size":0,"ocean_menu_typo_font_size_tablet":0,"ocean_menu_typo_font_size_mobile":0,"ocean_menu_typo_font_size_unit":"px","ocean_menu_typo_font_weight":"","ocean_menu_typo_font_weight_tablet":"","ocean_menu_typo_font_weight_mobile":"","ocean_menu_typo_transform":"","ocean_menu_typo_transform_tablet":"","ocean_menu_typo_transform_mobile":"","ocean_menu_typo_line_height":0,"ocean_menu_typo_line_height_tablet":0,"ocean_menu_typo_line_height_mobile":0,"ocean_menu_typo_line_height_unit":"","ocean_menu_typo_spacing":0,"ocean_menu_typo_spacing_tablet":0,"ocean_menu_typo_spacing_mobile":0,"ocean_menu_typo_spacing_unit":"","ocean_menu_link_color":"","ocean_menu_link_color_hover":"","ocean_menu_link_color_active":"","ocean_menu_link_background":"","ocean_menu_link_hover_background":"","ocean_menu_link_active_background":"","ocean_menu_social_links_bg":"","ocean_menu_social_hover_links_bg":"","ocean_menu_social_links_color":"","ocean_menu_social_hover_links_color":"","ocean_disable_title":"default","ocean_disable_heading":"default","ocean_post_title":"","ocean_post_subheading":"","ocean_post_title_style":"","ocean_post_title_background_color":"","ocean_post_title_background":0,"ocean_post_title_bg_image_position":"","ocean_post_title_bg_image_attachment":"","ocean_post_title_bg_image_repeat":"","ocean_post_title_bg_image_size":"","ocean_post_title_height":0,"ocean_post_title_bg_overlay":0.5,"ocean_post_title_bg_overlay_color":"","ocean_disable_breadcrumbs":"default","ocean_breadcrumbs_color":"","ocean_breadcrumbs_separator_color":"","ocean_breadcrumbs_links_color":"","ocean_breadcrumbs_links_hover_color":"","ocean_display_footer_widgets":"default","ocean_display_footer_bottom":"default","ocean_custom_footer_template":"","footnotes":""},"class_list":["post-204","page","type-page","status-publish","hentry","entry"],"_links":{"self":[{"href":"https:\/\/dresden-erkunden.de\/en\/wp-json\/wp\/v2\/pages\/204","targetHints":{"allow":["GET"]}}],"collection":[{"href":"https:\/\/dresden-erkunden.de\/en\/wp-json\/wp\/v2\/pages"}],"about":[{"href":"https:\/\/dresden-erkunden.de\/en\/wp-json\/wp\/v2\/types\/page"}],"author":[{"embeddable":true,"href":"https:\/\/dresden-erkunden.de\/en\/wp-json\/wp\/v2\/users\/1"}],"replies":[{"embeddable":true,"href":"https:\/\/dresden-erkunden.de\/en\/wp-json\/wp\/v2\/comments?post=204"}],"version-history":[{"count":0,"href":"https:\/\/dresden-erkunden.de\/en\/wp-json\/wp\/v2\/pages\/204\/revisions"}],"up":[{"embeddable":true,"href":"https:\/\/dresden-erkunden.de\/en\/wp-json\/wp\/v2\/pages\/256"}],"wp:attachment":[{"href":"https:\/\/dresden-erkunden.de\/en\/wp-json\/wp\/v2\/media?parent=204"}],"curies":[{"name":"wp","href":"https:\/\/api.w.org\/{rel}","templated":true}]}}