{"id":261,"date":"2015-12-14T21:48:07","date_gmt":"2015-12-14T20:48:07","guid":{"rendered":"https:\/\/dresden-erkunden.de\/?page_id=261"},"modified":"2023-03-02T16:33:00","modified_gmt":"2023-03-02T15:33:00","slug":"agb","status":"publish","type":"page","link":"https:\/\/dresden-erkunden.de\/en\/agb\/","title":{"rendered":"Allgemeine Gesch\u00e4ftsbedingungen"},"content":{"rendered":"<div data-elementor-type=\"wp-page\" data-elementor-id=\"261\" class=\"elementor elementor-261\">\n\t\t\t\t\t\t<section class=\"elementor-section elementor-top-section elementor-element elementor-element-2e427531 elementor-section-boxed elementor-section-height-default elementor-section-height-default\" data-id=\"2e427531\" data-element_type=\"section\" data-e-type=\"section\">\n\t\t\t\t\t\t<div class=\"elementor-container elementor-column-gap-default\">\n\t\t\t\t\t<div class=\"elementor-column elementor-col-100 elementor-top-column elementor-element elementor-element-67adcc0d\" data-id=\"67adcc0d\" data-element_type=\"column\" data-e-type=\"column\">\n\t\t\t<div class=\"elementor-widget-wrap elementor-element-populated\">\n\t\t\t\t\t\t<div class=\"elementor-element elementor-element-8a969b9 elementor-widget elementor-widget-text-editor\" data-id=\"8a969b9\" data-element_type=\"widget\" data-e-type=\"widget\" data-widget_type=\"text-editor.default\">\n\t\t\t\t<div class=\"elementor-widget-container\">\n\t\t\t\t\t\t\t\t\t<ul><li class=\"translation-block\">Alle Leistungen sind f\u00fcr <strong>Einzelpersonen oder Gruppen<\/strong> buchbar. Es werden keine \u00f6ffentlichen F\u00fchrungen angeboten.<\/li><li>Nach erfolgter Buchung der G\u00e4stef\u00fchrerleistung (per E-Mail oder Telefon) erh\u00e4lt der Auftraggeber vom G\u00e4stef\u00fchrer eine schriftliche Auftragsbest\u00e4tigung. Wird diese vom Auftraggeber akzeptiert, wird der Vertrag zwischen Auftraggeber und G\u00e4stef\u00fchrer rechtskr\u00e4ftig.<\/li><li>Auftr\u00e4ge k\u00f6nnen bis zu 8 Tagen vor dem Buchungstermin ohne Geb\u00fchren storniert werden.<br \/>Danach werden Stornogeb\u00fchren in Rechnung gestellt:<ul><li>7-3 Tage vor Leistungserbringung: 50% des vereinbarten Honorars<\/li><li>ab 2 Tage vor Leistungserbringung: 80% des vereinbarten Honorars<\/li><li>am Tag der Leistungserbringung: 100% des vereinbarten Honorars<\/li><li>Bei Nichterscheinen des Auftraggebers ohne vorherige Stornierung wird ein Ausfallhonorar in H\u00f6he von 100% des vereinbarten Honorars erhoben.<\/li><\/ul><\/li><li>Die Bezahlung erfolgt in der Regel in bar am F\u00fchrungstag oder nach Rechnungslegung innerhalb der vereinbarten Zahlungsfrist.<\/li><li>Sollte der G\u00e4stef\u00fchrer in Folge h\u00f6herer Gewalt (Krankheit o.\u00e4.) verhindert sein, die vereinbarte Leistung zu erbringen, sieht er es als seine Pflicht an, soweit es zeitlich m\u00f6glich ist, einen gleichwertigen Ersatz zu organisieren.<br \/>Der Auftraggeber hat keinen Anspruch auf Schadensersatz, wenn es aufgrund h\u00f6herer Gewalt zu kurzfristigen \u00c4nderungen von Programmbestandteilen kommt.<\/li><li>Der G\u00e4stef\u00fchrer \u00fcbernimmt keine Gew\u00e4hr f\u00fcr vermittelte Leistungen, wie z.B. Gastst\u00e4tten oder Verkehrsmittel.<\/li><li>\u00dcber meine Mitgliedschaft im Berufsverband Dresdner G\u00e4stef\u00fchrer e.V. besteht \u00fcber den Bundesverband der G\u00e4stef\u00fchrer Deutschlands e.V. eine Berufshaftpflichtversicherung sowie eine Verm\u00f6gensschadensversicherung.<\/li><\/ul>\t\t\t\t\t\t\t\t<\/div>\n\t\t\t\t<\/div>\n\t\t\t\t\t<\/div>\n\t\t<\/div>\n\t\t\t\t\t<\/div>\n\t\t<\/section>\n\t\t\t\t<\/div>","protected":false},"excerpt":{"rendered":"<p>Alle Leistungen sind f\u00fcr Einzelpersonen oder Gruppen buchbar. Es werden keine \u00f6ffentlichen F\u00fchrungen angeboten. Nach erfolgter Buchung der G\u00e4stef\u00fchrerleistung (per E-Mail oder Telefon) erh\u00e4lt der Auftraggeber vom G\u00e4stef\u00fchrer eine schriftliche Auftragsbest\u00e4tigung. Wird diese vom Auftraggeber akzeptiert, wird der Vertrag zwischen Auftraggeber und G\u00e4stef\u00fchrer rechtskr\u00e4ftig. Auftr\u00e4ge k\u00f6nnen bis zu 8 Tagen vor dem Buchungstermin ohne Geb\u00fchren [&hellip;]<\/p>\n","protected":false},"author":1,"featured_media":0,"parent":0,"menu_order":12,"comment_status":"closed","ping_status":"closed","template":"","meta":{"ocean_post_layout":"","ocean_both_sidebars_style":"","ocean_both_sidebars_content_width":0,"ocean_both_sidebars_sidebars_width":0,"ocean_sidebar":"","ocean_second_sidebar":"","ocean_disable_margins":"enable","ocean_add_body_class":"","ocean_shortcode_before_top_bar":"","ocean_shortcode_after_top_bar":"","ocean_shortcode_before_header":"","ocean_shortcode_after_header":"","ocean_has_shortcode":"","ocean_shortcode_after_title":"","ocean_shortcode_before_footer_widgets":"","ocean_shortcode_after_footer_widgets":"","ocean_shortcode_before_footer_bottom":"","ocean_shortcode_after_footer_bottom":"","ocean_display_top_bar":"default","ocean_display_header":"default","ocean_header_style":"","ocean_center_header_left_menu":"","ocean_custom_header_template":"","ocean_custom_logo":0,"ocean_custom_retina_logo":0,"ocean_custom_logo_max_width":0,"ocean_custom_logo_tablet_max_width":0,"ocean_custom_logo_mobile_max_width":0,"ocean_custom_logo_max_height":0,"ocean_custom_logo_tablet_max_height":0,"ocean_custom_logo_mobile_max_height":0,"ocean_header_custom_menu":"","ocean_menu_typo_font_family":"","ocean_menu_typo_font_subset":"","ocean_menu_typo_font_size":0,"ocean_menu_typo_font_size_tablet":0,"ocean_menu_typo_font_size_mobile":0,"ocean_menu_typo_font_size_unit":"px","ocean_menu_typo_font_weight":"","ocean_menu_typo_font_weight_tablet":"","ocean_menu_typo_font_weight_mobile":"","ocean_menu_typo_transform":"","ocean_menu_typo_transform_tablet":"","ocean_menu_typo_transform_mobile":"","ocean_menu_typo_line_height":0,"ocean_menu_typo_line_height_tablet":0,"ocean_menu_typo_line_height_mobile":0,"ocean_menu_typo_line_height_unit":"","ocean_menu_typo_spacing":0,"ocean_menu_typo_spacing_tablet":0,"ocean_menu_typo_spacing_mobile":0,"ocean_menu_typo_spacing_unit":"","ocean_menu_link_color":"","ocean_menu_link_color_hover":"","ocean_menu_link_color_active":"","ocean_menu_link_background":"","ocean_menu_link_hover_background":"","ocean_menu_link_active_background":"","ocean_menu_social_links_bg":"","ocean_menu_social_hover_links_bg":"","ocean_menu_social_links_color":"","ocean_menu_social_hover_links_color":"","ocean_disable_title":"default","ocean_disable_heading":"default","ocean_post_title":"","ocean_post_subheading":"","ocean_post_title_style":"","ocean_post_title_background_color":"","ocean_post_title_background":0,"ocean_post_title_bg_image_position":"","ocean_post_title_bg_image_attachment":"","ocean_post_title_bg_image_repeat":"","ocean_post_title_bg_image_size":"","ocean_post_title_height":0,"ocean_post_title_bg_overlay":0.5,"ocean_post_title_bg_overlay_color":"","ocean_disable_breadcrumbs":"default","ocean_breadcrumbs_color":"","ocean_breadcrumbs_separator_color":"","ocean_breadcrumbs_links_color":"","ocean_breadcrumbs_links_hover_color":"","ocean_display_footer_widgets":"default","ocean_display_footer_bottom":"default","ocean_custom_footer_template":"","footnotes":""},"class_list":["post-261","page","type-page","status-publish","hentry","entry"],"_links":{"self":[{"href":"https:\/\/dresden-erkunden.de\/en\/wp-json\/wp\/v2\/pages\/261","targetHints":{"allow":["GET"]}}],"collection":[{"href":"https:\/\/dresden-erkunden.de\/en\/wp-json\/wp\/v2\/pages"}],"about":[{"href":"https:\/\/dresden-erkunden.de\/en\/wp-json\/wp\/v2\/types\/page"}],"author":[{"embeddable":true,"href":"https:\/\/dresden-erkunden.de\/en\/wp-json\/wp\/v2\/users\/1"}],"replies":[{"embeddable":true,"href":"https:\/\/dresden-erkunden.de\/en\/wp-json\/wp\/v2\/comments?post=261"}],"version-history":[{"count":3,"href":"https:\/\/dresden-erkunden.de\/en\/wp-json\/wp\/v2\/pages\/261\/revisions"}],"predecessor-version":[{"id":2690,"href":"https:\/\/dresden-erkunden.de\/en\/wp-json\/wp\/v2\/pages\/261\/revisions\/2690"}],"wp:attachment":[{"href":"https:\/\/dresden-erkunden.de\/en\/wp-json\/wp\/v2\/media?parent=261"}],"curies":[{"name":"wp","href":"https:\/\/api.w.org\/{rel}","templated":true}]}}