{"id":324,"date":"2015-12-15T19:03:19","date_gmt":"2015-12-15T18:03:19","guid":{"rendered":"https:\/\/dresden-erkunden.de\/?page_id=324"},"modified":"2023-04-26T23:53:56","modified_gmt":"2023-04-26T21:53:56","slug":"rezept-fuer-saechsische-kartoffelsuppe","status":"publish","type":"page","link":"https:\/\/dresden-erkunden.de\/en\/rezepte\/rezept-fuer-saechsische-kartoffelsuppe\/","title":{"rendered":"Rezept f\u00fcr S\u00e4chsische Kartoffelsuppe"},"content":{"rendered":"<div data-elementor-type=\"wp-page\" data-elementor-id=\"324\" class=\"elementor elementor-324\">\n\t\t\t\t\t\t<section class=\"elementor-section elementor-top-section elementor-element elementor-element-b6859a7 elementor-section-boxed elementor-section-height-default elementor-section-height-default\" data-id=\"b6859a7\" data-element_type=\"section\" data-e-type=\"section\">\n\t\t\t\t\t\t<div class=\"elementor-container elementor-column-gap-default\">\n\t\t\t\t\t<div class=\"elementor-column elementor-col-33 elementor-top-column elementor-element elementor-element-0ba3e20\" data-id=\"0ba3e20\" data-element_type=\"column\" data-e-type=\"column\">\n\t\t\t<div class=\"elementor-widget-wrap elementor-element-populated\">\n\t\t\t\t\t\t<div class=\"elementor-element elementor-element-e9f4e2a elementor-widget elementor-widget-image\" data-id=\"e9f4e2a\" data-element_type=\"widget\" data-e-type=\"widget\" data-widget_type=\"image.default\">\n\t\t\t\t<div class=\"elementor-widget-container\">\n\t\t\t\t\t\t\t\t\t\t\t\t\t\t\t\t<a href=\"https:\/\/dresden-erkunden.de\/wp-content\/uploads\/2022\/10\/Kartoffelsuppe.jpg\" data-elementor-open-lightbox=\"yes\" data-elementor-lightbox-title=\"Kartoffelsuppe\" data-e-action-hash=\"#elementor-action%3Aaction%3Dlightbox%26settings%3DeyJpZCI6MzI1LCJ1cmwiOiJodHRwczpcL1wvZHJlc2Rlbi1lcmt1bmRlbi5kZVwvd3AtY29udGVudFwvdXBsb2Fkc1wvMjAyMlwvMTBcL0thcnRvZmZlbHN1cHBlLmpwZyJ9\">\n\t\t\t\t\t\t\t<img fetchpriority=\"high\" decoding=\"async\" width=\"225\" height=\"300\" src=\"https:\/\/dresden-erkunden.de\/wp-content\/uploads\/2022\/10\/Kartoffelsuppe-225x300.jpg\" class=\"attachment-medium size-medium wp-image-325\" alt=\"S\u00e4chsische Kartoffelsuppe\" srcset=\"https:\/\/dresden-erkunden.de\/wp-content\/uploads\/2022\/10\/Kartoffelsuppe-225x300.jpg 225w, https:\/\/dresden-erkunden.de\/wp-content\/uploads\/2022\/10\/Kartoffelsuppe-768x1024.jpg 768w, https:\/\/dresden-erkunden.de\/wp-content\/uploads\/2022\/10\/Kartoffelsuppe.jpg 900w\" sizes=\"(max-width: 225px) 100vw, 225px\" \/>\t\t\t\t\t\t\t\t<\/a>\n\t\t\t\t\t\t\t\t\t\t\t\t\t\t\t<\/div>\n\t\t\t\t<\/div>\n\t\t\t\t\t<\/div>\n\t\t<\/div>\n\t\t\t\t<div class=\"elementor-column elementor-col-33 elementor-top-column elementor-element elementor-element-3bd52b0\" data-id=\"3bd52b0\" data-element_type=\"column\" data-e-type=\"column\">\n\t\t\t<div class=\"elementor-widget-wrap elementor-element-populated\">\n\t\t\t\t\t\t<div class=\"elementor-element elementor-element-64abdec elementor-widget elementor-widget-text-editor\" data-id=\"64abdec\" data-element_type=\"widget\" data-e-type=\"widget\" data-widget_type=\"text-editor.default\">\n\t\t\t\t<div class=\"elementor-widget-container\">\n\t\t\t\t\t\t\t\t\t<h4>Zutaten:<\/h4><ul><li>500 g Kartoffeln<\/li><li>3 M\u00f6hren<\/li><li>1 kleine Zwiebel<\/li><li>20 g Speck<\/li><li>Gem\u00fcsebr\u00fche<\/li><li>Salz<\/li><li>Pfeffer<\/li><li>Paprika<\/li><li>K\u00fcmmel<\/li><li>etwas saure Sahne oder Tomatenmark<\/li><li>4 Wiener W\u00fcrstchen<\/li><li>Petersilie<\/li><\/ul>\t\t\t\t\t\t\t\t<\/div>\n\t\t\t\t<\/div>\n\t\t\t\t\t<\/div>\n\t\t<\/div>\n\t\t\t\t<div class=\"elementor-column elementor-col-33 elementor-top-column elementor-element elementor-element-ff33d19\" data-id=\"ff33d19\" data-element_type=\"column\" data-e-type=\"column\">\n\t\t\t<div class=\"elementor-widget-wrap elementor-element-populated\">\n\t\t\t\t\t\t<div class=\"elementor-element elementor-element-2b782e1 elementor-widget elementor-widget-text-editor\" data-id=\"2b782e1\" data-element_type=\"widget\" data-e-type=\"widget\" data-widget_type=\"text-editor.default\">\n\t\t\t\t<div class=\"elementor-widget-container\">\n\t\t\t\t\t\t\t\t\t<h4>Zubereitung:<\/h4><p>Die Kartoffeln sch\u00e4len, in W\u00fcrfel schneiden und knapp mit Wasser bedeckt weich kochen. Zwei Drittel des Kochwassers abgie\u00dfen und die Kartoffeln p\u00fcrieren. Die Speckw\u00fcrfel auslassen und die Zwiebelw\u00fcrfel darin anbraten. Die M\u00f6hren sch\u00e4len, w\u00fcrfeln und in wenig Wasser bissfest garen. Das Kartoffelkochwasser auf einen halben Liter auff\u00fcllen, zwei Teel\u00f6ffel gek\u00f6rnte Gem\u00fcsebr\u00fche einr\u00fchren und den p\u00fcrierten Kartoffeln wieder zugeben. Speck, Zwiebeln und M\u00f6hren hinzuf\u00fcgen. Alles kr\u00e4ftig mit Salz, Pfeffer, Paprika und K\u00fcmmel abschmecken. Die Zugabe von wenig saurer Sahne oder Tomatenmark macht die Suppe noch pikanter. Zuletzt die in Scheiben geschnittenen Wiener W\u00fcrstchen zu der Suppe geben und mit gehackter Petersilie bestreuen.<\/p>\t\t\t\t\t\t\t\t<\/div>\n\t\t\t\t<\/div>\n\t\t\t\t\t<\/div>\n\t\t<\/div>\n\t\t\t\t\t<\/div>\n\t\t<\/section>\n\t\t\t\t<\/div>","protected":false},"excerpt":{"rendered":"<p>Zutaten: 500 g Kartoffeln 3 M\u00f6hren 1 kleine Zwiebel 20 g Speck Gem\u00fcsebr\u00fche Salz Pfeffer Paprika K\u00fcmmel etwas saure Sahne oder Tomatenmark 4 Wiener W\u00fcrstchen Petersilie Zubereitung: Die Kartoffeln sch\u00e4len, in W\u00fcrfel schneiden und knapp mit Wasser bedeckt weich kochen. Zwei Drittel des Kochwassers abgie\u00dfen und die Kartoffeln p\u00fcrieren. Die Speckw\u00fcrfel auslassen und die Zwiebelw\u00fcrfel [&hellip;]<\/p>\n","protected":false},"author":1,"featured_media":0,"parent":256,"menu_order":2,"comment_status":"closed","ping_status":"closed","template":"page-feature.php","meta":{"ocean_post_layout":"","ocean_both_sidebars_style":"","ocean_both_sidebars_content_width":0,"ocean_both_sidebars_sidebars_width":0,"ocean_sidebar":"","ocean_second_sidebar":"","ocean_disable_margins":"enable","ocean_add_body_class":"","ocean_shortcode_before_top_bar":"","ocean_shortcode_after_top_bar":"","ocean_shortcode_before_header":"","ocean_shortcode_after_header":"","ocean_has_shortcode":"","ocean_shortcode_after_title":"","ocean_shortcode_before_footer_widgets":"","ocean_shortcode_after_footer_widgets":"","ocean_shortcode_before_footer_bottom":"","ocean_shortcode_after_footer_bottom":"","ocean_display_top_bar":"default","ocean_display_header":"default","ocean_header_style":"","ocean_center_header_left_menu":"","ocean_custom_header_template":"","ocean_custom_logo":0,"ocean_custom_retina_logo":0,"ocean_custom_logo_max_width":0,"ocean_custom_logo_tablet_max_width":0,"ocean_custom_logo_mobile_max_width":0,"ocean_custom_logo_max_height":0,"ocean_custom_logo_tablet_max_height":0,"ocean_custom_logo_mobile_max_height":0,"ocean_header_custom_menu":"","ocean_menu_typo_font_family":"","ocean_menu_typo_font_subset":"","ocean_menu_typo_font_size":0,"ocean_menu_typo_font_size_tablet":0,"ocean_menu_typo_font_size_mobile":0,"ocean_menu_typo_font_size_unit":"px","ocean_menu_typo_font_weight":"","ocean_menu_typo_font_weight_tablet":"","ocean_menu_typo_font_weight_mobile":"","ocean_menu_typo_transform":"","ocean_menu_typo_transform_tablet":"","ocean_menu_typo_transform_mobile":"","ocean_menu_typo_line_height":0,"ocean_menu_typo_line_height_tablet":0,"ocean_menu_typo_line_height_mobile":0,"ocean_menu_typo_line_height_unit":"","ocean_menu_typo_spacing":0,"ocean_menu_typo_spacing_tablet":0,"ocean_menu_typo_spacing_mobile":0,"ocean_menu_typo_spacing_unit":"","ocean_menu_link_color":"","ocean_menu_link_color_hover":"","ocean_menu_link_color_active":"","ocean_menu_link_background":"","ocean_menu_link_hover_background":"","ocean_menu_link_active_background":"","ocean_menu_social_links_bg":"","ocean_menu_social_hover_links_bg":"","ocean_menu_social_links_color":"","ocean_menu_social_hover_links_color":"","ocean_disable_title":"default","ocean_disable_heading":"default","ocean_post_title":"","ocean_post_subheading":"","ocean_post_title_style":"","ocean_post_title_background_color":"","ocean_post_title_background":0,"ocean_post_title_bg_image_position":"","ocean_post_title_bg_image_attachment":"","ocean_post_title_bg_image_repeat":"","ocean_post_title_bg_image_size":"","ocean_post_title_height":0,"ocean_post_title_bg_overlay":0.5,"ocean_post_title_bg_overlay_color":"","ocean_disable_breadcrumbs":"default","ocean_breadcrumbs_color":"","ocean_breadcrumbs_separator_color":"","ocean_breadcrumbs_links_color":"","ocean_breadcrumbs_links_hover_color":"","ocean_display_footer_widgets":"default","ocean_display_footer_bottom":"default","ocean_custom_footer_template":"","footnotes":""},"class_list":["post-324","page","type-page","status-publish","hentry","entry"],"_links":{"self":[{"href":"https:\/\/dresden-erkunden.de\/en\/wp-json\/wp\/v2\/pages\/324","targetHints":{"allow":["GET"]}}],"collection":[{"href":"https:\/\/dresden-erkunden.de\/en\/wp-json\/wp\/v2\/pages"}],"about":[{"href":"https:\/\/dresden-erkunden.de\/en\/wp-json\/wp\/v2\/types\/page"}],"author":[{"embeddable":true,"href":"https:\/\/dresden-erkunden.de\/en\/wp-json\/wp\/v2\/users\/1"}],"replies":[{"embeddable":true,"href":"https:\/\/dresden-erkunden.de\/en\/wp-json\/wp\/v2\/comments?post=324"}],"version-history":[{"count":0,"href":"https:\/\/dresden-erkunden.de\/en\/wp-json\/wp\/v2\/pages\/324\/revisions"}],"up":[{"embeddable":true,"href":"https:\/\/dresden-erkunden.de\/en\/wp-json\/wp\/v2\/pages\/256"}],"wp:attachment":[{"href":"https:\/\/dresden-erkunden.de\/en\/wp-json\/wp\/v2\/media?parent=324"}],"curies":[{"name":"wp","href":"https:\/\/api.w.org\/{rel}","templated":true}]}}