{"id":332,"date":"2015-12-17T21:27:37","date_gmt":"2015-12-17T20:27:37","guid":{"rendered":"https:\/\/dresden-erkunden.de\/?page_id=332"},"modified":"2023-04-26T23:53:56","modified_gmt":"2023-04-26T21:53:56","slug":"rezept-fuer-dresdner-eierschecke","status":"publish","type":"page","link":"https:\/\/dresden-erkunden.de\/en\/rezepte\/rezept-fuer-dresdner-eierschecke\/","title":{"rendered":"Rezept f\u00fcr Dresdner Eierschecke"},"content":{"rendered":"<div data-elementor-type=\"wp-page\" data-elementor-id=\"332\" class=\"elementor elementor-332\">\n\t\t\t\t\t\t<section class=\"elementor-section elementor-top-section elementor-element elementor-element-dbfa0cf elementor-section-boxed elementor-section-height-default elementor-section-height-default\" data-id=\"dbfa0cf\" data-element_type=\"section\" data-e-type=\"section\">\n\t\t\t\t\t\t<div class=\"elementor-container elementor-column-gap-default\">\n\t\t\t\t\t<div class=\"elementor-column elementor-col-33 elementor-top-column elementor-element elementor-element-60520dd\" data-id=\"60520dd\" data-element_type=\"column\" data-e-type=\"column\">\n\t\t\t<div class=\"elementor-widget-wrap elementor-element-populated\">\n\t\t\t\t\t\t<div class=\"elementor-element elementor-element-ac4ecda elementor-widget elementor-widget-image\" data-id=\"ac4ecda\" data-element_type=\"widget\" data-e-type=\"widget\" data-widget_type=\"image.default\">\n\t\t\t\t<div class=\"elementor-widget-container\">\n\t\t\t\t\t\t\t\t\t\t\t\t\t\t\t\t<a href=\"https:\/\/dresden-erkunden.de\/wp-content\/uploads\/2022\/10\/Eierschecke.jpg\" data-elementor-open-lightbox=\"yes\" data-elementor-lightbox-title=\"Eierschecke\" data-e-action-hash=\"#elementor-action%3Aaction%3Dlightbox%26settings%3DeyJpZCI6MzM0LCJ1cmwiOiJodHRwczpcL1wvZHJlc2Rlbi1lcmt1bmRlbi5kZVwvd3AtY29udGVudFwvdXBsb2Fkc1wvMjAyMlwvMTBcL0VpZXJzY2hlY2tlLmpwZyJ9\">\n\t\t\t\t\t\t\t<img fetchpriority=\"high\" decoding=\"async\" width=\"300\" height=\"225\" src=\"https:\/\/dresden-erkunden.de\/wp-content\/uploads\/2022\/10\/Eierschecke-300x225.jpg\" class=\"attachment-medium size-medium wp-image-334\" alt=\"Dresdner Eierschecke\" srcset=\"https:\/\/dresden-erkunden.de\/wp-content\/uploads\/2022\/10\/Eierschecke-300x225.jpg 300w, https:\/\/dresden-erkunden.de\/wp-content\/uploads\/2022\/10\/Eierschecke-1024x768.jpg 1024w, https:\/\/dresden-erkunden.de\/wp-content\/uploads\/2022\/10\/Eierschecke-768x576.jpg 768w, https:\/\/dresden-erkunden.de\/wp-content\/uploads\/2022\/10\/Eierschecke-1536x1152.jpg 1536w, https:\/\/dresden-erkunden.de\/wp-content\/uploads\/2022\/10\/Eierschecke.jpg 1600w\" sizes=\"(max-width: 300px) 100vw, 300px\" \/>\t\t\t\t\t\t\t\t<\/a>\n\t\t\t\t\t\t\t\t\t\t\t\t\t\t\t<\/div>\n\t\t\t\t<\/div>\n\t\t\t\t\t<\/div>\n\t\t<\/div>\n\t\t\t\t<div class=\"elementor-column elementor-col-33 elementor-top-column elementor-element elementor-element-0a05c16\" data-id=\"0a05c16\" data-element_type=\"column\" data-e-type=\"column\">\n\t\t\t<div class=\"elementor-widget-wrap elementor-element-populated\">\n\t\t\t\t\t\t<div class=\"elementor-element elementor-element-3132e78 elementor-widget elementor-widget-text-editor\" data-id=\"3132e78\" data-element_type=\"widget\" data-e-type=\"widget\" data-widget_type=\"text-editor.default\">\n\t\t\t\t<div class=\"elementor-widget-container\">\n\t\t\t\t\t\t\t\t\t<h4>Zutaten (f\u00fcr Springform 28cm)<\/h4><p><strong>Hefeteig:<\/strong><\/p><ul><li>250 g Weizenmehl Typ 405<\/li><li>12 g Hefe<\/li><li>35 g Zucker<\/li><li>45 g Butter<\/li><li>1 Prise Salz<\/li><li>135 ml Milch<\/li><\/ul><p><strong>Quarkmasse:<\/strong><\/p><ul><li>600 g Quark (20%ig)<\/li><li>100 g Zucker<\/li><li>2 Eier<\/li><li>60 g Mehl<\/li><li>1 Prise Salz<\/li><li>60 g fl\u00fcssige Butter<\/li><li>120 g Rosinen (wenn gew\u00fcnscht)<\/li><\/ul><p><strong>Scheckenmasse:<\/strong><\/p><ul><li>500 g Milch<\/li><li>70 g Zucker<\/li><li>100 g Butter<\/li><li>80 g Vanillepudding<\/li><li>6 Eier<\/li><li>70 g Zucker<\/li><\/ul>\t\t\t\t\t\t\t\t<\/div>\n\t\t\t\t<\/div>\n\t\t\t\t\t<\/div>\n\t\t<\/div>\n\t\t\t\t<div class=\"elementor-column elementor-col-33 elementor-top-column elementor-element elementor-element-dc18536\" data-id=\"dc18536\" data-element_type=\"column\" data-e-type=\"column\">\n\t\t\t<div class=\"elementor-widget-wrap elementor-element-populated\">\n\t\t\t\t\t\t<div class=\"elementor-element elementor-element-d80356a elementor-widget elementor-widget-text-editor\" data-id=\"d80356a\" data-element_type=\"widget\" data-e-type=\"widget\" data-widget_type=\"text-editor.default\">\n\t\t\t\t<div class=\"elementor-widget-container\">\n\t\t\t\t\t\t\t\t\t<h4>Zubereitung:<\/h4><p><strong>Hefeteig:<\/strong><\/p><p>Alle Zutaten in einem warmen Raum rechtzeitig bereitstellen. Das Mehl in eine Sch\u00fcssel sieben, eine Vertiefung eindr\u00fccken. Die zerkr\u00fcmelte Hefe mit etwas lauwarmer Milch, Zucker und Mehl zu einem Vorteig verr\u00fchren. Zugedeckt an einem warmen Ort gehen lassen, bis sich die Menge verdoppelt hat. Nach etwa 20 Minuten die weiche Butter, die \u00fcbrige Milch und das Salz zugeben und alles mit den Knethaken durcharbeiten. Nochmals 60 Minuten gehen lassen.<\/p><p><strong>Quarkmasse:<\/strong><\/p><p>Den Quark mit allen anderen Zutaten zu einer cremigen Masse verarbeiten.<\/p><p><strong>Scheckenmasse:<\/strong><\/p><p>Vanillepudding mit etwas Milch anr\u00fchren. \u00dcbrige Milch, Zucker und Butter aufkochen. Anger\u00fchrtes Vanillepuddingpulver einr\u00fchren. Die Eier trennen. Die Eigelbe unter die etwas ausgek\u00fchlte Puddingmasse ziehen. Das Eiwei\u00df mit dem Zucker steif schlagen und ebenfalls unterheben.<\/p><p>Den Teig in der Form ausrollen. Quarkmasse einf\u00fcllen und darauf die Scheckenmasse verteilen.<\/p><p>Den Backofen auf 180\u00b0C vorheizen. Die Springform auf die mittlere Schiene stellen und den Kuchen 20 Minuten backen. Temperatur etwas reduzieren. Weitere 30-40 Minuten backen. Den hei\u00dfen Kuchen mit einem scharfen Messer vom Rand der Springform l\u00f6sen und noch etwas im Ofen stehen lassen.<\/p>\t\t\t\t\t\t\t\t<\/div>\n\t\t\t\t<\/div>\n\t\t\t\t\t<\/div>\n\t\t<\/div>\n\t\t\t\t\t<\/div>\n\t\t<\/section>\n\t\t\t\t<\/div>","protected":false},"excerpt":{"rendered":"<p>Zutaten (f\u00fcr Springform 28cm) Hefeteig: 250 g Weizenmehl Typ 405 12 g Hefe 35 g Zucker 45 g Butter 1 Prise Salz 135 ml Milch Quarkmasse: 600 g Quark (20%ig) 100 g Zucker 2 Eier 60 g Mehl 1 Prise Salz 60 g fl\u00fcssige Butter 120 g Rosinen (wenn gew\u00fcnscht) Scheckenmasse: 500 g Milch 70 [&hellip;]<\/p>\n","protected":false},"author":1,"featured_media":0,"parent":256,"menu_order":3,"comment_status":"closed","ping_status":"closed","template":"page-feature.php","meta":{"ocean_post_layout":"","ocean_both_sidebars_style":"","ocean_both_sidebars_content_width":0,"ocean_both_sidebars_sidebars_width":0,"ocean_sidebar":"","ocean_second_sidebar":"","ocean_disable_margins":"enable","ocean_add_body_class":"","ocean_shortcode_before_top_bar":"","ocean_shortcode_after_top_bar":"","ocean_shortcode_before_header":"","ocean_shortcode_after_header":"","ocean_has_shortcode":"","ocean_shortcode_after_title":"","ocean_shortcode_before_footer_widgets":"","ocean_shortcode_after_footer_widgets":"","ocean_shortcode_before_footer_bottom":"","ocean_shortcode_after_footer_bottom":"","ocean_display_top_bar":"default","ocean_display_header":"default","ocean_header_style":"","ocean_center_header_left_menu":"","ocean_custom_header_template":"","ocean_custom_logo":0,"ocean_custom_retina_logo":0,"ocean_custom_logo_max_width":0,"ocean_custom_logo_tablet_max_width":0,"ocean_custom_logo_mobile_max_width":0,"ocean_custom_logo_max_height":0,"ocean_custom_logo_tablet_max_height":0,"ocean_custom_logo_mobile_max_height":0,"ocean_header_custom_menu":"","ocean_menu_typo_font_family":"","ocean_menu_typo_font_subset":"","ocean_menu_typo_font_size":0,"ocean_menu_typo_font_size_tablet":0,"ocean_menu_typo_font_size_mobile":0,"ocean_menu_typo_font_size_unit":"px","ocean_menu_typo_font_weight":"","ocean_menu_typo_font_weight_tablet":"","ocean_menu_typo_font_weight_mobile":"","ocean_menu_typo_transform":"","ocean_menu_typo_transform_tablet":"","ocean_menu_typo_transform_mobile":"","ocean_menu_typo_line_height":0,"ocean_menu_typo_line_height_tablet":0,"ocean_menu_typo_line_height_mobile":0,"ocean_menu_typo_line_height_unit":"","ocean_menu_typo_spacing":0,"ocean_menu_typo_spacing_tablet":0,"ocean_menu_typo_spacing_mobile":0,"ocean_menu_typo_spacing_unit":"","ocean_menu_link_color":"","ocean_menu_link_color_hover":"","ocean_menu_link_color_active":"","ocean_menu_link_background":"","ocean_menu_link_hover_background":"","ocean_menu_link_active_background":"","ocean_menu_social_links_bg":"","ocean_menu_social_hover_links_bg":"","ocean_menu_social_links_color":"","ocean_menu_social_hover_links_color":"","ocean_disable_title":"default","ocean_disable_heading":"default","ocean_post_title":"","ocean_post_subheading":"","ocean_post_title_style":"","ocean_post_title_background_color":"","ocean_post_title_background":0,"ocean_post_title_bg_image_position":"","ocean_post_title_bg_image_attachment":"","ocean_post_title_bg_image_repeat":"","ocean_post_title_bg_image_size":"","ocean_post_title_height":0,"ocean_post_title_bg_overlay":0.5,"ocean_post_title_bg_overlay_color":"","ocean_disable_breadcrumbs":"default","ocean_breadcrumbs_color":"","ocean_breadcrumbs_separator_color":"","ocean_breadcrumbs_links_color":"","ocean_breadcrumbs_links_hover_color":"","ocean_display_footer_widgets":"default","ocean_display_footer_bottom":"default","ocean_custom_footer_template":"","footnotes":""},"class_list":["post-332","page","type-page","status-publish","hentry","entry"],"_links":{"self":[{"href":"https:\/\/dresden-erkunden.de\/en\/wp-json\/wp\/v2\/pages\/332","targetHints":{"allow":["GET"]}}],"collection":[{"href":"https:\/\/dresden-erkunden.de\/en\/wp-json\/wp\/v2\/pages"}],"about":[{"href":"https:\/\/dresden-erkunden.de\/en\/wp-json\/wp\/v2\/types\/page"}],"author":[{"embeddable":true,"href":"https:\/\/dresden-erkunden.de\/en\/wp-json\/wp\/v2\/users\/1"}],"replies":[{"embeddable":true,"href":"https:\/\/dresden-erkunden.de\/en\/wp-json\/wp\/v2\/comments?post=332"}],"version-history":[{"count":0,"href":"https:\/\/dresden-erkunden.de\/en\/wp-json\/wp\/v2\/pages\/332\/revisions"}],"up":[{"embeddable":true,"href":"https:\/\/dresden-erkunden.de\/en\/wp-json\/wp\/v2\/pages\/256"}],"wp:attachment":[{"href":"https:\/\/dresden-erkunden.de\/en\/wp-json\/wp\/v2\/media?parent=332"}],"curies":[{"name":"wp","href":"https:\/\/api.w.org\/{rel}","templated":true}]}}