{"id":64,"date":"2015-12-03T20:51:49","date_gmt":"2015-12-03T19:51:49","guid":{"rendered":"https:\/\/dresden-erkunden.de\/?page_id=64"},"modified":"2023-04-26T23:48:01","modified_gmt":"2023-04-26T21:48:01","slug":"impressum","status":"publish","type":"page","link":"https:\/\/dresden-erkunden.de\/en\/impressum\/","title":{"rendered":"Impressum"},"content":{"rendered":"<div data-elementor-type=\"wp-page\" data-elementor-id=\"64\" class=\"elementor elementor-64\">\n\t\t\t\t\t\t<section class=\"elementor-section elementor-top-section elementor-element elementor-element-7e96ccdf elementor-section-boxed elementor-section-height-default elementor-section-height-default\" data-id=\"7e96ccdf\" data-element_type=\"section\" data-e-type=\"section\">\n\t\t\t\t\t\t<div class=\"elementor-container elementor-column-gap-default\">\n\t\t\t\t\t<div class=\"elementor-column elementor-col-100 elementor-top-column elementor-element elementor-element-70477012\" data-id=\"70477012\" data-element_type=\"column\" data-e-type=\"column\">\n\t\t\t<div class=\"elementor-widget-wrap elementor-element-populated\">\n\t\t\t\t\t\t<div class=\"elementor-element elementor-element-16c47a86 elementor-widget elementor-widget-text-editor\" data-id=\"16c47a86\" data-element_type=\"widget\" data-e-type=\"widget\" data-widget_type=\"text-editor.default\">\n\t\t\t\t<div class=\"elementor-widget-container\">\n\t\t\t\t\t\t\t\t\t<p>Kathrin Wilhelm<br \/>Altcosch\u00fctz 17<br \/>01189 Dresden<\/p><p><strong>Phone<\/strong>: +49 (0) 351 4019601<br \/><strong>E-Mail<\/strong>:\u00a0 info(at)dresden-erkunden.de<br \/><strong>Internet<\/strong>: <a href=\"https:\/\/relaunch.dresden-erkunden.de\">www.dresden-erkunden.de<\/a><\/p><p>Finanzamt Dresden III<br \/>Steuernummer: 203 \/ 287 \/ 04014<\/p><p>F\u00fcr den Inhalt der Website verantwortlich gem\u00e4\u00df \u00a755 Abs. 2RStV: Kathrin Wilhelm<\/p><p>Webdesign: <a href=\"https:\/\/www.andreas-kittelmann.de\/\" target=\"_blank\" rel=\"noopener nofollow\">Andreas Kittelmann<\/a><\/p><p><strong>Haftungshinweis<br \/><\/strong>Trotz sorgf\u00e4ltiger inhaltlicher \u00dcberpr\u00fcfung \u00fcbernehme ich keine Haftung f\u00fcr die Inhalte externer Links. F\u00fcr den Inhalt der verlinkten Seiten sind ausschlie\u00dflich deren Betreiber verantwortlich.<\/p>\t\t\t\t\t\t\t\t<\/div>\n\t\t\t\t<\/div>\n\t\t\t\t\t<\/div>\n\t\t<\/div>\n\t\t\t\t\t<\/div>\n\t\t<\/section>\n\t\t\t\t<\/div>","protected":false},"excerpt":{"rendered":"<p>Kathrin WilhelmAltcosch\u00fctz 1701189 Dresden Telefon: +49 (0) 351 4019601E-Mail:\u00a0 info(at)dresden-erkunden.deInternet: www.dresden-erkunden.de Finanzamt Dresden IIISteuernummer: 203 \/ 287 \/ 04014 F\u00fcr den Inhalt der Website verantwortlich gem\u00e4\u00df \u00a755 Abs. 2RStV: Kathrin Wilhelm Webdesign: Andreas Kittelmann HaftungshinweisTrotz sorgf\u00e4ltiger inhaltlicher \u00dcberpr\u00fcfung \u00fcbernehme ich keine Haftung f\u00fcr die Inhalte externer Links. F\u00fcr den Inhalt der verlinkten Seiten sind ausschlie\u00dflich [&hellip;]<\/p>\n","protected":false},"author":1,"featured_media":0,"parent":0,"menu_order":14,"comment_status":"closed","ping_status":"closed","template":"","meta":{"ocean_post_layout":"","ocean_both_sidebars_style":"","ocean_both_sidebars_content_width":0,"ocean_both_sidebars_sidebars_width":0,"ocean_sidebar":"","ocean_second_sidebar":"","ocean_disable_margins":"enable","ocean_add_body_class":"","ocean_shortcode_before_top_bar":"","ocean_shortcode_after_top_bar":"","ocean_shortcode_before_header":"","ocean_shortcode_after_header":"","ocean_has_shortcode":"","ocean_shortcode_after_title":"","ocean_shortcode_before_footer_widgets":"","ocean_shortcode_after_footer_widgets":"","ocean_shortcode_before_footer_bottom":"","ocean_shortcode_after_footer_bottom":"","ocean_display_top_bar":"default","ocean_display_header":"default","ocean_header_style":"","ocean_center_header_left_menu":"","ocean_custom_header_template":"","ocean_custom_logo":0,"ocean_custom_retina_logo":0,"ocean_custom_logo_max_width":0,"ocean_custom_logo_tablet_max_width":0,"ocean_custom_logo_mobile_max_width":0,"ocean_custom_logo_max_height":0,"ocean_custom_logo_tablet_max_height":0,"ocean_custom_logo_mobile_max_height":0,"ocean_header_custom_menu":"","ocean_menu_typo_font_family":"","ocean_menu_typo_font_subset":"","ocean_menu_typo_font_size":0,"ocean_menu_typo_font_size_tablet":0,"ocean_menu_typo_font_size_mobile":0,"ocean_menu_typo_font_size_unit":"px","ocean_menu_typo_font_weight":"","ocean_menu_typo_font_weight_tablet":"","ocean_menu_typo_font_weight_mobile":"","ocean_menu_typo_transform":"","ocean_menu_typo_transform_tablet":"","ocean_menu_typo_transform_mobile":"","ocean_menu_typo_line_height":0,"ocean_menu_typo_line_height_tablet":0,"ocean_menu_typo_line_height_mobile":0,"ocean_menu_typo_line_height_unit":"","ocean_menu_typo_spacing":0,"ocean_menu_typo_spacing_tablet":0,"ocean_menu_typo_spacing_mobile":0,"ocean_menu_typo_spacing_unit":"","ocean_menu_link_color":"","ocean_menu_link_color_hover":"","ocean_menu_link_color_active":"","ocean_menu_link_background":"","ocean_menu_link_hover_background":"","ocean_menu_link_active_background":"","ocean_menu_social_links_bg":"","ocean_menu_social_hover_links_bg":"","ocean_menu_social_links_color":"","ocean_menu_social_hover_links_color":"","ocean_disable_title":"default","ocean_disable_heading":"default","ocean_post_title":"","ocean_post_subheading":"","ocean_post_title_style":"","ocean_post_title_background_color":"","ocean_post_title_background":0,"ocean_post_title_bg_image_position":"","ocean_post_title_bg_image_attachment":"","ocean_post_title_bg_image_repeat":"","ocean_post_title_bg_image_size":"","ocean_post_title_height":0,"ocean_post_title_bg_overlay":0.5,"ocean_post_title_bg_overlay_color":"","ocean_disable_breadcrumbs":"default","ocean_breadcrumbs_color":"","ocean_breadcrumbs_separator_color":"","ocean_breadcrumbs_links_color":"","ocean_breadcrumbs_links_hover_color":"","ocean_display_footer_widgets":"default","ocean_display_footer_bottom":"default","ocean_custom_footer_template":"","footnotes":""},"class_list":["post-64","page","type-page","status-publish","hentry","entry"],"_links":{"self":[{"href":"https:\/\/dresden-erkunden.de\/en\/wp-json\/wp\/v2\/pages\/64","targetHints":{"allow":["GET"]}}],"collection":[{"href":"https:\/\/dresden-erkunden.de\/en\/wp-json\/wp\/v2\/pages"}],"about":[{"href":"https:\/\/dresden-erkunden.de\/en\/wp-json\/wp\/v2\/types\/page"}],"author":[{"embeddable":true,"href":"https:\/\/dresden-erkunden.de\/en\/wp-json\/wp\/v2\/users\/1"}],"replies":[{"embeddable":true,"href":"https:\/\/dresden-erkunden.de\/en\/wp-json\/wp\/v2\/comments?post=64"}],"version-history":[{"count":5,"href":"https:\/\/dresden-erkunden.de\/en\/wp-json\/wp\/v2\/pages\/64\/revisions"}],"predecessor-version":[{"id":2921,"href":"https:\/\/dresden-erkunden.de\/en\/wp-json\/wp\/v2\/pages\/64\/revisions\/2921"}],"wp:attachment":[{"href":"https:\/\/dresden-erkunden.de\/en\/wp-json\/wp\/v2\/media?parent=64"}],"curies":[{"name":"wp","href":"https:\/\/api.w.org\/{rel}","templated":true}]}}