{"id":758,"date":"2022-09-02T14:15:06","date_gmt":"2022-09-02T12:15:06","guid":{"rendered":"https:\/\/dresden-erkunden.de\/?page_id=758"},"modified":"2023-04-26T23:49:53","modified_gmt":"2023-04-26T21:49:53","slug":"stadtrundgang-altstadt-der-klassiker","status":"publish","type":"page","link":"https:\/\/dresden-erkunden.de\/en\/stadtrundgaenge-in-dresden\/stadtrundgang-altstadt-der-klassiker\/","title":{"rendered":"Walking tour of the Old Town \u2013 the classic"},"content":{"rendered":"<div data-elementor-type=\"wp-page\" data-elementor-id=\"758\" class=\"elementor elementor-758\">\n\t\t\t\t\t\t<section class=\"elementor-section elementor-top-section elementor-element elementor-element-38bcaa8 elementor-section-boxed elementor-section-height-default elementor-section-height-default\" data-id=\"38bcaa8\" data-element_type=\"section\" data-e-type=\"section\">\n\t\t\t\t\t\t<div class=\"elementor-container elementor-column-gap-default\">\n\t\t\t\t\t<div class=\"elementor-column elementor-col-100 elementor-top-column elementor-element elementor-element-df57390\" data-id=\"df57390\" data-element_type=\"column\" data-e-type=\"column\">\n\t\t\t<div class=\"elementor-widget-wrap elementor-element-populated\">\n\t\t\t\t\t\t<div class=\"elementor-element elementor-element-1fd3e5f animated-slow elementor-arrows-position-inside elementor-pagination-position-outside elementor-invisible elementor-widget elementor-widget-image-carousel\" data-id=\"1fd3e5f\" data-element_type=\"widget\" data-e-type=\"widget\" data-settings=\"{&quot;autoplay&quot;:&quot;no&quot;,&quot;image_spacing_custom&quot;:{&quot;unit&quot;:&quot;px&quot;,&quot;size&quot;:3,&quot;sizes&quot;:[]},&quot;_animation&quot;:&quot;fadeIn&quot;,&quot;_animation_delay&quot;:50,&quot;infinite&quot;:&quot;no&quot;,&quot;navigation&quot;:&quot;both&quot;,&quot;speed&quot;:500,&quot;image_spacing_custom_tablet&quot;:{&quot;unit&quot;:&quot;px&quot;,&quot;size&quot;:&quot;&quot;,&quot;sizes&quot;:[]},&quot;image_spacing_custom_mobile&quot;:{&quot;unit&quot;:&quot;px&quot;,&quot;size&quot;:&quot;&quot;,&quot;sizes&quot;:[]}}\" data-widget_type=\"image-carousel.default\">\n\t\t\t\t<div class=\"elementor-widget-container\">\n\t\t\t\t\t\t\t<div class=\"elementor-image-carousel-wrapper swiper\" role=\"region\" aria-roledescription=\"carousel\" aria-label=\"Image Carousel\" dir=\"ltr\">\n\t\t\t<div class=\"elementor-image-carousel swiper-wrapper\" aria-live=\"polite\">\n\t\t\t\t\t\t\t\t<div class=\"swiper-slide\" role=\"group\" aria-roledescription=\"slide\" aria-label=\"1 of 9\" data-no-translation-aria-label=\"\"><a data-elementor-open-lightbox=\"yes\" data-elementor-lightbox-slideshow=\"1fd3e5f\" data-elementor-lightbox-title=\"F\u00fcrstenzug\" data-e-action-hash=\"#elementor-action%3Aaction%3Dlightbox%26settings%3DeyJpZCI6MTQ1OCwidXJsIjoiaHR0cHM6XC9cL2RyZXNkZW4tZXJrdW5kZW4uZGVcL3dwLWNvbnRlbnRcL3VwbG9hZHNcLzIwMjJcLzA5XC9BbHRzdGFkdF9EU0MwNjUzN19xdWFkLmpwZyIsInNsaWRlc2hvdyI6IjFmZDNlNWYifQ%3D%3D\" href=\"https:\/\/dresden-erkunden.de\/wp-content\/uploads\/2022\/09\/Altstadt_DSC06537_quad.jpg\"><figure class=\"swiper-slide-inner\"><img decoding=\"async\" class=\"swiper-slide-image\" src=\"https:\/\/dresden-erkunden.de\/wp-content\/uploads\/2022\/09\/Altstadt_DSC06537_quad.jpg\" alt=\"F\u00fcrstenzug\" \/><\/figure><\/a><\/div><div class=\"swiper-slide\" role=\"group\" aria-roledescription=\"slide\" aria-label=\"2 of 9\" data-no-translation-aria-label=\"\"><a data-elementor-open-lightbox=\"yes\" data-elementor-lightbox-slideshow=\"1fd3e5f\" data-elementor-lightbox-title=\"Altstadt_DSC06521_quad\" data-e-action-hash=\"#elementor-action%3Aaction%3Dlightbox%26settings%3DeyJpZCI6MjM1MSwidXJsIjoiaHR0cHM6XC9cL2RyZXNkZW4tZXJrdW5kZW4uZGVcL3dwLWNvbnRlbnRcL3VwbG9hZHNcLzIwMjNcLzAxXC9BbHRzdGFkdF9EU0MwNjUyMV9xdWFkLmpwZyIsInNsaWRlc2hvdyI6IjFmZDNlNWYifQ%3D%3D\" href=\"https:\/\/dresden-erkunden.de\/wp-content\/uploads\/2023\/01\/Altstadt_DSC06521_quad.jpg\"><figure class=\"swiper-slide-inner\"><img decoding=\"async\" class=\"swiper-slide-image\" src=\"https:\/\/dresden-erkunden.de\/wp-content\/uploads\/2023\/01\/Altstadt_DSC06521_quad.jpg\" alt=\"Altstadt_DSC06521_quad\" \/><\/figure><\/a><\/div><div class=\"swiper-slide\" role=\"group\" aria-roledescription=\"slide\" aria-label=\"3 of 9\" data-no-translation-aria-label=\"\"><a data-elementor-open-lightbox=\"yes\" data-elementor-lightbox-slideshow=\"1fd3e5f\" data-elementor-lightbox-title=\"Altstadt_Dresden_8_quad\" data-e-action-hash=\"#elementor-action%3Aaction%3Dlightbox%26settings%3DeyJpZCI6MTQ1MywidXJsIjoiaHR0cHM6XC9cL2RyZXNkZW4tZXJrdW5kZW4uZGVcL3dwLWNvbnRlbnRcL3VwbG9hZHNcLzIwMjJcLzA5XC9BbHRzdGFkdF9EcmVzZGVuXzhfcXVhZC5qcGciLCJzbGlkZXNob3ciOiIxZmQzZTVmIn0%3D\" href=\"https:\/\/dresden-erkunden.de\/wp-content\/uploads\/2022\/09\/Altstadt_Dresden_8_quad.jpg\"><figure class=\"swiper-slide-inner\"><img decoding=\"async\" class=\"swiper-slide-image\" src=\"https:\/\/dresden-erkunden.de\/wp-content\/uploads\/2022\/09\/Altstadt_Dresden_8_quad.jpg\" alt=\"Altstadt_Dresden_8_quad\" \/><\/figure><\/a><\/div><div class=\"swiper-slide\" role=\"group\" aria-roledescription=\"slide\" aria-label=\"4 of 9\" data-no-translation-aria-label=\"\"><a data-elementor-open-lightbox=\"yes\" data-elementor-lightbox-slideshow=\"1fd3e5f\" data-elementor-lightbox-title=\"Altstadt_DSC00926_quad\" data-e-action-hash=\"#elementor-action%3Aaction%3Dlightbox%26settings%3DeyJpZCI6MTQ1NSwidXJsIjoiaHR0cHM6XC9cL2RyZXNkZW4tZXJrdW5kZW4uZGVcL3dwLWNvbnRlbnRcL3VwbG9hZHNcLzIwMjJcLzA5XC9BbHRzdGFkdF9EU0MwMDkyNl9xdWFkLmpwZyIsInNsaWRlc2hvdyI6IjFmZDNlNWYifQ%3D%3D\" href=\"https:\/\/dresden-erkunden.de\/wp-content\/uploads\/2022\/09\/Altstadt_DSC00926_quad.jpg\"><figure class=\"swiper-slide-inner\"><img decoding=\"async\" class=\"swiper-slide-image\" src=\"https:\/\/dresden-erkunden.de\/wp-content\/uploads\/2022\/09\/Altstadt_DSC00926_quad.jpg\" alt=\"Altstadt_DSC00926_quad\" \/><\/figure><\/a><\/div><div class=\"swiper-slide\" role=\"group\" aria-roledescription=\"slide\" aria-label=\"5 of 9\" data-no-translation-aria-label=\"\"><a data-elementor-open-lightbox=\"yes\" data-elementor-lightbox-slideshow=\"1fd3e5f\" data-elementor-lightbox-title=\"Altstadt_DSC06539_quad\" data-e-action-hash=\"#elementor-action%3Aaction%3Dlightbox%26settings%3DeyJpZCI6MTQ1OSwidXJsIjoiaHR0cHM6XC9cL2RyZXNkZW4tZXJrdW5kZW4uZGVcL3dwLWNvbnRlbnRcL3VwbG9hZHNcLzIwMjJcLzA5XC9BbHRzdGFkdF9EU0MwNjUzOV9xdWFkLmpwZyIsInNsaWRlc2hvdyI6IjFmZDNlNWYifQ%3D%3D\" href=\"https:\/\/dresden-erkunden.de\/wp-content\/uploads\/2022\/09\/Altstadt_DSC06539_quad.jpg\"><figure class=\"swiper-slide-inner\"><img decoding=\"async\" class=\"swiper-slide-image\" src=\"https:\/\/dresden-erkunden.de\/wp-content\/uploads\/2022\/09\/Altstadt_DSC06539_quad.jpg\" alt=\"Altstadt_DSC06539_quad\" \/><\/figure><\/a><\/div><div class=\"swiper-slide\" role=\"group\" aria-roledescription=\"slide\" aria-label=\"6 of 9\" data-no-translation-aria-label=\"\"><a data-elementor-open-lightbox=\"yes\" data-elementor-lightbox-slideshow=\"1fd3e5f\" data-elementor-lightbox-title=\"Altstadt_DSC06545_quad\" data-e-action-hash=\"#elementor-action%3Aaction%3Dlightbox%26settings%3DeyJpZCI6MTQ2MCwidXJsIjoiaHR0cHM6XC9cL2RyZXNkZW4tZXJrdW5kZW4uZGVcL3dwLWNvbnRlbnRcL3VwbG9hZHNcLzIwMjJcLzA5XC9BbHRzdGFkdF9EU0MwNjU0NV9xdWFkLmpwZyIsInNsaWRlc2hvdyI6IjFmZDNlNWYifQ%3D%3D\" href=\"https:\/\/dresden-erkunden.de\/wp-content\/uploads\/2022\/09\/Altstadt_DSC06545_quad.jpg\"><figure class=\"swiper-slide-inner\"><img decoding=\"async\" class=\"swiper-slide-image\" src=\"https:\/\/dresden-erkunden.de\/wp-content\/uploads\/2022\/09\/Altstadt_DSC06545_quad.jpg\" alt=\"Altstadt_DSC06545_quad\" \/><\/figure><\/a><\/div><div class=\"swiper-slide\" role=\"group\" aria-roledescription=\"slide\" aria-label=\"7 of 9\" data-no-translation-aria-label=\"\"><a data-elementor-open-lightbox=\"yes\" data-elementor-lightbox-slideshow=\"1fd3e5f\" data-elementor-lightbox-title=\"Altstadt_DSC06548_quad\" data-e-action-hash=\"#elementor-action%3Aaction%3Dlightbox%26settings%3DeyJpZCI6MTQ2MSwidXJsIjoiaHR0cHM6XC9cL2RyZXNkZW4tZXJrdW5kZW4uZGVcL3dwLWNvbnRlbnRcL3VwbG9hZHNcLzIwMjJcLzA5XC9BbHRzdGFkdF9EU0MwNjU0OF9xdWFkLmpwZyIsInNsaWRlc2hvdyI6IjFmZDNlNWYifQ%3D%3D\" href=\"https:\/\/dresden-erkunden.de\/wp-content\/uploads\/2022\/09\/Altstadt_DSC06548_quad.jpg\"><figure class=\"swiper-slide-inner\"><img decoding=\"async\" class=\"swiper-slide-image\" src=\"https:\/\/dresden-erkunden.de\/wp-content\/uploads\/2022\/09\/Altstadt_DSC06548_quad.jpg\" alt=\"Altstadt_DSC06548_quad\" \/><\/figure><\/a><\/div><div class=\"swiper-slide\" role=\"group\" aria-roledescription=\"slide\" aria-label=\"8 of 9\" data-no-translation-aria-label=\"\"><a data-elementor-open-lightbox=\"yes\" data-elementor-lightbox-slideshow=\"1fd3e5f\" data-elementor-lightbox-title=\"Altstadt_DSC06564_quad\" data-e-action-hash=\"#elementor-action%3Aaction%3Dlightbox%26settings%3DeyJpZCI6MTQ2MywidXJsIjoiaHR0cHM6XC9cL2RyZXNkZW4tZXJrdW5kZW4uZGVcL3dwLWNvbnRlbnRcL3VwbG9hZHNcLzIwMjJcLzA5XC9BbHRzdGFkdF9EU0MwNjU2NF9xdWFkLmpwZyIsInNsaWRlc2hvdyI6IjFmZDNlNWYifQ%3D%3D\" href=\"https:\/\/dresden-erkunden.de\/wp-content\/uploads\/2022\/09\/Altstadt_DSC06564_quad.jpg\"><figure class=\"swiper-slide-inner\"><img decoding=\"async\" class=\"swiper-slide-image\" src=\"https:\/\/dresden-erkunden.de\/wp-content\/uploads\/2022\/09\/Altstadt_DSC06564_quad.jpg\" alt=\"Altstadt_DSC06564_quad\" \/><\/figure><\/a><\/div><div class=\"swiper-slide\" role=\"group\" aria-roledescription=\"slide\" aria-label=\"9 of 9\" data-no-translation-aria-label=\"\"><a data-elementor-open-lightbox=\"yes\" data-elementor-lightbox-slideshow=\"1fd3e5f\" data-elementor-lightbox-title=\"Altstadt_Dresden_night_quad\" data-e-action-hash=\"#elementor-action%3Aaction%3Dlightbox%26settings%3DeyJpZCI6MTQ1NCwidXJsIjoiaHR0cHM6XC9cL2RyZXNkZW4tZXJrdW5kZW4uZGVcL3dwLWNvbnRlbnRcL3VwbG9hZHNcLzIwMjJcLzA5XC9BbHRzdGFkdF9EcmVzZGVuX25pZ2h0X3F1YWQuanBnIiwic2xpZGVzaG93IjoiMWZkM2U1ZiJ9\" href=\"https:\/\/dresden-erkunden.de\/wp-content\/uploads\/2022\/09\/Altstadt_Dresden_night_quad.jpg\"><figure class=\"swiper-slide-inner\"><img decoding=\"async\" class=\"swiper-slide-image\" src=\"https:\/\/dresden-erkunden.de\/wp-content\/uploads\/2022\/09\/Altstadt_Dresden_night_quad.jpg\" alt=\"Altstadt_Dresden_night_quad\" \/><\/figure><\/a><\/div>\t\t\t<\/div>\n\t\t\t\t\t\t\t\t\t\t\t\t<div class=\"elementor-swiper-button elementor-swiper-button-prev\" role=\"button\" tabindex=\"0\">\n\t\t\t\t\t\t<i aria-hidden=\"true\" class=\"eicon-chevron-left\"><\/i>\t\t\t\t\t<\/div>\n\t\t\t\t\t<div class=\"elementor-swiper-button elementor-swiper-button-next\" role=\"button\" tabindex=\"0\">\n\t\t\t\t\t\t<i aria-hidden=\"true\" class=\"eicon-chevron-right\"><\/i>\t\t\t\t\t<\/div>\n\t\t\t\t\n\t\t\t\t\t\t\t\t\t<div class=\"swiper-pagination\"><\/div>\n\t\t\t\t\t\t\t\t\t<\/div>\n\t\t\t\t\t\t<\/div>\n\t\t\t\t<\/div>\n\t\t\t\t\t<\/div>\n\t\t<\/div>\n\t\t\t\t\t<\/div>\n\t\t<\/section>\n\t\t\t\t<section class=\"elementor-section elementor-top-section elementor-element elementor-element-9799c40 elementor-section-boxed elementor-section-height-default elementor-section-height-default\" data-id=\"9799c40\" data-element_type=\"section\" data-e-type=\"section\">\n\t\t\t\t\t\t<div class=\"elementor-container elementor-column-gap-default\">\n\t\t\t\t\t<div class=\"elementor-column elementor-col-100 elementor-top-column elementor-element elementor-element-e52f769\" data-id=\"e52f769\" data-element_type=\"column\" data-e-type=\"column\">\n\t\t\t<div class=\"elementor-widget-wrap elementor-element-populated\">\n\t\t\t\t\t\t<div class=\"elementor-element elementor-element-bea6f96 elementor-widget elementor-widget-text-editor\" data-id=\"bea6f96\" data-element_type=\"widget\" data-e-type=\"widget\" data-widget_type=\"text-editor.default\">\n\t\t\t\t<div class=\"elementor-widget-container\">\n\t\t\t\t\t\t\t\t\t<p class=\"translation-block\"><b>Route<\/b>: Theatre Square (Semper Opera House, Cathedral S. Trinity, Italian Village Restaurant, Old Guardhouse) \u2013 Zwinger - Royal Residence \u2013 Taschenberg Palace \u2013 Altmarkt Square \u2013 Church oft he Cross \u2013 Neumarkt Square \u2013 Church of Our Lady\/Frauenkirche \u2013 Stable Yard \u2013 Procession of Princes \u2013 Bruehl Terrace<\/p><p class=\"translation-block\"><strong>Duration:<\/strong> 2 hours<\/p><p>This walking tour is a good introduction for every Dresden visitor. It gives you a first overview of the historic Old Town. You will immerse yourself in the 800-year history of Dresden and get to know the highlights of the Baroque city centre.\nThe Baroque period in Dresden is closely connected with the dazzling person of Augustus the Strong. Get to know him as a monarch with a pronounced sense of power and a great passion for architecture and art, and enjoy the countless legends that surround this Saxon elector, who was also King of Poland.<\/p><p>With the help of an extensive portfolio of pictures I would like to show you the old Dresden before its demise in 1945. And since the reconstruction is still not completed today, you will be a witness of this exciting process.<\/p>\t\t\t\t\t\t\t\t<\/div>\n\t\t\t\t<\/div>\n\t\t\t\t\t<\/div>\n\t\t<\/div>\n\t\t\t\t\t<\/div>\n\t\t<\/section>\n\t\t\t\t<\/div>","protected":false},"excerpt":{"rendered":"<p>Zur\u00fcck Weiter Route:\u00a0Theaterplatz (Semperoper, ehem. Katholische Hofkirche\/Kathedrale St. Trinitatis, Italienisches D\u00f6rfchen, Altst\u00e4dter Wache) \u2013 Zwinger \u2013 Residenzschloss \u2013 Taschenbergpalais \u2013 Altmarkt \u2013 Kreuzkirche \u2013 Neumarkt \u2013 Frauenkirche \u2013 Stallhof \u2013 F\u00fcrstenzug \u2013 Br\u00fchlsche Terrasse Dauer: 2 Stunden Dieser Stadtrundgang ist ein guter Einstieg f\u00fcr jeden Dresden-Besucher. Er vermittelt Ihnen einen ersten \u00dcberblick \u00fcber die historische [&hellip;]<\/p>\n","protected":false},"author":2,"featured_media":0,"parent":560,"menu_order":1,"comment_status":"closed","ping_status":"closed","template":"","meta":{"ocean_post_layout":"","ocean_both_sidebars_style":"","ocean_both_sidebars_content_width":0,"ocean_both_sidebars_sidebars_width":0,"ocean_sidebar":"0","ocean_second_sidebar":"0","ocean_disable_margins":"enable","ocean_add_body_class":"","ocean_shortcode_before_top_bar":"","ocean_shortcode_after_top_bar":"","ocean_shortcode_before_header":"","ocean_shortcode_after_header":"","ocean_has_shortcode":"","ocean_shortcode_after_title":"","ocean_shortcode_before_footer_widgets":"","ocean_shortcode_after_footer_widgets":"","ocean_shortcode_before_footer_bottom":"","ocean_shortcode_after_footer_bottom":"","ocean_display_top_bar":"default","ocean_display_header":"default","ocean_header_style":"","ocean_center_header_left_menu":"0","ocean_custom_header_template":"0","ocean_custom_logo":0,"ocean_custom_retina_logo":0,"ocean_custom_logo_max_width":0,"ocean_custom_logo_tablet_max_width":0,"ocean_custom_logo_mobile_max_width":0,"ocean_custom_logo_max_height":0,"ocean_custom_logo_tablet_max_height":0,"ocean_custom_logo_mobile_max_height":0,"ocean_header_custom_menu":"0","ocean_menu_typo_font_family":"0","ocean_menu_typo_font_subset":"","ocean_menu_typo_font_size":0,"ocean_menu_typo_font_size_tablet":0,"ocean_menu_typo_font_size_mobile":0,"ocean_menu_typo_font_size_unit":"px","ocean_menu_typo_font_weight":"","ocean_menu_typo_font_weight_tablet":"","ocean_menu_typo_font_weight_mobile":"","ocean_menu_typo_transform":"","ocean_menu_typo_transform_tablet":"","ocean_menu_typo_transform_mobile":"","ocean_menu_typo_line_height":0,"ocean_menu_typo_line_height_tablet":0,"ocean_menu_typo_line_height_mobile":0,"ocean_menu_typo_line_height_unit":"","ocean_menu_typo_spacing":0,"ocean_menu_typo_spacing_tablet":0,"ocean_menu_typo_spacing_mobile":0,"ocean_menu_typo_spacing_unit":"","ocean_menu_link_color":"","ocean_menu_link_color_hover":"","ocean_menu_link_color_active":"","ocean_menu_link_background":"","ocean_menu_link_hover_background":"","ocean_menu_link_active_background":"","ocean_menu_social_links_bg":"","ocean_menu_social_hover_links_bg":"","ocean_menu_social_links_color":"","ocean_menu_social_hover_links_color":"","ocean_disable_title":"default","ocean_disable_heading":"default","ocean_post_title":"","ocean_post_subheading":"","ocean_post_title_style":"","ocean_post_title_background_color":"","ocean_post_title_background":0,"ocean_post_title_bg_image_position":"","ocean_post_title_bg_image_attachment":"","ocean_post_title_bg_image_repeat":"","ocean_post_title_bg_image_size":"","ocean_post_title_height":0,"ocean_post_title_bg_overlay":0.5,"ocean_post_title_bg_overlay_color":"","ocean_disable_breadcrumbs":"default","ocean_breadcrumbs_color":"","ocean_breadcrumbs_separator_color":"","ocean_breadcrumbs_links_color":"","ocean_breadcrumbs_links_hover_color":"","ocean_display_footer_widgets":"default","ocean_display_footer_bottom":"default","ocean_custom_footer_template":"0","footnotes":""},"class_list":["post-758","page","type-page","status-publish","hentry","entry"],"_links":{"self":[{"href":"https:\/\/dresden-erkunden.de\/en\/wp-json\/wp\/v2\/pages\/758","targetHints":{"allow":["GET"]}}],"collection":[{"href":"https:\/\/dresden-erkunden.de\/en\/wp-json\/wp\/v2\/pages"}],"about":[{"href":"https:\/\/dresden-erkunden.de\/en\/wp-json\/wp\/v2\/types\/page"}],"author":[{"embeddable":true,"href":"https:\/\/dresden-erkunden.de\/en\/wp-json\/wp\/v2\/users\/2"}],"replies":[{"embeddable":true,"href":"https:\/\/dresden-erkunden.de\/en\/wp-json\/wp\/v2\/comments?post=758"}],"version-history":[{"count":30,"href":"https:\/\/dresden-erkunden.de\/en\/wp-json\/wp\/v2\/pages\/758\/revisions"}],"predecessor-version":[{"id":3155,"href":"https:\/\/dresden-erkunden.de\/en\/wp-json\/wp\/v2\/pages\/758\/revisions\/3155"}],"up":[{"embeddable":true,"href":"https:\/\/dresden-erkunden.de\/en\/wp-json\/wp\/v2\/pages\/560"}],"wp:attachment":[{"href":"https:\/\/dresden-erkunden.de\/en\/wp-json\/wp\/v2\/media?parent=758"}],"curies":[{"name":"wp","href":"https:\/\/api.w.org\/{rel}","templated":true}]}}