{"id":827,"date":"2022-09-09T13:00:29","date_gmt":"2022-09-09T11:00:29","guid":{"rendered":"https:\/\/dresden-erkunden.de\/?page_id=827"},"modified":"2023-04-26T23:49:52","modified_gmt":"2023-04-26T21:49:52","slug":"coschuetz-und-der-plauensche-grund","status":"publish","type":"page","link":"https:\/\/dresden-erkunden.de\/en\/stadtteilfuehrungen-in-dresden\/coschuetz-und-der-plauensche-grund\/","title":{"rendered":"Cosch\u00fctz und der Plauensche Grund"},"content":{"rendered":"<div data-elementor-type=\"wp-page\" data-elementor-id=\"827\" class=\"elementor elementor-827\">\n\t\t\t\t\t\t<section class=\"elementor-section elementor-top-section elementor-element elementor-element-2b81b0b elementor-section-boxed elementor-section-height-default elementor-section-height-default\" data-id=\"2b81b0b\" data-element_type=\"section\" data-e-type=\"section\">\n\t\t\t\t\t\t<div class=\"elementor-container elementor-column-gap-default\">\n\t\t\t\t\t<div class=\"elementor-column elementor-col-100 elementor-top-column elementor-element elementor-element-9bca2b5\" data-id=\"9bca2b5\" data-element_type=\"column\" data-e-type=\"column\">\n\t\t\t<div class=\"elementor-widget-wrap elementor-element-populated\">\n\t\t\t\t\t\t<div class=\"elementor-element elementor-element-0fdafa3 elementor-arrows-position-inside elementor-pagination-position-outside elementor-widget elementor-widget-image-carousel\" data-id=\"0fdafa3\" data-element_type=\"widget\" data-e-type=\"widget\" data-settings=\"{&quot;autoplay&quot;:&quot;no&quot;,&quot;image_spacing_custom&quot;:{&quot;unit&quot;:&quot;px&quot;,&quot;size&quot;:3,&quot;sizes&quot;:[]},&quot;infinite&quot;:&quot;no&quot;,&quot;navigation&quot;:&quot;both&quot;,&quot;speed&quot;:500,&quot;image_spacing_custom_tablet&quot;:{&quot;unit&quot;:&quot;px&quot;,&quot;size&quot;:&quot;&quot;,&quot;sizes&quot;:[]},&quot;image_spacing_custom_mobile&quot;:{&quot;unit&quot;:&quot;px&quot;,&quot;size&quot;:&quot;&quot;,&quot;sizes&quot;:[]}}\" data-widget_type=\"image-carousel.default\">\n\t\t\t\t<div class=\"elementor-widget-container\">\n\t\t\t\t\t\t\t<div class=\"elementor-image-carousel-wrapper swiper\" role=\"region\" aria-roledescription=\"carousel\" aria-label=\"Image Carousel\" dir=\"ltr\">\n\t\t\t<div class=\"elementor-image-carousel swiper-wrapper\" aria-live=\"polite\">\n\t\t\t\t\t\t\t\t<div class=\"swiper-slide\" role=\"group\" aria-roledescription=\"slide\" aria-label=\"1 of 6\" data-no-translation-aria-label=\"\"><a data-elementor-open-lightbox=\"yes\" data-elementor-lightbox-slideshow=\"0fdafa3\" data-elementor-lightbox-title=\"Altcosch\u00fctz_IMG_8999_quad\" data-e-action-hash=\"#elementor-action%3Aaction%3Dlightbox%26settings%3DeyJpZCI6MjM0OCwidXJsIjoiaHR0cHM6XC9cL2RyZXNkZW4tZXJrdW5kZW4uZGVcL3dwLWNvbnRlbnRcL3VwbG9hZHNcLzIwMjNcLzAxXC9BbHRjb3NjaHVldHpfSU1HXzg5OTlfcXVhZC5qcGciLCJzbGlkZXNob3ciOiIwZmRhZmEzIn0%3D\" href=\"https:\/\/dresden-erkunden.de\/wp-content\/uploads\/2023\/01\/Altcoschuetz_IMG_8999_quad.jpg\"><figure class=\"swiper-slide-inner\"><img decoding=\"async\" class=\"swiper-slide-image\" src=\"https:\/\/dresden-erkunden.de\/wp-content\/uploads\/2023\/01\/Altcoschuetz_IMG_8999_quad-300x300.jpg\" alt=\"Altcosch\u00fctz_IMG_8999_quad\" \/><\/figure><\/a><\/div><div class=\"swiper-slide\" role=\"group\" aria-roledescription=\"slide\" aria-label=\"2 of 6\" data-no-translation-aria-label=\"\"><a data-elementor-open-lightbox=\"yes\" data-elementor-lightbox-slideshow=\"0fdafa3\" data-elementor-lightbox-title=\"Altcosch\u00fctz_IMG_9003_quad\" data-e-action-hash=\"#elementor-action%3Aaction%3Dlightbox%26settings%3DeyJpZCI6MjM0OSwidXJsIjoiaHR0cHM6XC9cL2RyZXNkZW4tZXJrdW5kZW4uZGVcL3dwLWNvbnRlbnRcL3VwbG9hZHNcLzIwMjNcLzAxXC9BbHRjb3NjaHVldHpfSU1HXzkwMDNfcXVhZC5qcGciLCJzbGlkZXNob3ciOiIwZmRhZmEzIn0%3D\" href=\"https:\/\/dresden-erkunden.de\/wp-content\/uploads\/2023\/01\/Altcoschuetz_IMG_9003_quad.jpg\"><figure class=\"swiper-slide-inner\"><img decoding=\"async\" class=\"swiper-slide-image\" src=\"https:\/\/dresden-erkunden.de\/wp-content\/uploads\/2023\/01\/Altcoschuetz_IMG_9003_quad-300x300.jpg\" alt=\"Altcosch\u00fctz_IMG_9003_quad\" \/><\/figure><\/a><\/div><div class=\"swiper-slide\" role=\"group\" aria-roledescription=\"slide\" aria-label=\"3 of 6\" data-no-translation-aria-label=\"\"><a data-elementor-open-lightbox=\"yes\" data-elementor-lightbox-slideshow=\"0fdafa3\" data-elementor-lightbox-title=\"Altcosch\u00fctz_IMG_9004_quad\" data-e-action-hash=\"#elementor-action%3Aaction%3Dlightbox%26settings%3DeyJpZCI6MjM1MCwidXJsIjoiaHR0cHM6XC9cL2RyZXNkZW4tZXJrdW5kZW4uZGVcL3dwLWNvbnRlbnRcL3VwbG9hZHNcLzIwMjNcLzAxXC9BbHRjb3NjaHVldHpfSU1HXzkwMDRfcXVhZC5qcGciLCJzbGlkZXNob3ciOiIwZmRhZmEzIn0%3D\" href=\"https:\/\/dresden-erkunden.de\/wp-content\/uploads\/2023\/01\/Altcoschuetz_IMG_9004_quad.jpg\"><figure class=\"swiper-slide-inner\"><img decoding=\"async\" class=\"swiper-slide-image\" src=\"https:\/\/dresden-erkunden.de\/wp-content\/uploads\/2023\/01\/Altcoschuetz_IMG_9004_quad-300x300.jpg\" alt=\"Altcosch\u00fctz_IMG_9004_quad\" \/><\/figure><\/a><\/div><div class=\"swiper-slide\" role=\"group\" aria-roledescription=\"slide\" aria-label=\"4 of 6\" data-no-translation-aria-label=\"\"><a data-elementor-open-lightbox=\"yes\" data-elementor-lightbox-slideshow=\"0fdafa3\" data-elementor-lightbox-title=\"PlauenschGrund_20150916_141543_quad\" data-e-action-hash=\"#elementor-action%3Aaction%3Dlightbox%26settings%3DeyJpZCI6MjAyNSwidXJsIjoiaHR0cHM6XC9cL2RyZXNkZW4tZXJrdW5kZW4uZGVcL3dwLWNvbnRlbnRcL3VwbG9hZHNcLzIwMjJcLzEwXC9QbGF1ZW5zY2hHcnVuZF8yMDE1MDkxNl8xNDE1NDNfcXVhZC5qcGciLCJzbGlkZXNob3ciOiIwZmRhZmEzIn0%3D\" href=\"https:\/\/dresden-erkunden.de\/wp-content\/uploads\/2022\/10\/PlauenschGrund_20150916_141543_quad.jpg\"><figure class=\"swiper-slide-inner\"><img decoding=\"async\" class=\"swiper-slide-image\" src=\"https:\/\/dresden-erkunden.de\/wp-content\/uploads\/2022\/10\/PlauenschGrund_20150916_141543_quad-300x300.jpg\" alt=\"PlauenschGrund_20150916_141543_quad\" \/><\/figure><\/a><\/div><div class=\"swiper-slide\" role=\"group\" aria-roledescription=\"slide\" aria-label=\"5 of 6\" data-no-translation-aria-label=\"\"><a data-elementor-open-lightbox=\"yes\" data-elementor-lightbox-slideshow=\"0fdafa3\" data-elementor-lightbox-title=\"PlauenschGrund_IMG_5586_quad\" data-e-action-hash=\"#elementor-action%3Aaction%3Dlightbox%26settings%3DeyJpZCI6MjAyOSwidXJsIjoiaHR0cHM6XC9cL2RyZXNkZW4tZXJrdW5kZW4uZGVcL3dwLWNvbnRlbnRcL3VwbG9hZHNcLzIwMjJcLzEwXC9QbGF1ZW5zY2hHcnVuZF9JTUdfNTU4Nl9xdWFkLmpwZyIsInNsaWRlc2hvdyI6IjBmZGFmYTMifQ%3D%3D\" href=\"https:\/\/dresden-erkunden.de\/wp-content\/uploads\/2022\/10\/PlauenschGrund_IMG_5586_quad.jpg\"><figure class=\"swiper-slide-inner\"><img decoding=\"async\" class=\"swiper-slide-image\" src=\"https:\/\/dresden-erkunden.de\/wp-content\/uploads\/2022\/10\/PlauenschGrund_IMG_5586_quad-300x300.jpg\" alt=\"PlauenschGrund_IMG_5586_quad\" \/><\/figure><\/a><\/div><div class=\"swiper-slide\" role=\"group\" aria-roledescription=\"slide\" aria-label=\"6 of 6\" data-no-translation-aria-label=\"\"><a data-elementor-open-lightbox=\"yes\" data-elementor-lightbox-slideshow=\"0fdafa3\" data-elementor-lightbox-title=\"PlauenschGrund_IMG_5593_quad\" data-e-action-hash=\"#elementor-action%3Aaction%3Dlightbox%26settings%3DeyJpZCI6MjAzMiwidXJsIjoiaHR0cHM6XC9cL2RyZXNkZW4tZXJrdW5kZW4uZGVcL3dwLWNvbnRlbnRcL3VwbG9hZHNcLzIwMjJcLzEwXC9QbGF1ZW5zY2hHcnVuZF9JTUdfNTU5M19xdWFkLmpwZyIsInNsaWRlc2hvdyI6IjBmZGFmYTMifQ%3D%3D\" href=\"https:\/\/dresden-erkunden.de\/wp-content\/uploads\/2022\/10\/PlauenschGrund_IMG_5593_quad.jpg\"><figure class=\"swiper-slide-inner\"><img decoding=\"async\" class=\"swiper-slide-image\" src=\"https:\/\/dresden-erkunden.de\/wp-content\/uploads\/2022\/10\/PlauenschGrund_IMG_5593_quad-300x300.jpg\" alt=\"PlauenschGrund_IMG_5593_quad\" \/><\/figure><\/a><\/div>\t\t\t<\/div>\n\t\t\t\t\t\t\t\t\t\t\t\t<div class=\"elementor-swiper-button elementor-swiper-button-prev\" role=\"button\" tabindex=\"0\">\n\t\t\t\t\t\t<i aria-hidden=\"true\" class=\"eicon-chevron-left\"><\/i>\t\t\t\t\t<\/div>\n\t\t\t\t\t<div class=\"elementor-swiper-button elementor-swiper-button-next\" role=\"button\" tabindex=\"0\">\n\t\t\t\t\t\t<i aria-hidden=\"true\" class=\"eicon-chevron-right\"><\/i>\t\t\t\t\t<\/div>\n\t\t\t\t\n\t\t\t\t\t\t\t\t\t<div class=\"swiper-pagination\"><\/div>\n\t\t\t\t\t\t\t\t\t<\/div>\n\t\t\t\t\t\t<\/div>\n\t\t\t\t<\/div>\n\t\t\t\t\t<\/div>\n\t\t<\/div>\n\t\t\t\t\t<\/div>\n\t\t<\/section>\n\t\t\t\t<section class=\"elementor-section elementor-top-section elementor-element elementor-element-101da25d elementor-section-boxed elementor-section-height-default elementor-section-height-default\" data-id=\"101da25d\" data-element_type=\"section\" data-e-type=\"section\">\n\t\t\t\t\t\t<div class=\"elementor-container elementor-column-gap-default\">\n\t\t\t\t\t<div class=\"elementor-column elementor-col-100 elementor-top-column elementor-element elementor-element-7fe94e96\" data-id=\"7fe94e96\" data-element_type=\"column\" data-e-type=\"column\">\n\t\t\t<div class=\"elementor-widget-wrap elementor-element-populated\">\n\t\t\t\t\t\t<div class=\"elementor-element elementor-element-1a5a46e6 elementor-widget elementor-widget-text-editor\" data-id=\"1a5a46e6\" data-element_type=\"widget\" data-e-type=\"widget\" data-widget_type=\"text-editor.default\">\n\t\t\t\t<div class=\"elementor-widget-container\">\n\t\t\t\t\t\t\t\t\t<p><b>Route<\/b>: Stra\u00dfenbahnhaltestelle \u201eAchtbeeteweg\u201c \u2013 ehem. Rathaus Cosch\u00fctz \u2013 Dorfplatz- Altcosch\u00fctz \u2013 Coselweg \u2013 ehem. Felsenkellerbrauerei \u2013 Bienert-Wanderweg<span style=\"font-family: Roboto, sans-serif; font-size: 15px; font-style: normal; font-variant-ligatures: normal; font-variant-caps: normal; font-weight: 400;\">\u00a0\u2013\u00a0<\/span>ehem. Hofm\u00fchle<\/p><p class=\"translation-block\"><strong>Duration:<\/strong> 2 hours<\/p><p>Die Industrialisierung des Plauenschen Grundes Ende des 19. Jahrhunderts verbunden mit dem Zuzug vieler Arbeitskr\u00e4fte ver\u00e4nderte auch das kleine Dorf Cosch\u00fctz.\u00a0<\/p><p>Der Weg f\u00fchrt Sie am ehemaligen Rathaus und am \u201eS\u00e4chsischen Rundling\u201c vorbei, \u00fcber den Dorfplatz und durch den alten Dorfkern, der heute zu den am besten erhaltenen in Dresden geh\u00f6rt.<\/p><p>\u00dcber den Coselweg geht es hinab in den Plauenschen Grund. Dass dieser einst ein wildromantisches Tal war, das als kurf\u00fcrstliches Jagdgebiet und Kulisse f\u00fcr h\u00f6fische Feste genutzt wurde, ist heute nur schwer vorstellbar. Gem\u00e4lde bedeutender K\u00fcnstler wie Casper David Friedrich, Anton Graff, Adrian Zingg oder Ludwig Richter haben uns diese Sch\u00f6nheit \u00fcberliefert. Sie werden erfahren, wie sich durch Steinabbau und umfangreiche Industrie- und Verkehrsbauten im 19. und 20. Jahrhundert das Tal ver\u00e4ndert hat.<\/p><p>\u00dcber die \u00e4lteste Steinbogenbr\u00fccke Dresdens gelangen Sie zum Bienert-Wanderweg, der Sie entlang der Wei\u00dferitz nach Plauen zur ehemaligen Hofm\u00fchle bringt. Dort h\u00f6ren Sie etwas von der spannenden Geschichte der einst bedeutendsten industriellen Gro\u00dfm\u00fchle Sachsens und der Familie Bienert.<\/p>\t\t\t\t\t\t\t\t<\/div>\n\t\t\t\t<\/div>\n\t\t\t\t\t<\/div>\n\t\t<\/div>\n\t\t\t\t\t<\/div>\n\t\t<\/section>\n\t\t\t\t<\/div>","protected":false},"excerpt":{"rendered":"<p>Zur\u00fcck Weiter Route: Stra\u00dfenbahnhaltestelle \u201eAchtbeeteweg\u201c \u2013 ehem. Rathaus Cosch\u00fctz \u2013 Dorfplatz- Altcosch\u00fctz \u2013 Coselweg \u2013 ehem. Felsenkellerbrauerei \u2013 Bienert-Wanderweg\u00a0\u2013\u00a0ehem. Hofm\u00fchle Dauer: 2 Stunden Die Industrialisierung des Plauenschen Grundes Ende des 19. Jahrhunderts verbunden mit dem Zuzug vieler Arbeitskr\u00e4fte ver\u00e4nderte auch das kleine Dorf Cosch\u00fctz.\u00a0 Der Weg f\u00fchrt Sie am ehemaligen Rathaus und am \u201eS\u00e4chsischen Rundling\u201c [&hellip;]<\/p>\n","protected":false},"author":2,"featured_media":0,"parent":822,"menu_order":5,"comment_status":"closed","ping_status":"closed","template":"","meta":{"ocean_post_layout":"","ocean_both_sidebars_style":"","ocean_both_sidebars_content_width":0,"ocean_both_sidebars_sidebars_width":0,"ocean_sidebar":"","ocean_second_sidebar":"","ocean_disable_margins":"enable","ocean_add_body_class":"","ocean_shortcode_before_top_bar":"","ocean_shortcode_after_top_bar":"","ocean_shortcode_before_header":"","ocean_shortcode_after_header":"","ocean_has_shortcode":"","ocean_shortcode_after_title":"","ocean_shortcode_before_footer_widgets":"","ocean_shortcode_after_footer_widgets":"","ocean_shortcode_before_footer_bottom":"","ocean_shortcode_after_footer_bottom":"","ocean_display_top_bar":"default","ocean_display_header":"default","ocean_header_style":"","ocean_center_header_left_menu":"","ocean_custom_header_template":"","ocean_custom_logo":0,"ocean_custom_retina_logo":0,"ocean_custom_logo_max_width":0,"ocean_custom_logo_tablet_max_width":0,"ocean_custom_logo_mobile_max_width":0,"ocean_custom_logo_max_height":0,"ocean_custom_logo_tablet_max_height":0,"ocean_custom_logo_mobile_max_height":0,"ocean_header_custom_menu":"","ocean_menu_typo_font_family":"","ocean_menu_typo_font_subset":"","ocean_menu_typo_font_size":0,"ocean_menu_typo_font_size_tablet":0,"ocean_menu_typo_font_size_mobile":0,"ocean_menu_typo_font_size_unit":"px","ocean_menu_typo_font_weight":"","ocean_menu_typo_font_weight_tablet":"","ocean_menu_typo_font_weight_mobile":"","ocean_menu_typo_transform":"","ocean_menu_typo_transform_tablet":"","ocean_menu_typo_transform_mobile":"","ocean_menu_typo_line_height":0,"ocean_menu_typo_line_height_tablet":0,"ocean_menu_typo_line_height_mobile":0,"ocean_menu_typo_line_height_unit":"","ocean_menu_typo_spacing":0,"ocean_menu_typo_spacing_tablet":0,"ocean_menu_typo_spacing_mobile":0,"ocean_menu_typo_spacing_unit":"","ocean_menu_link_color":"","ocean_menu_link_color_hover":"","ocean_menu_link_color_active":"","ocean_menu_link_background":"","ocean_menu_link_hover_background":"","ocean_menu_link_active_background":"","ocean_menu_social_links_bg":"","ocean_menu_social_hover_links_bg":"","ocean_menu_social_links_color":"","ocean_menu_social_hover_links_color":"","ocean_disable_title":"default","ocean_disable_heading":"default","ocean_post_title":"","ocean_post_subheading":"","ocean_post_title_style":"","ocean_post_title_background_color":"","ocean_post_title_background":0,"ocean_post_title_bg_image_position":"","ocean_post_title_bg_image_attachment":"","ocean_post_title_bg_image_repeat":"","ocean_post_title_bg_image_size":"","ocean_post_title_height":0,"ocean_post_title_bg_overlay":0.5,"ocean_post_title_bg_overlay_color":"","ocean_disable_breadcrumbs":"default","ocean_breadcrumbs_color":"","ocean_breadcrumbs_separator_color":"","ocean_breadcrumbs_links_color":"","ocean_breadcrumbs_links_hover_color":"","ocean_display_footer_widgets":"default","ocean_display_footer_bottom":"default","ocean_custom_footer_template":"","footnotes":""},"class_list":["post-827","page","type-page","status-publish","hentry","entry"],"_links":{"self":[{"href":"https:\/\/dresden-erkunden.de\/en\/wp-json\/wp\/v2\/pages\/827","targetHints":{"allow":["GET"]}}],"collection":[{"href":"https:\/\/dresden-erkunden.de\/en\/wp-json\/wp\/v2\/pages"}],"about":[{"href":"https:\/\/dresden-erkunden.de\/en\/wp-json\/wp\/v2\/types\/page"}],"author":[{"embeddable":true,"href":"https:\/\/dresden-erkunden.de\/en\/wp-json\/wp\/v2\/users\/2"}],"replies":[{"embeddable":true,"href":"https:\/\/dresden-erkunden.de\/en\/wp-json\/wp\/v2\/comments?post=827"}],"version-history":[{"count":24,"href":"https:\/\/dresden-erkunden.de\/en\/wp-json\/wp\/v2\/pages\/827\/revisions"}],"predecessor-version":[{"id":3153,"href":"https:\/\/dresden-erkunden.de\/en\/wp-json\/wp\/v2\/pages\/827\/revisions\/3153"}],"up":[{"embeddable":true,"href":"https:\/\/dresden-erkunden.de\/en\/wp-json\/wp\/v2\/pages\/822"}],"wp:attachment":[{"href":"https:\/\/dresden-erkunden.de\/en\/wp-json\/wp\/v2\/media?parent=827"}],"curies":[{"name":"wp","href":"https:\/\/api.w.org\/{rel}","templated":true}]}}