{"id":831,"date":"2022-09-09T13:01:56","date_gmt":"2022-09-09T11:01:56","guid":{"rendered":"https:\/\/dresden-erkunden.de\/?page_id=831"},"modified":"2023-04-26T23:49:38","modified_gmt":"2023-04-26T21:49:38","slug":"stadtrundfahrten-in-dresden","status":"publish","type":"page","link":"https:\/\/dresden-erkunden.de\/en\/stadtrundfahrten-in-dresden\/","title":{"rendered":"STADTRUNDFAHRTEN"},"content":{"rendered":"<div data-elementor-type=\"wp-page\" data-elementor-id=\"831\" class=\"elementor elementor-831\">\n\t\t\t\t\t\t<section class=\"elementor-section elementor-top-section elementor-element elementor-element-bab9a4f elementor-section-boxed elementor-section-height-default elementor-section-height-default\" data-id=\"bab9a4f\" data-element_type=\"section\" data-e-type=\"section\">\n\t\t\t\t\t\t<div class=\"elementor-container elementor-column-gap-default\">\n\t\t\t\t\t<div class=\"elementor-column elementor-col-100 elementor-top-column elementor-element elementor-element-8106110\" data-id=\"8106110\" data-element_type=\"column\" data-e-type=\"column\">\n\t\t\t<div class=\"elementor-widget-wrap elementor-element-populated\">\n\t\t\t\t\t\t<div class=\"elementor-element elementor-element-9f7724d elementor-widget elementor-widget-text-editor\" data-id=\"9f7724d\" data-element_type=\"widget\" data-e-type=\"widget\" data-widget_type=\"text-editor.default\">\n\t\t\t\t<div class=\"elementor-widget-container\">\n\t\t\t\t\t\t\t\t\t<p>Verschaffen Sie sich bei einer Rundfahrt durch Dresden einen \u00dcberblick \u00fcber beide Elbseiten. Sie werden erstaunt sein, wie viel Gr\u00fcn Dresden zu bieten hat und wie das Zusammenspiel von Architektur und Natur immer wieder von Neuem fasziniert.<\/p>\t\t\t\t\t\t\t\t<\/div>\n\t\t\t\t<\/div>\n\t\t\t\t\t<\/div>\n\t\t<\/div>\n\t\t\t\t\t<\/div>\n\t\t<\/section>\n\t\t\t\t<section class=\"elementor-section elementor-top-section elementor-element elementor-element-d55a8ee elementor-section-boxed elementor-section-height-default elementor-section-height-default\" data-id=\"d55a8ee\" data-element_type=\"section\" data-e-type=\"section\">\n\t\t\t\t\t\t<div class=\"elementor-container elementor-column-gap-default\">\n\t\t\t\t\t<div class=\"elementor-column elementor-col-33 elementor-top-column elementor-element elementor-element-a56713f\" data-id=\"a56713f\" data-element_type=\"column\" data-e-type=\"column\">\n\t\t\t<div class=\"elementor-widget-wrap elementor-element-populated\">\n\t\t\t\t\t\t<div class=\"elementor-element elementor-element-952a829 elementor-widget elementor-widget-image\" data-id=\"952a829\" data-element_type=\"widget\" data-e-type=\"widget\" data-widget_type=\"image.default\">\n\t\t\t\t<div class=\"elementor-widget-container\">\n\t\t\t\t\t\t\t\t\t\t\t\t\t\t\t\t<a href=\"https:\/\/dresden-erkunden.de\/en\/stadtrundfahrten-in-dresden\/stadtrundfahrt-mit-besuch-des-schoensten-milchladens-der-welt\/\">\n\t\t\t\t\t\t\t<img fetchpriority=\"high\" decoding=\"async\" width=\"300\" height=\"300\" src=\"https:\/\/dresden-erkunden.de\/wp-content\/uploads\/2022\/10\/SRF_Milchl_DSC06594_quad-300x300.jpg\" class=\"attachment-medium size-medium wp-image-2100\" alt=\"\" srcset=\"https:\/\/dresden-erkunden.de\/wp-content\/uploads\/2022\/10\/SRF_Milchl_DSC06594_quad-300x300.jpg 300w, https:\/\/dresden-erkunden.de\/wp-content\/uploads\/2022\/10\/SRF_Milchl_DSC06594_quad-1024x1024.jpg 1024w, https:\/\/dresden-erkunden.de\/wp-content\/uploads\/2022\/10\/SRF_Milchl_DSC06594_quad-150x150.jpg 150w, https:\/\/dresden-erkunden.de\/wp-content\/uploads\/2022\/10\/SRF_Milchl_DSC06594_quad-768x768.jpg 768w, https:\/\/dresden-erkunden.de\/wp-content\/uploads\/2022\/10\/SRF_Milchl_DSC06594_quad-600x600.jpg 600w, https:\/\/dresden-erkunden.de\/wp-content\/uploads\/2022\/10\/SRF_Milchl_DSC06594_quad.jpg 1200w\" sizes=\"(max-width: 300px) 100vw, 300px\" \/>\t\t\t\t\t\t\t\t<\/a>\n\t\t\t\t\t\t\t\t\t\t\t\t\t\t\t<\/div>\n\t\t\t\t<\/div>\n\t\t\t\t<div class=\"elementor-element elementor-element-b2ff32e elementor-widget elementor-widget-text-editor\" data-id=\"b2ff32e\" data-element_type=\"widget\" data-e-type=\"widget\" data-widget_type=\"text-editor.default\">\n\t\t\t\t<div class=\"elementor-widget-container\">\n\t\t\t\t\t\t\t\t\t<p><a href=\"https:\/\/dresden-erkunden.de\/en\/stadtrundfahrten-in-dresden\/stadtrundfahrt-mit-besuch-des-schoensten-milchladens-der-welt\/\">Stadtrundfahrt mit Besuch des \u201eSch\u00f6nsten Milchladens der Welt\u201c<\/a><\/p>\t\t\t\t\t\t\t\t<\/div>\n\t\t\t\t<\/div>\n\t\t\t\t\t<\/div>\n\t\t<\/div>\n\t\t\t\t<div class=\"elementor-column elementor-col-33 elementor-top-column elementor-element elementor-element-a06f5d0\" data-id=\"a06f5d0\" data-element_type=\"column\" data-e-type=\"column\">\n\t\t\t<div class=\"elementor-widget-wrap elementor-element-populated\">\n\t\t\t\t\t\t<div class=\"elementor-element elementor-element-19267ed elementor-widget elementor-widget-image\" data-id=\"19267ed\" data-element_type=\"widget\" data-e-type=\"widget\" data-widget_type=\"image.default\">\n\t\t\t\t<div class=\"elementor-widget-container\">\n\t\t\t\t\t\t\t\t\t\t\t\t\t\t\t\t<a href=\"https:\/\/dresden-erkunden.de\/en\/stadtrundfahrten-in-dresden\/stadtrundfahrt-in-dresden-mit-rundgang-durch-die-dresdner-altstadt\/\">\n\t\t\t\t\t\t\t<img decoding=\"async\" width=\"300\" height=\"300\" src=\"https:\/\/dresden-erkunden.de\/wp-content\/uploads\/2022\/10\/SRF_Altstadt_IMG_1587_quad-300x300.jpg\" class=\"attachment-medium size-medium wp-image-2090\" alt=\"\" srcset=\"https:\/\/dresden-erkunden.de\/wp-content\/uploads\/2022\/10\/SRF_Altstadt_IMG_1587_quad-300x300.jpg 300w, https:\/\/dresden-erkunden.de\/wp-content\/uploads\/2022\/10\/SRF_Altstadt_IMG_1587_quad-1024x1024.jpg 1024w, https:\/\/dresden-erkunden.de\/wp-content\/uploads\/2022\/10\/SRF_Altstadt_IMG_1587_quad-150x150.jpg 150w, https:\/\/dresden-erkunden.de\/wp-content\/uploads\/2022\/10\/SRF_Altstadt_IMG_1587_quad-768x768.jpg 768w, https:\/\/dresden-erkunden.de\/wp-content\/uploads\/2022\/10\/SRF_Altstadt_IMG_1587_quad-600x600.jpg 600w, https:\/\/dresden-erkunden.de\/wp-content\/uploads\/2022\/10\/SRF_Altstadt_IMG_1587_quad.jpg 1200w\" sizes=\"(max-width: 300px) 100vw, 300px\" \/>\t\t\t\t\t\t\t\t<\/a>\n\t\t\t\t\t\t\t\t\t\t\t\t\t\t\t<\/div>\n\t\t\t\t<\/div>\n\t\t\t\t<div class=\"elementor-element elementor-element-677ffe3 elementor-widget elementor-widget-text-editor\" data-id=\"677ffe3\" data-element_type=\"widget\" data-e-type=\"widget\" data-widget_type=\"text-editor.default\">\n\t\t\t\t<div class=\"elementor-widget-container\">\n\t\t\t\t\t\t\t\t\t<p><a href=\"https:\/\/dresden-erkunden.de\/en\/stadtrundfahrten-in-dresden\/stadtrundfahrt-in-dresden-mit-rundgang-durch-die-dresdner-altstadt\/\">Sightseeing Tour in Dresden with Walking Tour of the Old Town<\/a><\/p>\t\t\t\t\t\t\t\t<\/div>\n\t\t\t\t<\/div>\n\t\t\t\t\t<\/div>\n\t\t<\/div>\n\t\t\t\t<div class=\"elementor-column elementor-col-33 elementor-top-column elementor-element elementor-element-dbb91dd\" data-id=\"dbb91dd\" data-element_type=\"column\" data-e-type=\"column\">\n\t\t\t<div class=\"elementor-widget-wrap elementor-element-populated\">\n\t\t\t\t\t\t<div class=\"elementor-element elementor-element-6bfeb60 elementor-widget elementor-widget-image\" data-id=\"6bfeb60\" data-element_type=\"widget\" data-e-type=\"widget\" data-widget_type=\"image.default\">\n\t\t\t\t<div class=\"elementor-widget-container\">\n\t\t\t\t\t\t\t\t\t\t\t\t\t\t\t\t<a href=\"https:\/\/dresden-erkunden.de\/en\/stadtrundfahrten-in-dresden\/stadtrundfahrt-zu-neuer-architektur\/\">\n\t\t\t\t\t\t\t<img decoding=\"async\" width=\"300\" height=\"300\" src=\"https:\/\/dresden-erkunden.de\/wp-content\/uploads\/2022\/10\/SRF_neueArch_DSC06642_quad-300x300.jpg\" class=\"attachment-medium size-medium wp-image-2109\" alt=\"\" srcset=\"https:\/\/dresden-erkunden.de\/wp-content\/uploads\/2022\/10\/SRF_neueArch_DSC06642_quad-300x300.jpg 300w, https:\/\/dresden-erkunden.de\/wp-content\/uploads\/2022\/10\/SRF_neueArch_DSC06642_quad-1024x1024.jpg 1024w, https:\/\/dresden-erkunden.de\/wp-content\/uploads\/2022\/10\/SRF_neueArch_DSC06642_quad-150x150.jpg 150w, https:\/\/dresden-erkunden.de\/wp-content\/uploads\/2022\/10\/SRF_neueArch_DSC06642_quad-768x768.jpg 768w, https:\/\/dresden-erkunden.de\/wp-content\/uploads\/2022\/10\/SRF_neueArch_DSC06642_quad-600x600.jpg 600w, https:\/\/dresden-erkunden.de\/wp-content\/uploads\/2022\/10\/SRF_neueArch_DSC06642_quad.jpg 1200w\" sizes=\"(max-width: 300px) 100vw, 300px\" \/>\t\t\t\t\t\t\t\t<\/a>\n\t\t\t\t\t\t\t\t\t\t\t\t\t\t\t<\/div>\n\t\t\t\t<\/div>\n\t\t\t\t<div class=\"elementor-element elementor-element-ee66e50 elementor-widget elementor-widget-text-editor\" data-id=\"ee66e50\" data-element_type=\"widget\" data-e-type=\"widget\" data-widget_type=\"text-editor.default\">\n\t\t\t\t<div class=\"elementor-widget-container\">\n\t\t\t\t\t\t\t\t\t<p><a href=\"https:\/\/dresden-erkunden.de\/en\/stadtrundfahrten-in-dresden\/stadtrundfahrt-zu-neuer-architektur\/\">Stadtrundfahrt zu neuer Architektur<\/a><\/p>\t\t\t\t\t\t\t\t<\/div>\n\t\t\t\t<\/div>\n\t\t\t\t\t<\/div>\n\t\t<\/div>\n\t\t\t\t\t<\/div>\n\t\t<\/section>\n\t\t\t\t<section class=\"elementor-section elementor-top-section elementor-element elementor-element-1450763 elementor-section-boxed elementor-section-height-default elementor-section-height-default\" data-id=\"1450763\" data-element_type=\"section\" data-e-type=\"section\">\n\t\t\t\t\t\t<div class=\"elementor-container elementor-column-gap-default\">\n\t\t\t\t\t<div class=\"elementor-column elementor-col-33 elementor-top-column elementor-element elementor-element-73210d0\" data-id=\"73210d0\" data-element_type=\"column\" data-e-type=\"column\">\n\t\t\t<div class=\"elementor-widget-wrap elementor-element-populated\">\n\t\t\t\t\t\t<div class=\"elementor-element elementor-element-1dc4f53 elementor-widget elementor-widget-image\" data-id=\"1dc4f53\" data-element_type=\"widget\" data-e-type=\"widget\" data-widget_type=\"image.default\">\n\t\t\t\t<div class=\"elementor-widget-container\">\n\t\t\t\t\t\t\t\t\t\t\t\t\t\t\t\t<a href=\"https:\/\/dresden-erkunden.de\/en\/stadtrundfahrten-in-dresden\/stadtrundfahrt-mit-dem-fahrrad\/\">\n\t\t\t\t\t\t\t<img loading=\"lazy\" decoding=\"async\" width=\"300\" height=\"300\" src=\"https:\/\/dresden-erkunden.de\/wp-content\/uploads\/2022\/10\/SRF_Fahrrad_Palais_quad-300x300.jpg\" class=\"attachment-medium size-medium wp-image-2096\" alt=\"\" srcset=\"https:\/\/dresden-erkunden.de\/wp-content\/uploads\/2022\/10\/SRF_Fahrrad_Palais_quad-300x300.jpg 300w, https:\/\/dresden-erkunden.de\/wp-content\/uploads\/2022\/10\/SRF_Fahrrad_Palais_quad-1024x1024.jpg 1024w, https:\/\/dresden-erkunden.de\/wp-content\/uploads\/2022\/10\/SRF_Fahrrad_Palais_quad-150x150.jpg 150w, https:\/\/dresden-erkunden.de\/wp-content\/uploads\/2022\/10\/SRF_Fahrrad_Palais_quad-768x768.jpg 768w, https:\/\/dresden-erkunden.de\/wp-content\/uploads\/2022\/10\/SRF_Fahrrad_Palais_quad-600x600.jpg 600w, https:\/\/dresden-erkunden.de\/wp-content\/uploads\/2022\/10\/SRF_Fahrrad_Palais_quad.jpg 1200w\" sizes=\"(max-width: 300px) 100vw, 300px\" \/>\t\t\t\t\t\t\t\t<\/a>\n\t\t\t\t\t\t\t\t\t\t\t\t\t\t\t<\/div>\n\t\t\t\t<\/div>\n\t\t\t\t<div class=\"elementor-element elementor-element-b6f39ba elementor-widget elementor-widget-text-editor\" data-id=\"b6f39ba\" data-element_type=\"widget\" data-e-type=\"widget\" data-widget_type=\"text-editor.default\">\n\t\t\t\t<div class=\"elementor-widget-container\">\n\t\t\t\t\t\t\t\t\t<p><a href=\"https:\/\/dresden-erkunden.de\/en\/stadtrundfahrten-in-dresden\/stadtrundfahrt-mit-dem-fahrrad\/\">Stadtrundfahrt mit dem Fahrrad<\/a><\/p>\t\t\t\t\t\t\t\t<\/div>\n\t\t\t\t<\/div>\n\t\t\t\t\t<\/div>\n\t\t<\/div>\n\t\t\t\t<div class=\"elementor-column elementor-col-33 elementor-top-column elementor-element elementor-element-010c118\" data-id=\"010c118\" data-element_type=\"column\" data-e-type=\"column\">\n\t\t\t<div class=\"elementor-widget-wrap\">\n\t\t\t\t\t\t\t<\/div>\n\t\t<\/div>\n\t\t\t\t<div class=\"elementor-column elementor-col-33 elementor-top-column elementor-element elementor-element-44ee939\" data-id=\"44ee939\" data-element_type=\"column\" data-e-type=\"column\">\n\t\t\t<div class=\"elementor-widget-wrap\">\n\t\t\t\t\t\t\t<\/div>\n\t\t<\/div>\n\t\t\t\t\t<\/div>\n\t\t<\/section>\n\t\t\t\t<\/div>","protected":false},"excerpt":{"rendered":"<p>Verschaffen Sie sich bei einer Rundfahrt durch Dresden einen \u00dcberblick \u00fcber beide Elbseiten. Sie werden erstaunt sein, wie viel Gr\u00fcn Dresden zu bieten hat und wie das Zusammenspiel von Architektur und Natur immer wieder von Neuem fasziniert. Stadtrundfahrt mit Besuch des \u201eSch\u00f6nsten Milchladens der Welt\u201c Stadtrundfahrt mit Rundgang durch die Dresdner Altstadt Stadtrundfahrt zu neuer [&hellip;]<\/p>\n","protected":false},"author":2,"featured_media":0,"parent":0,"menu_order":5,"comment_status":"closed","ping_status":"closed","template":"","meta":{"ocean_post_layout":"","ocean_both_sidebars_style":"","ocean_both_sidebars_content_width":0,"ocean_both_sidebars_sidebars_width":0,"ocean_sidebar":"","ocean_second_sidebar":"","ocean_disable_margins":"enable","ocean_add_body_class":"","ocean_shortcode_before_top_bar":"","ocean_shortcode_after_top_bar":"","ocean_shortcode_before_header":"","ocean_shortcode_after_header":"","ocean_has_shortcode":"","ocean_shortcode_after_title":"","ocean_shortcode_before_footer_widgets":"","ocean_shortcode_after_footer_widgets":"","ocean_shortcode_before_footer_bottom":"","ocean_shortcode_after_footer_bottom":"","ocean_display_top_bar":"default","ocean_display_header":"default","ocean_header_style":"","ocean_center_header_left_menu":"","ocean_custom_header_template":"","ocean_custom_logo":0,"ocean_custom_retina_logo":0,"ocean_custom_logo_max_width":0,"ocean_custom_logo_tablet_max_width":0,"ocean_custom_logo_mobile_max_width":0,"ocean_custom_logo_max_height":0,"ocean_custom_logo_tablet_max_height":0,"ocean_custom_logo_mobile_max_height":0,"ocean_header_custom_menu":"","ocean_menu_typo_font_family":"","ocean_menu_typo_font_subset":"","ocean_menu_typo_font_size":0,"ocean_menu_typo_font_size_tablet":0,"ocean_menu_typo_font_size_mobile":0,"ocean_menu_typo_font_size_unit":"px","ocean_menu_typo_font_weight":"","ocean_menu_typo_font_weight_tablet":"","ocean_menu_typo_font_weight_mobile":"","ocean_menu_typo_transform":"","ocean_menu_typo_transform_tablet":"","ocean_menu_typo_transform_mobile":"","ocean_menu_typo_line_height":0,"ocean_menu_typo_line_height_tablet":0,"ocean_menu_typo_line_height_mobile":0,"ocean_menu_typo_line_height_unit":"","ocean_menu_typo_spacing":0,"ocean_menu_typo_spacing_tablet":0,"ocean_menu_typo_spacing_mobile":0,"ocean_menu_typo_spacing_unit":"","ocean_menu_link_color":"","ocean_menu_link_color_hover":"","ocean_menu_link_color_active":"","ocean_menu_link_background":"","ocean_menu_link_hover_background":"","ocean_menu_link_active_background":"","ocean_menu_social_links_bg":"","ocean_menu_social_hover_links_bg":"","ocean_menu_social_links_color":"","ocean_menu_social_hover_links_color":"","ocean_disable_title":"default","ocean_disable_heading":"default","ocean_post_title":"","ocean_post_subheading":"","ocean_post_title_style":"","ocean_post_title_background_color":"","ocean_post_title_background":0,"ocean_post_title_bg_image_position":"","ocean_post_title_bg_image_attachment":"","ocean_post_title_bg_image_repeat":"","ocean_post_title_bg_image_size":"","ocean_post_title_height":0,"ocean_post_title_bg_overlay":0.5,"ocean_post_title_bg_overlay_color":"","ocean_disable_breadcrumbs":"default","ocean_breadcrumbs_color":"","ocean_breadcrumbs_separator_color":"","ocean_breadcrumbs_links_color":"","ocean_breadcrumbs_links_hover_color":"","ocean_display_footer_widgets":"default","ocean_display_footer_bottom":"default","ocean_custom_footer_template":"","footnotes":""},"class_list":["post-831","page","type-page","status-publish","hentry","entry"],"_links":{"self":[{"href":"https:\/\/dresden-erkunden.de\/en\/wp-json\/wp\/v2\/pages\/831","targetHints":{"allow":["GET"]}}],"collection":[{"href":"https:\/\/dresden-erkunden.de\/en\/wp-json\/wp\/v2\/pages"}],"about":[{"href":"https:\/\/dresden-erkunden.de\/en\/wp-json\/wp\/v2\/types\/page"}],"author":[{"embeddable":true,"href":"https:\/\/dresden-erkunden.de\/en\/wp-json\/wp\/v2\/users\/2"}],"replies":[{"embeddable":true,"href":"https:\/\/dresden-erkunden.de\/en\/wp-json\/wp\/v2\/comments?post=831"}],"version-history":[{"count":9,"href":"https:\/\/dresden-erkunden.de\/en\/wp-json\/wp\/v2\/pages\/831\/revisions"}],"predecessor-version":[{"id":3134,"href":"https:\/\/dresden-erkunden.de\/en\/wp-json\/wp\/v2\/pages\/831\/revisions\/3134"}],"wp:attachment":[{"href":"https:\/\/dresden-erkunden.de\/en\/wp-json\/wp\/v2\/media?parent=831"}],"curies":[{"name":"wp","href":"https:\/\/api.w.org\/{rel}","templated":true}]}}