{"id":838,"date":"2022-09-09T13:12:51","date_gmt":"2022-09-09T11:12:51","guid":{"rendered":"https:\/\/dresden-erkunden.de\/?page_id=838"},"modified":"2023-04-26T23:48:38","modified_gmt":"2023-04-26T21:48:38","slug":"saechsische-schweiz-mit-dem-bus-erkunden","status":"publish","type":"page","link":"https:\/\/dresden-erkunden.de\/en\/ausfluege-in-die-umgebung-von-dresden\/saechsische-schweiz-mit-dem-bus-erkunden\/","title":{"rendered":"S\u00e4chsische Schweiz mit dem Bus erkunden"},"content":{"rendered":"<div data-elementor-type=\"wp-page\" data-elementor-id=\"838\" class=\"elementor elementor-838\">\n\t\t\t\t\t\t<section class=\"elementor-section elementor-top-section elementor-element elementor-element-87a39d0 elementor-section-boxed elementor-section-height-default elementor-section-height-default\" data-id=\"87a39d0\" data-element_type=\"section\" data-e-type=\"section\">\n\t\t\t\t\t\t<div class=\"elementor-container elementor-column-gap-default\">\n\t\t\t\t\t<div class=\"elementor-column elementor-col-100 elementor-top-column elementor-element elementor-element-76ad312\" data-id=\"76ad312\" data-element_type=\"column\" data-e-type=\"column\">\n\t\t\t<div class=\"elementor-widget-wrap elementor-element-populated\">\n\t\t\t\t\t\t<div class=\"elementor-element elementor-element-c23813f elementor-arrows-position-inside elementor-pagination-position-outside elementor-widget elementor-widget-image-carousel\" data-id=\"c23813f\" data-element_type=\"widget\" data-e-type=\"widget\" data-settings=\"{&quot;autoplay&quot;:&quot;no&quot;,&quot;infinite&quot;:&quot;no&quot;,&quot;navigation&quot;:&quot;both&quot;,&quot;speed&quot;:500}\" data-widget_type=\"image-carousel.default\">\n\t\t\t\t<div class=\"elementor-widget-container\">\n\t\t\t\t\t\t\t<div class=\"elementor-image-carousel-wrapper swiper\" role=\"region\" aria-roledescription=\"carousel\" aria-label=\"Image Carousel\" dir=\"ltr\">\n\t\t\t<div class=\"elementor-image-carousel swiper-wrapper\" aria-live=\"polite\">\n\t\t\t\t\t\t\t\t<div class=\"swiper-slide\" role=\"group\" aria-roledescription=\"slide\" aria-label=\"1 of 5\" data-no-translation-aria-label=\"\"><a data-elementor-open-lightbox=\"yes\" data-elementor-lightbox-slideshow=\"c23813f\" data-elementor-lightbox-title=\"S\u00e4chsische_Schweiz_IMG_9943_quad\" data-e-action-hash=\"#elementor-action%3Aaction%3Dlightbox%26settings%3DeyJpZCI6MTk1MiwidXJsIjoiaHR0cHM6XC9cL2RyZXNkZW4tZXJrdW5kZW4uZGVcL3dwLWNvbnRlbnRcL3VwbG9hZHNcLzIwMjJcLzEwXC9TYWVjaHNpc2NoZV9TY2h3ZWl6X0lNR185OTQzX3F1YWQuanBnIiwic2xpZGVzaG93IjoiYzIzODEzZiJ9\" href=\"https:\/\/dresden-erkunden.de\/wp-content\/uploads\/2022\/10\/Saechsische_Schweiz_IMG_9943_quad.jpg\"><figure class=\"swiper-slide-inner\"><img decoding=\"async\" class=\"swiper-slide-image\" src=\"https:\/\/dresden-erkunden.de\/wp-content\/uploads\/2022\/10\/Saechsische_Schweiz_IMG_9943_quad-300x300.jpg\" alt=\"S\u00e4chsische_Schweiz_IMG_9943_quad\" \/><\/figure><\/a><\/div><div class=\"swiper-slide\" role=\"group\" aria-roledescription=\"slide\" aria-label=\"2 of 5\" data-no-translation-aria-label=\"\"><a data-elementor-open-lightbox=\"yes\" data-elementor-lightbox-slideshow=\"c23813f\" data-elementor-lightbox-title=\"S\u00e4chsische_Schweiz_K\u00f6nigstein_5_quad\" data-e-action-hash=\"#elementor-action%3Aaction%3Dlightbox%26settings%3DeyJpZCI6MTk1NiwidXJsIjoiaHR0cHM6XC9cL2RyZXNkZW4tZXJrdW5kZW4uZGVcL3dwLWNvbnRlbnRcL3VwbG9hZHNcLzIwMjJcLzEwXC9TYWVjaHNpc2NoZV9TY2h3ZWl6X0tvZW5pZ3N0ZWluXzVfcXVhZC5qcGciLCJzbGlkZXNob3ciOiJjMjM4MTNmIn0%3D\" href=\"https:\/\/dresden-erkunden.de\/wp-content\/uploads\/2022\/10\/Saechsische_Schweiz_Koenigstein_5_quad.jpg\"><figure class=\"swiper-slide-inner\"><img decoding=\"async\" class=\"swiper-slide-image\" src=\"https:\/\/dresden-erkunden.de\/wp-content\/uploads\/2022\/10\/Saechsische_Schweiz_Koenigstein_5_quad-300x300.jpg\" alt=\"S\u00e4chsische_Schweiz_K\u00f6nigstein_5_quad\" \/><\/figure><\/a><\/div><div class=\"swiper-slide\" role=\"group\" aria-roledescription=\"slide\" aria-label=\"3 of 5\" data-no-translation-aria-label=\"\"><a data-elementor-open-lightbox=\"yes\" data-elementor-lightbox-slideshow=\"c23813f\" data-elementor-lightbox-title=\"S\u00e4chsische_Schweiz_K\u00f6nigstein_4_quad\" data-e-action-hash=\"#elementor-action%3Aaction%3Dlightbox%26settings%3DeyJpZCI6MTk1NSwidXJsIjoiaHR0cHM6XC9cL2RyZXNkZW4tZXJrdW5kZW4uZGVcL3dwLWNvbnRlbnRcL3VwbG9hZHNcLzIwMjJcLzEwXC9TYWVjaHNpc2NoZV9TY2h3ZWl6X0tvZW5pZ3N0ZWluXzRfcXVhZC5qcGciLCJzbGlkZXNob3ciOiJjMjM4MTNmIn0%3D\" href=\"https:\/\/dresden-erkunden.de\/wp-content\/uploads\/2022\/10\/Saechsische_Schweiz_Koenigstein_4_quad.jpg\"><figure class=\"swiper-slide-inner\"><img decoding=\"async\" class=\"swiper-slide-image\" src=\"https:\/\/dresden-erkunden.de\/wp-content\/uploads\/2022\/10\/Saechsische_Schweiz_Koenigstein_4_quad-300x300.jpg\" alt=\"S\u00e4chsische_Schweiz_K\u00f6nigstein_4_quad\" \/><\/figure><\/a><\/div><div class=\"swiper-slide\" role=\"group\" aria-roledescription=\"slide\" aria-label=\"4 of 5\" data-no-translation-aria-label=\"\"><a data-elementor-open-lightbox=\"yes\" data-elementor-lightbox-slideshow=\"c23813f\" data-elementor-lightbox-title=\"S\u00e4chsische_Schweiz_K\u00f6nigstein_3_quad\" data-e-action-hash=\"#elementor-action%3Aaction%3Dlightbox%26settings%3DeyJpZCI6MTk1NCwidXJsIjoiaHR0cHM6XC9cL2RyZXNkZW4tZXJrdW5kZW4uZGVcL3dwLWNvbnRlbnRcL3VwbG9hZHNcLzIwMjJcLzEwXC9TYWVjaHNpc2NoZV9TY2h3ZWl6X0tvZW5pZ3N0ZWluXzNfcXVhZC5qcGciLCJzbGlkZXNob3ciOiJjMjM4MTNmIn0%3D\" href=\"https:\/\/dresden-erkunden.de\/wp-content\/uploads\/2022\/10\/Saechsische_Schweiz_Koenigstein_3_quad.jpg\"><figure class=\"swiper-slide-inner\"><img decoding=\"async\" class=\"swiper-slide-image\" src=\"https:\/\/dresden-erkunden.de\/wp-content\/uploads\/2022\/10\/Saechsische_Schweiz_Koenigstein_3_quad-300x300.jpg\" alt=\"S\u00e4chsische_Schweiz_K\u00f6nigstein_3_quad\" \/><\/figure><\/a><\/div><div class=\"swiper-slide\" role=\"group\" aria-roledescription=\"slide\" aria-label=\"5 of 5\" data-no-translation-aria-label=\"\"><a data-elementor-open-lightbox=\"yes\" data-elementor-lightbox-slideshow=\"c23813f\" data-elementor-lightbox-title=\"S\u00e4chsische_Schweiz_K\u00f6nigstein_1_quad\" data-e-action-hash=\"#elementor-action%3Aaction%3Dlightbox%26settings%3DeyJpZCI6MTk1MywidXJsIjoiaHR0cHM6XC9cL2RyZXNkZW4tZXJrdW5kZW4uZGVcL3dwLWNvbnRlbnRcL3VwbG9hZHNcLzIwMjJcLzEwXC9TYWVjaHNpc2NoZV9TY2h3ZWl6X0tvZW5pZ3N0ZWluXzFfcXVhZC5qcGciLCJzbGlkZXNob3ciOiJjMjM4MTNmIn0%3D\" href=\"https:\/\/dresden-erkunden.de\/wp-content\/uploads\/2022\/10\/Saechsische_Schweiz_Koenigstein_1_quad.jpg\"><figure class=\"swiper-slide-inner\"><img decoding=\"async\" class=\"swiper-slide-image\" src=\"https:\/\/dresden-erkunden.de\/wp-content\/uploads\/2022\/10\/Saechsische_Schweiz_Koenigstein_1_quad-300x300.jpg\" alt=\"S\u00e4chsische_Schweiz_K\u00f6nigstein_1_quad\" \/><\/figure><\/a><\/div>\t\t\t<\/div>\n\t\t\t\t\t\t\t\t\t\t\t\t<div class=\"elementor-swiper-button elementor-swiper-button-prev\" role=\"button\" tabindex=\"0\">\n\t\t\t\t\t\t<i aria-hidden=\"true\" class=\"eicon-chevron-left\"><\/i>\t\t\t\t\t<\/div>\n\t\t\t\t\t<div class=\"elementor-swiper-button elementor-swiper-button-next\" role=\"button\" tabindex=\"0\">\n\t\t\t\t\t\t<i aria-hidden=\"true\" class=\"eicon-chevron-right\"><\/i>\t\t\t\t\t<\/div>\n\t\t\t\t\n\t\t\t\t\t\t\t\t\t<div class=\"swiper-pagination\"><\/div>\n\t\t\t\t\t\t\t\t\t<\/div>\n\t\t\t\t\t\t<\/div>\n\t\t\t\t<\/div>\n\t\t\t\t\t<\/div>\n\t\t<\/div>\n\t\t\t\t\t<\/div>\n\t\t<\/section>\n\t\t\t\t<section class=\"elementor-section elementor-top-section elementor-element elementor-element-6ca22fc1 elementor-section-boxed elementor-section-height-default elementor-section-height-default\" data-id=\"6ca22fc1\" data-element_type=\"section\" data-e-type=\"section\">\n\t\t\t\t\t\t<div class=\"elementor-container elementor-column-gap-default\">\n\t\t\t\t\t<div class=\"elementor-column elementor-col-100 elementor-top-column elementor-element elementor-element-662e9e9e\" data-id=\"662e9e9e\" data-element_type=\"column\" data-e-type=\"column\">\n\t\t\t<div class=\"elementor-widget-wrap elementor-element-populated\">\n\t\t\t\t\t\t<div class=\"elementor-element elementor-element-40e3de02 elementor-widget elementor-widget-text-editor\" data-id=\"40e3de02\" data-element_type=\"widget\" data-e-type=\"widget\" data-widget_type=\"text-editor.default\">\n\t\t\t\t<div class=\"elementor-widget-container\">\n\t\t\t\t\t\t\t\t\t<p><\/p>\n<p>Von Dresden aus erreichen Sie in ca. 45 Minuten \u00fcber die A17 den Nationalpark S\u00e4chsische Schweiz. Eine landschaftlich reizvolle Alternative w\u00e4re die Fahrt durch das Elbtal \u00fcber Pillnitz und Lohmen.&nbsp;<\/p><p>Vom Aussichtsfelsen Bastei, den Sie vom Busparkplatz aus bequem zu Fu\u00df erreichen, bietet sich Ihnen ein atemberaubender Ausblick auf die bizarre Felslandschaft und das Elbtal. Auch k\u00f6nnen Sie hier die Reste einer mittelalterlichen Felsenburg erkunden. Auf der Weiterfahrt zur Festung K\u00f6nigstein erfahren Sie viel Interessantes \u00fcber Fauna und Flora des Elbsandsteingebirges.<\/p>\n<p>Schon von weitem ist die Festung K\u00f6nigstein, die sich 240m \u00fcber dem Elbspiegel erhebt, zu sehen. Keine Angst, die \u201eEroberung\u201c erfordert keine besondere Kraftanstrengung! Mit dem Lift bzw. Panoramaaufzug erreichen Sie bequem das 9,5 ha gro\u00dfe Felsplateau und tauchen hier in die \u00fcber 750-j\u00e4hrige Geschichte der Festung ein. Mit ihren zum Teil \u00fcber 400 Jahre alten Bauten, der \u00e4ltesten erhaltenen Kaserne Deutschlands und dem tiefsten Brunnen Sachsens ist sie eine der architektonisch und historisch reizvollsten Bergfestungen Europas. Auf Ihrem Rundgang genie\u00dfen Sie den wundersch\u00f6nen Ausblick auf die Landschaft und erfahren, wie das Alltagsleben einer Festung einst funktionierte und dass die Festung K\u00f6nigstein als gesch\u00e4tztes Ausflugsziel des s\u00e4chsischen Hofes auch ein Ort rauschender Festlichkeiten war. Sie h\u00f6ren von einem spektakul\u00e4ren Riesenfass und fatalen Auswirkungen eines barocken Trinkgelages und erfahren, warum die Festung als \u201eS\u00e4chsische Bastille\u201c in die Geschichte eingegangen ist, welche ber\u00fchmten Staatsgefangenen hier schmachteten und wie man deren Fluchtversuche zu verhindern wusste.<\/p>\n<p><\/p>\t\t\t\t\t\t\t\t<\/div>\n\t\t\t\t<\/div>\n\t\t\t\t\t<\/div>\n\t\t<\/div>\n\t\t\t\t\t<\/div>\n\t\t<\/section>\n\t\t\t\t<\/div>","protected":false},"excerpt":{"rendered":"<p>Zur\u00fcck Weiter Von Dresden aus erreichen Sie in ca. 45 Minuten \u00fcber die A17 den Nationalpark S\u00e4chsische Schweiz. Eine landschaftlich reizvolle Alternative w\u00e4re die Fahrt durch das Elbtal \u00fcber Pillnitz und Lohmen.&nbsp; Vom Aussichtsfelsen Bastei, den Sie vom Busparkplatz aus bequem zu Fu\u00df erreichen, bietet sich Ihnen ein atemberaubender Ausblick auf die bizarre Felslandschaft und [&hellip;]<\/p>\n","protected":false},"author":2,"featured_media":0,"parent":566,"menu_order":8,"comment_status":"closed","ping_status":"closed","template":"","meta":{"ocean_post_layout":"","ocean_both_sidebars_style":"","ocean_both_sidebars_content_width":0,"ocean_both_sidebars_sidebars_width":0,"ocean_sidebar":"","ocean_second_sidebar":"","ocean_disable_margins":"enable","ocean_add_body_class":"","ocean_shortcode_before_top_bar":"","ocean_shortcode_after_top_bar":"","ocean_shortcode_before_header":"","ocean_shortcode_after_header":"","ocean_has_shortcode":"","ocean_shortcode_after_title":"","ocean_shortcode_before_footer_widgets":"","ocean_shortcode_after_footer_widgets":"","ocean_shortcode_before_footer_bottom":"","ocean_shortcode_after_footer_bottom":"","ocean_display_top_bar":"default","ocean_display_header":"default","ocean_header_style":"","ocean_center_header_left_menu":"","ocean_custom_header_template":"","ocean_custom_logo":0,"ocean_custom_retina_logo":0,"ocean_custom_logo_max_width":0,"ocean_custom_logo_tablet_max_width":0,"ocean_custom_logo_mobile_max_width":0,"ocean_custom_logo_max_height":0,"ocean_custom_logo_tablet_max_height":0,"ocean_custom_logo_mobile_max_height":0,"ocean_header_custom_menu":"","ocean_menu_typo_font_family":"","ocean_menu_typo_font_subset":"","ocean_menu_typo_font_size":0,"ocean_menu_typo_font_size_tablet":0,"ocean_menu_typo_font_size_mobile":0,"ocean_menu_typo_font_size_unit":"px","ocean_menu_typo_font_weight":"","ocean_menu_typo_font_weight_tablet":"","ocean_menu_typo_font_weight_mobile":"","ocean_menu_typo_transform":"","ocean_menu_typo_transform_tablet":"","ocean_menu_typo_transform_mobile":"","ocean_menu_typo_line_height":0,"ocean_menu_typo_line_height_tablet":0,"ocean_menu_typo_line_height_mobile":0,"ocean_menu_typo_line_height_unit":"","ocean_menu_typo_spacing":0,"ocean_menu_typo_spacing_tablet":0,"ocean_menu_typo_spacing_mobile":0,"ocean_menu_typo_spacing_unit":"","ocean_menu_link_color":"","ocean_menu_link_color_hover":"","ocean_menu_link_color_active":"","ocean_menu_link_background":"","ocean_menu_link_hover_background":"","ocean_menu_link_active_background":"","ocean_menu_social_links_bg":"","ocean_menu_social_hover_links_bg":"","ocean_menu_social_links_color":"","ocean_menu_social_hover_links_color":"","ocean_disable_title":"default","ocean_disable_heading":"default","ocean_post_title":"","ocean_post_subheading":"","ocean_post_title_style":"","ocean_post_title_background_color":"","ocean_post_title_background":0,"ocean_post_title_bg_image_position":"","ocean_post_title_bg_image_attachment":"","ocean_post_title_bg_image_repeat":"","ocean_post_title_bg_image_size":"","ocean_post_title_height":0,"ocean_post_title_bg_overlay":0.5,"ocean_post_title_bg_overlay_color":"","ocean_disable_breadcrumbs":"default","ocean_breadcrumbs_color":"","ocean_breadcrumbs_separator_color":"","ocean_breadcrumbs_links_color":"","ocean_breadcrumbs_links_hover_color":"","ocean_display_footer_widgets":"default","ocean_display_footer_bottom":"default","ocean_custom_footer_template":"","footnotes":""},"class_list":["post-838","page","type-page","status-publish","hentry","entry"],"_links":{"self":[{"href":"https:\/\/dresden-erkunden.de\/en\/wp-json\/wp\/v2\/pages\/838","targetHints":{"allow":["GET"]}}],"collection":[{"href":"https:\/\/dresden-erkunden.de\/en\/wp-json\/wp\/v2\/pages"}],"about":[{"href":"https:\/\/dresden-erkunden.de\/en\/wp-json\/wp\/v2\/types\/page"}],"author":[{"embeddable":true,"href":"https:\/\/dresden-erkunden.de\/en\/wp-json\/wp\/v2\/users\/2"}],"replies":[{"embeddable":true,"href":"https:\/\/dresden-erkunden.de\/en\/wp-json\/wp\/v2\/comments?post=838"}],"version-history":[{"count":16,"href":"https:\/\/dresden-erkunden.de\/en\/wp-json\/wp\/v2\/pages\/838\/revisions"}],"predecessor-version":[{"id":3009,"href":"https:\/\/dresden-erkunden.de\/en\/wp-json\/wp\/v2\/pages\/838\/revisions\/3009"}],"up":[{"embeddable":true,"href":"https:\/\/dresden-erkunden.de\/en\/wp-json\/wp\/v2\/pages\/566"}],"wp:attachment":[{"href":"https:\/\/dresden-erkunden.de\/en\/wp-json\/wp\/v2\/media?parent=838"}],"curies":[{"name":"wp","href":"https:\/\/api.w.org\/{rel}","templated":true}]}}