{"id":89,"date":"2015-12-03T23:24:19","date_gmt":"2015-12-03T22:24:19","guid":{"rendered":"https:\/\/dresden-erkunden.de\/?page_id=89"},"modified":"2023-04-26T23:49:40","modified_gmt":"2023-04-26T21:49:40","slug":"stadtrundgang-auf-den-spuren-erich-kaestners-durch-die-neustadt","status":"publish","type":"page","link":"https:\/\/dresden-erkunden.de\/en\/stadtrundgaenge-in-dresden\/stadtrundgang-auf-den-spuren-erich-kaestners-durch-die-neustadt\/","title":{"rendered":"Stadtrundgang auf den Spuren Erich K\u00e4stners durch die Neustadt"},"content":{"rendered":"<div data-elementor-type=\"wp-page\" data-elementor-id=\"89\" class=\"elementor elementor-89\">\n\t\t\t\t\t\t<section class=\"elementor-section elementor-top-section elementor-element elementor-element-b1c0921 elementor-section-boxed elementor-section-height-default elementor-section-height-default\" data-id=\"b1c0921\" data-element_type=\"section\" data-e-type=\"section\">\n\t\t\t\t\t\t<div class=\"elementor-container elementor-column-gap-default\">\n\t\t\t\t\t<div class=\"elementor-column elementor-col-100 elementor-top-column elementor-element elementor-element-a7b480b\" data-id=\"a7b480b\" data-element_type=\"column\" data-e-type=\"column\">\n\t\t\t<div class=\"elementor-widget-wrap elementor-element-populated\">\n\t\t\t\t\t\t<div class=\"elementor-element elementor-element-4f67441 elementor-arrows-position-inside elementor-pagination-position-outside elementor-widget elementor-widget-image-carousel\" data-id=\"4f67441\" data-element_type=\"widget\" data-e-type=\"widget\" data-settings=\"{&quot;autoplay&quot;:&quot;no&quot;,&quot;image_spacing_custom&quot;:{&quot;unit&quot;:&quot;px&quot;,&quot;size&quot;:3,&quot;sizes&quot;:[]},&quot;infinite&quot;:&quot;no&quot;,&quot;navigation&quot;:&quot;both&quot;,&quot;speed&quot;:500,&quot;image_spacing_custom_tablet&quot;:{&quot;unit&quot;:&quot;px&quot;,&quot;size&quot;:&quot;&quot;,&quot;sizes&quot;:[]},&quot;image_spacing_custom_mobile&quot;:{&quot;unit&quot;:&quot;px&quot;,&quot;size&quot;:&quot;&quot;,&quot;sizes&quot;:[]}}\" data-widget_type=\"image-carousel.default\">\n\t\t\t\t<div class=\"elementor-widget-container\">\n\t\t\t\t\t\t\t<div class=\"elementor-image-carousel-wrapper swiper\" role=\"region\" aria-roledescription=\"carousel\" aria-label=\"Image Carousel\" dir=\"ltr\">\n\t\t\t<div class=\"elementor-image-carousel swiper-wrapper\" aria-live=\"polite\">\n\t\t\t\t\t\t\t\t<div class=\"swiper-slide\" role=\"group\" aria-roledescription=\"slide\" aria-label=\"1 of 5\" data-no-translation-aria-label=\"\"><a data-elementor-open-lightbox=\"yes\" data-elementor-lightbox-slideshow=\"4f67441\" data-elementor-lightbox-title=\"Erich K\u00e4stner\" data-e-action-hash=\"#elementor-action%3Aaction%3Dlightbox%26settings%3DeyJpZCI6MTU2NywidXJsIjoiaHR0cHM6XC9cL2RyZXNkZW4tZXJrdW5kZW4uZGVcL3dwLWNvbnRlbnRcL3VwbG9hZHNcLzIwMjJcLzA5XC9FcmljaF9LYWVzdG5lcl9xdWFkLmpwZyIsInNsaWRlc2hvdyI6IjRmNjc0NDEifQ%3D%3D\" href=\"https:\/\/dresden-erkunden.de\/wp-content\/uploads\/2022\/09\/Erich_Kaestner_quad.jpg\"><figure class=\"swiper-slide-inner\"><img decoding=\"async\" class=\"swiper-slide-image\" src=\"https:\/\/dresden-erkunden.de\/wp-content\/uploads\/2022\/09\/Erich_Kaestner_quad-600x600.jpg\" alt=\"Erich K\u00e4stner\" \/><\/figure><\/a><\/div><div class=\"swiper-slide\" role=\"group\" aria-roledescription=\"slide\" aria-label=\"2 of 5\" data-no-translation-aria-label=\"\"><a data-elementor-open-lightbox=\"yes\" data-elementor-lightbox-slideshow=\"4f67441\" data-elementor-lightbox-title=\"Erich_Kaestner_DSC06376_quad\" data-e-action-hash=\"#elementor-action%3Aaction%3Dlightbox%26settings%3DeyJpZCI6MTU1NywidXJsIjoiaHR0cHM6XC9cL2RyZXNkZW4tZXJrdW5kZW4uZGVcL3dwLWNvbnRlbnRcL3VwbG9hZHNcLzIwMjJcLzA5XC9FcmljaF9LYWVzdG5lcl9EU0MwNjM3Nl9xdWFkLmpwZyIsInNsaWRlc2hvdyI6IjRmNjc0NDEifQ%3D%3D\" href=\"https:\/\/dresden-erkunden.de\/wp-content\/uploads\/2022\/09\/Erich_Kaestner_DSC06376_quad.jpg\"><figure class=\"swiper-slide-inner\"><img decoding=\"async\" class=\"swiper-slide-image\" src=\"https:\/\/dresden-erkunden.de\/wp-content\/uploads\/2022\/09\/Erich_Kaestner_DSC06376_quad-600x600.jpg\" alt=\"Erich_Kaestner_DSC06376_quad\" \/><\/figure><\/a><\/div><div class=\"swiper-slide\" role=\"group\" aria-roledescription=\"slide\" aria-label=\"3 of 5\" data-no-translation-aria-label=\"\"><a data-elementor-open-lightbox=\"yes\" data-elementor-lightbox-slideshow=\"4f67441\" data-elementor-lightbox-title=\"Erich_K\u00e4stner_IMG_9067_quad\" data-e-action-hash=\"#elementor-action%3Aaction%3Dlightbox%26settings%3DeyJpZCI6MjM1NCwidXJsIjoiaHR0cHM6XC9cL2RyZXNkZW4tZXJrdW5kZW4uZGVcL3dwLWNvbnRlbnRcL3VwbG9hZHNcLzIwMjNcLzAxXC9FcmljaF9LYWVzdG5lcl9JTUdfOTA2N19xdWFkLmpwZyIsInNsaWRlc2hvdyI6IjRmNjc0NDEifQ%3D%3D\" href=\"https:\/\/dresden-erkunden.de\/wp-content\/uploads\/2023\/01\/Erich_Kaestner_IMG_9067_quad.jpg\"><figure class=\"swiper-slide-inner\"><img decoding=\"async\" class=\"swiper-slide-image\" src=\"https:\/\/dresden-erkunden.de\/wp-content\/uploads\/2023\/01\/Erich_Kaestner_IMG_9067_quad-600x600.jpg\" alt=\"Erich_K\u00e4stner_IMG_9067_quad\" \/><\/figure><\/a><\/div><div class=\"swiper-slide\" role=\"group\" aria-roledescription=\"slide\" aria-label=\"4 of 5\" data-no-translation-aria-label=\"\"><a data-elementor-open-lightbox=\"yes\" data-elementor-lightbox-slideshow=\"4f67441\" data-elementor-lightbox-title=\"Erich_K\u00e4stner_IMG_8098_quad\" data-e-action-hash=\"#elementor-action%3Aaction%3Dlightbox%26settings%3DeyJpZCI6MjM1MywidXJsIjoiaHR0cHM6XC9cL2RyZXNkZW4tZXJrdW5kZW4uZGVcL3dwLWNvbnRlbnRcL3VwbG9hZHNcLzIwMjNcLzAxXC9FcmljaF9LYWVzdG5lcl9JTUdfODA5OF9xdWFkLmpwZyIsInNsaWRlc2hvdyI6IjRmNjc0NDEifQ%3D%3D\" href=\"https:\/\/dresden-erkunden.de\/wp-content\/uploads\/2023\/01\/Erich_Kaestner_IMG_8098_quad.jpg\"><figure class=\"swiper-slide-inner\"><img decoding=\"async\" class=\"swiper-slide-image\" src=\"https:\/\/dresden-erkunden.de\/wp-content\/uploads\/2023\/01\/Erich_Kaestner_IMG_8098_quad-600x600.jpg\" alt=\"Erich_K\u00e4stner_IMG_8098_quad\" \/><\/figure><\/a><\/div><div class=\"swiper-slide\" role=\"group\" aria-roledescription=\"slide\" aria-label=\"5 of 5\" data-no-translation-aria-label=\"\"><a data-elementor-open-lightbox=\"yes\" data-elementor-lightbox-slideshow=\"4f67441\" data-elementor-lightbox-title=\"Erich_K\u00e4stner_IMG_9069_quad\" data-e-action-hash=\"#elementor-action%3Aaction%3Dlightbox%26settings%3DeyJpZCI6MjM1NSwidXJsIjoiaHR0cHM6XC9cL2RyZXNkZW4tZXJrdW5kZW4uZGVcL3dwLWNvbnRlbnRcL3VwbG9hZHNcLzIwMjNcLzAxXC9FcmljaF9LYWVzdG5lcl9JTUdfOTA2OV9xdWFkLmpwZyIsInNsaWRlc2hvdyI6IjRmNjc0NDEifQ%3D%3D\" href=\"https:\/\/dresden-erkunden.de\/wp-content\/uploads\/2023\/01\/Erich_Kaestner_IMG_9069_quad.jpg\"><figure class=\"swiper-slide-inner\"><img decoding=\"async\" class=\"swiper-slide-image\" src=\"https:\/\/dresden-erkunden.de\/wp-content\/uploads\/2023\/01\/Erich_Kaestner_IMG_9069_quad-600x600.jpg\" alt=\"Erich_K\u00e4stner_IMG_9069_quad\" \/><\/figure><\/a><\/div>\t\t\t<\/div>\n\t\t\t\t\t\t\t\t\t\t\t\t<div class=\"elementor-swiper-button elementor-swiper-button-prev\" role=\"button\" tabindex=\"0\">\n\t\t\t\t\t\t<i aria-hidden=\"true\" class=\"eicon-chevron-left\"><\/i>\t\t\t\t\t<\/div>\n\t\t\t\t\t<div class=\"elementor-swiper-button elementor-swiper-button-next\" role=\"button\" tabindex=\"0\">\n\t\t\t\t\t\t<i aria-hidden=\"true\" class=\"eicon-chevron-right\"><\/i>\t\t\t\t\t<\/div>\n\t\t\t\t\n\t\t\t\t\t\t\t\t\t<div class=\"swiper-pagination\"><\/div>\n\t\t\t\t\t\t\t\t\t<\/div>\n\t\t\t\t\t\t<\/div>\n\t\t\t\t<\/div>\n\t\t\t\t\t<\/div>\n\t\t<\/div>\n\t\t\t\t\t<\/div>\n\t\t<\/section>\n\t\t\t\t<section class=\"elementor-section elementor-top-section elementor-element elementor-element-25bd7c59 elementor-section-boxed elementor-section-height-default elementor-section-height-default\" data-id=\"25bd7c59\" data-element_type=\"section\" data-e-type=\"section\">\n\t\t\t\t\t\t<div class=\"elementor-container elementor-column-gap-default\">\n\t\t\t\t\t<div class=\"elementor-column elementor-col-100 elementor-top-column elementor-element elementor-element-5b294b3c\" data-id=\"5b294b3c\" data-element_type=\"column\" data-e-type=\"column\">\n\t\t\t<div class=\"elementor-widget-wrap elementor-element-populated\">\n\t\t\t\t\t\t<div class=\"elementor-element elementor-element-709fd718 elementor-widget elementor-widget-text-editor\" data-id=\"709fd718\" data-element_type=\"widget\" data-e-type=\"widget\" data-widget_type=\"text-editor.default\">\n\t\t\t\t<div class=\"elementor-widget-container\">\n\t\t\t\t\t\t\t\t\t<p><strong>Route:\u00a0<\/strong>Dreik\u00f6nigskirche (Hauptstra\u00dfe) \u2013 Erich K\u00e4stner Museum \u2013 Albertplatz \u2013 Alaunstra\u00dfe \u2013 Louisenstra\u00dfe \u2013 Scheunhofstra\u00dfe \u2013 K\u00f6nigsbr\u00fccker Stra\u00dfe<\/p><p><strong>Duration<\/strong>\u00a01,5 &#8211; 2 Stunden<\/p><p>Am 23. Februar 1899 erblickte Erich K\u00e4stner in Dresden, in der K\u00f6nigsbr\u00fccker Str. 66 das Licht der Welt. In bescheidenen Verh\u00e4ltnissen wuchs er in der Antonstadt &#8211; einem Teil der heutigen \u00c4u\u00dferen Neustadt &#8211; auf.<\/p><p>Erich K\u00e4stner liebte seine Heimatstadt sehr und beschrieb sie unterhaltsam und am\u00fcsant in seinem 1957 in M\u00fcnchen erschienenen Buch \u201eAls ich ein kleiner Junge war\u201c.<\/p><p>Bei dem Rundgang durch die \u00c4u\u00dfere Neustadt soll uns dieses Buch begleiten. Sie werden Orte seiner Kindheit und Jugend kennenlernen, werden u.a. erfahren, in welchen H\u00e4usern die Familie K\u00e4stner wohnte, womit der kleine Erich besonders gern spielte, wo sein t\u00e4glicher Schulweg verlief, wo er Blumen f\u00fcr seine Mutter kaufte, wo der W\u00e4schetrockenplatz war, zu dem er seine Mutter oft begleiten musste, wohin er als Sechsj\u00e4hriger zum Turnen ging und auf welcher Gartenmauer \u201eder kleine Junge\u201c gern sa\u00df bzw. in Bronze geformt noch heute sitzt.<\/p><p>Anhand der Kindheitserinnerungen Erich K\u00e4stners soll ein Bild vom Alltagsleben in Dresden Anfang des 20. Jahrhunderts gezeichnet und ein St\u00fcck Sozialgeschichte vermittelt werden.<\/p><p><b>Hinweise<\/b>:<\/p><ul><li>Sehr gut f\u00fcr diverse Schulprojekte geeignet.<\/li><li>F\u00fcr Kindergruppen gibt es besondere Konditionen.<\/li><\/ul>\t\t\t\t\t\t\t\t<\/div>\n\t\t\t\t<\/div>\n\t\t\t\t\t<\/div>\n\t\t<\/div>\n\t\t\t\t\t<\/div>\n\t\t<\/section>\n\t\t\t\t<\/div>","protected":false},"excerpt":{"rendered":"<p>Zur\u00fcck Weiter Route:\u00a0Dreik\u00f6nigskirche (Hauptstra\u00dfe) \u2013 Erich K\u00e4stner Museum \u2013 Albertplatz \u2013 Alaunstra\u00dfe \u2013 Louisenstra\u00dfe \u2013 Scheunhofstra\u00dfe \u2013 K\u00f6nigsbr\u00fccker Stra\u00dfe Dauer:\u00a01,5 &#8211; 2 Stunden Am 23. Februar 1899 erblickte Erich K\u00e4stner in Dresden, in der K\u00f6nigsbr\u00fccker Str. 66 das Licht der Welt. In bescheidenen Verh\u00e4ltnissen wuchs er in der Antonstadt &#8211; einem Teil der heutigen \u00c4u\u00dferen [&hellip;]<\/p>\n","protected":false},"author":1,"featured_media":0,"parent":560,"menu_order":6,"comment_status":"closed","ping_status":"closed","template":"","meta":{"ocean_post_layout":"","ocean_both_sidebars_style":"","ocean_both_sidebars_content_width":0,"ocean_both_sidebars_sidebars_width":0,"ocean_sidebar":"","ocean_second_sidebar":"","ocean_disable_margins":"enable","ocean_add_body_class":"","ocean_shortcode_before_top_bar":"","ocean_shortcode_after_top_bar":"","ocean_shortcode_before_header":"","ocean_shortcode_after_header":"","ocean_has_shortcode":"","ocean_shortcode_after_title":"","ocean_shortcode_before_footer_widgets":"","ocean_shortcode_after_footer_widgets":"","ocean_shortcode_before_footer_bottom":"","ocean_shortcode_after_footer_bottom":"","ocean_display_top_bar":"default","ocean_display_header":"default","ocean_header_style":"","ocean_center_header_left_menu":"","ocean_custom_header_template":"","ocean_custom_logo":0,"ocean_custom_retina_logo":0,"ocean_custom_logo_max_width":0,"ocean_custom_logo_tablet_max_width":0,"ocean_custom_logo_mobile_max_width":0,"ocean_custom_logo_max_height":0,"ocean_custom_logo_tablet_max_height":0,"ocean_custom_logo_mobile_max_height":0,"ocean_header_custom_menu":"","ocean_menu_typo_font_family":"","ocean_menu_typo_font_subset":"","ocean_menu_typo_font_size":0,"ocean_menu_typo_font_size_tablet":0,"ocean_menu_typo_font_size_mobile":0,"ocean_menu_typo_font_size_unit":"px","ocean_menu_typo_font_weight":"","ocean_menu_typo_font_weight_tablet":"","ocean_menu_typo_font_weight_mobile":"","ocean_menu_typo_transform":"","ocean_menu_typo_transform_tablet":"","ocean_menu_typo_transform_mobile":"","ocean_menu_typo_line_height":0,"ocean_menu_typo_line_height_tablet":0,"ocean_menu_typo_line_height_mobile":0,"ocean_menu_typo_line_height_unit":"","ocean_menu_typo_spacing":0,"ocean_menu_typo_spacing_tablet":0,"ocean_menu_typo_spacing_mobile":0,"ocean_menu_typo_spacing_unit":"","ocean_menu_link_color":"","ocean_menu_link_color_hover":"","ocean_menu_link_color_active":"","ocean_menu_link_background":"","ocean_menu_link_hover_background":"","ocean_menu_link_active_background":"","ocean_menu_social_links_bg":"","ocean_menu_social_hover_links_bg":"","ocean_menu_social_links_color":"","ocean_menu_social_hover_links_color":"","ocean_disable_title":"default","ocean_disable_heading":"default","ocean_post_title":"","ocean_post_subheading":"","ocean_post_title_style":"","ocean_post_title_background_color":"","ocean_post_title_background":0,"ocean_post_title_bg_image_position":"","ocean_post_title_bg_image_attachment":"","ocean_post_title_bg_image_repeat":"","ocean_post_title_bg_image_size":"","ocean_post_title_height":0,"ocean_post_title_bg_overlay":0.5,"ocean_post_title_bg_overlay_color":"","ocean_disable_breadcrumbs":"default","ocean_breadcrumbs_color":"","ocean_breadcrumbs_separator_color":"","ocean_breadcrumbs_links_color":"","ocean_breadcrumbs_links_hover_color":"","ocean_display_footer_widgets":"default","ocean_display_footer_bottom":"default","ocean_custom_footer_template":"","footnotes":""},"class_list":["post-89","page","type-page","status-publish","hentry","entry"],"_links":{"self":[{"href":"https:\/\/dresden-erkunden.de\/en\/wp-json\/wp\/v2\/pages\/89","targetHints":{"allow":["GET"]}}],"collection":[{"href":"https:\/\/dresden-erkunden.de\/en\/wp-json\/wp\/v2\/pages"}],"about":[{"href":"https:\/\/dresden-erkunden.de\/en\/wp-json\/wp\/v2\/types\/page"}],"author":[{"embeddable":true,"href":"https:\/\/dresden-erkunden.de\/en\/wp-json\/wp\/v2\/users\/1"}],"replies":[{"embeddable":true,"href":"https:\/\/dresden-erkunden.de\/en\/wp-json\/wp\/v2\/comments?post=89"}],"version-history":[{"count":19,"href":"https:\/\/dresden-erkunden.de\/en\/wp-json\/wp\/v2\/pages\/89\/revisions"}],"predecessor-version":[{"id":3141,"href":"https:\/\/dresden-erkunden.de\/en\/wp-json\/wp\/v2\/pages\/89\/revisions\/3141"}],"up":[{"embeddable":true,"href":"https:\/\/dresden-erkunden.de\/en\/wp-json\/wp\/v2\/pages\/560"}],"wp:attachment":[{"href":"https:\/\/dresden-erkunden.de\/en\/wp-json\/wp\/v2\/media?parent=89"}],"curies":[{"name":"wp","href":"https:\/\/api.w.org\/{rel}","templated":true}]}}