{"id":91,"date":"2015-12-03T23:27:49","date_gmt":"2015-12-03T22:27:49","guid":{"rendered":"https:\/\/dresden-erkunden.de\/?page_id=91"},"modified":"2023-04-26T23:48:55","modified_gmt":"2023-04-26T21:48:55","slug":"das-villenviertel-weisser-hirsch-am-rande-der-dresdner-heide","status":"publish","type":"page","link":"https:\/\/dresden-erkunden.de\/en\/stadtteilfuehrungen-in-dresden\/das-villenviertel-weisser-hirsch-am-rande-der-dresdner-heide\/","title":{"rendered":"Das Villenviertel Wei\u00dfer Hirsch am Rande der Dresdner Heide"},"content":{"rendered":"<div data-elementor-type=\"wp-page\" data-elementor-id=\"91\" class=\"elementor elementor-91\">\n\t\t\t\t\t\t<section class=\"elementor-section elementor-top-section elementor-element elementor-element-043f21a elementor-section-boxed elementor-section-height-default elementor-section-height-default\" data-id=\"043f21a\" data-element_type=\"section\" data-e-type=\"section\">\n\t\t\t\t\t\t<div class=\"elementor-container elementor-column-gap-default\">\n\t\t\t\t\t<div class=\"elementor-column elementor-col-100 elementor-top-column elementor-element elementor-element-894262a\" data-id=\"894262a\" data-element_type=\"column\" data-e-type=\"column\">\n\t\t\t<div class=\"elementor-widget-wrap elementor-element-populated\">\n\t\t\t\t\t\t<div class=\"elementor-element elementor-element-9da41a4 elementor-arrows-position-inside elementor-pagination-position-outside elementor-widget elementor-widget-image-carousel\" data-id=\"9da41a4\" data-element_type=\"widget\" data-e-type=\"widget\" data-settings=\"{&quot;autoplay&quot;:&quot;no&quot;,&quot;image_spacing_custom&quot;:{&quot;unit&quot;:&quot;px&quot;,&quot;size&quot;:3,&quot;sizes&quot;:[]},&quot;infinite&quot;:&quot;no&quot;,&quot;navigation&quot;:&quot;both&quot;,&quot;speed&quot;:500,&quot;image_spacing_custom_tablet&quot;:{&quot;unit&quot;:&quot;px&quot;,&quot;size&quot;:&quot;&quot;,&quot;sizes&quot;:[]},&quot;image_spacing_custom_mobile&quot;:{&quot;unit&quot;:&quot;px&quot;,&quot;size&quot;:&quot;&quot;,&quot;sizes&quot;:[]}}\" data-widget_type=\"image-carousel.default\">\n\t\t\t\t<div class=\"elementor-widget-container\">\n\t\t\t\t\t\t\t<div class=\"elementor-image-carousel-wrapper swiper\" role=\"region\" aria-roledescription=\"carousel\" aria-label=\"Image Carousel\" dir=\"ltr\">\n\t\t\t<div class=\"elementor-image-carousel swiper-wrapper\" aria-live=\"polite\">\n\t\t\t\t\t\t\t\t<div class=\"swiper-slide\" role=\"group\" aria-roledescription=\"slide\" aria-label=\"1 of 7\" data-no-translation-aria-label=\"\"><a data-elementor-open-lightbox=\"yes\" data-elementor-lightbox-slideshow=\"9da41a4\" data-elementor-lightbox-title=\"WHirsch_IMG_9085_quad\" data-e-action-hash=\"#elementor-action%3Aaction%3Dlightbox%26settings%3DeyJpZCI6MjA1MSwidXJsIjoiaHR0cHM6XC9cL2RyZXNkZW4tZXJrdW5kZW4uZGVcL3dwLWNvbnRlbnRcL3VwbG9hZHNcLzIwMjJcLzEwXC9XSGlyc2NoX0lNR185MDg1X3F1YWQuanBnIiwic2xpZGVzaG93IjoiOWRhNDFhNCJ9\" href=\"https:\/\/dresden-erkunden.de\/wp-content\/uploads\/2022\/10\/WHirsch_IMG_9085_quad.jpg\"><figure class=\"swiper-slide-inner\"><img decoding=\"async\" class=\"swiper-slide-image\" src=\"https:\/\/dresden-erkunden.de\/wp-content\/uploads\/2022\/10\/WHirsch_IMG_9085_quad-300x300.jpg\" alt=\"WHirsch_IMG_9085_quad\" \/><\/figure><\/a><\/div><div class=\"swiper-slide\" role=\"group\" aria-roledescription=\"slide\" aria-label=\"2 of 7\" data-no-translation-aria-label=\"\"><a data-elementor-open-lightbox=\"yes\" data-elementor-lightbox-slideshow=\"9da41a4\" data-elementor-lightbox-title=\"WHirsch_IMG_9084_quad\" data-e-action-hash=\"#elementor-action%3Aaction%3Dlightbox%26settings%3DeyJpZCI6MjA1MCwidXJsIjoiaHR0cHM6XC9cL2RyZXNkZW4tZXJrdW5kZW4uZGVcL3dwLWNvbnRlbnRcL3VwbG9hZHNcLzIwMjJcLzEwXC9XSGlyc2NoX0lNR185MDg0X3F1YWQuanBnIiwic2xpZGVzaG93IjoiOWRhNDFhNCJ9\" href=\"https:\/\/dresden-erkunden.de\/wp-content\/uploads\/2022\/10\/WHirsch_IMG_9084_quad.jpg\"><figure class=\"swiper-slide-inner\"><img decoding=\"async\" class=\"swiper-slide-image\" src=\"https:\/\/dresden-erkunden.de\/wp-content\/uploads\/2022\/10\/WHirsch_IMG_9084_quad-300x300.jpg\" alt=\"WHirsch_IMG_9084_quad\" \/><\/figure><\/a><\/div><div class=\"swiper-slide\" role=\"group\" aria-roledescription=\"slide\" aria-label=\"3 of 7\" data-no-translation-aria-label=\"\"><a data-elementor-open-lightbox=\"yes\" data-elementor-lightbox-slideshow=\"9da41a4\" data-elementor-lightbox-title=\"WHirsch_IMG_9081_quad\" data-e-action-hash=\"#elementor-action%3Aaction%3Dlightbox%26settings%3DeyJpZCI6MjA0OSwidXJsIjoiaHR0cHM6XC9cL2RyZXNkZW4tZXJrdW5kZW4uZGVcL3dwLWNvbnRlbnRcL3VwbG9hZHNcLzIwMjJcLzEwXC9XSGlyc2NoX0lNR185MDgxX3F1YWQuanBnIiwic2xpZGVzaG93IjoiOWRhNDFhNCJ9\" href=\"https:\/\/dresden-erkunden.de\/wp-content\/uploads\/2022\/10\/WHirsch_IMG_9081_quad.jpg\"><figure class=\"swiper-slide-inner\"><img decoding=\"async\" class=\"swiper-slide-image\" src=\"https:\/\/dresden-erkunden.de\/wp-content\/uploads\/2022\/10\/WHirsch_IMG_9081_quad-300x300.jpg\" alt=\"WHirsch_IMG_9081_quad\" \/><\/figure><\/a><\/div><div class=\"swiper-slide\" role=\"group\" aria-roledescription=\"slide\" aria-label=\"4 of 7\" data-no-translation-aria-label=\"\"><a data-elementor-open-lightbox=\"yes\" data-elementor-lightbox-slideshow=\"9da41a4\" data-elementor-lightbox-title=\"WHirsch_IMG_9079_quad\" data-e-action-hash=\"#elementor-action%3Aaction%3Dlightbox%26settings%3DeyJpZCI6MjA0OCwidXJsIjoiaHR0cHM6XC9cL2RyZXNkZW4tZXJrdW5kZW4uZGVcL3dwLWNvbnRlbnRcL3VwbG9hZHNcLzIwMjJcLzEwXC9XSGlyc2NoX0lNR185MDc5X3F1YWQuanBnIiwic2xpZGVzaG93IjoiOWRhNDFhNCJ9\" href=\"https:\/\/dresden-erkunden.de\/wp-content\/uploads\/2022\/10\/WHirsch_IMG_9079_quad.jpg\"><figure class=\"swiper-slide-inner\"><img decoding=\"async\" class=\"swiper-slide-image\" src=\"https:\/\/dresden-erkunden.de\/wp-content\/uploads\/2022\/10\/WHirsch_IMG_9079_quad-300x300.jpg\" alt=\"WHirsch_IMG_9079_quad\" \/><\/figure><\/a><\/div><div class=\"swiper-slide\" role=\"group\" aria-roledescription=\"slide\" aria-label=\"5 of 7\" data-no-translation-aria-label=\"\"><a data-elementor-open-lightbox=\"yes\" data-elementor-lightbox-slideshow=\"9da41a4\" data-elementor-lightbox-title=\"WHirsch_IMG_9071_quad\" data-e-action-hash=\"#elementor-action%3Aaction%3Dlightbox%26settings%3DeyJpZCI6MjA0NywidXJsIjoiaHR0cHM6XC9cL2RyZXNkZW4tZXJrdW5kZW4uZGVcL3dwLWNvbnRlbnRcL3VwbG9hZHNcLzIwMjJcLzEwXC9XSGlyc2NoX0lNR185MDcxX3F1YWQuanBnIiwic2xpZGVzaG93IjoiOWRhNDFhNCJ9\" href=\"https:\/\/dresden-erkunden.de\/wp-content\/uploads\/2022\/10\/WHirsch_IMG_9071_quad.jpg\"><figure class=\"swiper-slide-inner\"><img decoding=\"async\" class=\"swiper-slide-image\" src=\"https:\/\/dresden-erkunden.de\/wp-content\/uploads\/2022\/10\/WHirsch_IMG_9071_quad-300x300.jpg\" alt=\"WHirsch_IMG_9071_quad\" \/><\/figure><\/a><\/div><div class=\"swiper-slide\" role=\"group\" aria-roledescription=\"slide\" aria-label=\"6 of 7\" data-no-translation-aria-label=\"\"><a data-elementor-open-lightbox=\"yes\" data-elementor-lightbox-slideshow=\"9da41a4\" data-elementor-lightbox-title=\"WHirsch_IMG_9067_quad\" data-e-action-hash=\"#elementor-action%3Aaction%3Dlightbox%26settings%3DeyJpZCI6MjA0NCwidXJsIjoiaHR0cHM6XC9cL2RyZXNkZW4tZXJrdW5kZW4uZGVcL3dwLWNvbnRlbnRcL3VwbG9hZHNcLzIwMjJcLzEwXC9XSGlyc2NoX0lNR185MDY3X3F1YWQuanBnIiwic2xpZGVzaG93IjoiOWRhNDFhNCJ9\" href=\"https:\/\/dresden-erkunden.de\/wp-content\/uploads\/2022\/10\/WHirsch_IMG_9067_quad.jpg\"><figure class=\"swiper-slide-inner\"><img decoding=\"async\" class=\"swiper-slide-image\" src=\"https:\/\/dresden-erkunden.de\/wp-content\/uploads\/2022\/10\/WHirsch_IMG_9067_quad-300x300.jpg\" alt=\"WHirsch_IMG_9067_quad\" \/><\/figure><\/a><\/div><div class=\"swiper-slide\" role=\"group\" aria-roledescription=\"slide\" aria-label=\"7 of 7\" data-no-translation-aria-label=\"\"><a data-elementor-open-lightbox=\"yes\" data-elementor-lightbox-slideshow=\"9da41a4\" data-elementor-lightbox-title=\"WHirsch_IMG_9064_quad\" data-e-action-hash=\"#elementor-action%3Aaction%3Dlightbox%26settings%3DeyJpZCI6MjA0MywidXJsIjoiaHR0cHM6XC9cL2RyZXNkZW4tZXJrdW5kZW4uZGVcL3dwLWNvbnRlbnRcL3VwbG9hZHNcLzIwMjJcLzEwXC9XSGlyc2NoX0lNR185MDY0X3F1YWQuanBnIiwic2xpZGVzaG93IjoiOWRhNDFhNCJ9\" href=\"https:\/\/dresden-erkunden.de\/wp-content\/uploads\/2022\/10\/WHirsch_IMG_9064_quad.jpg\"><figure class=\"swiper-slide-inner\"><img decoding=\"async\" class=\"swiper-slide-image\" src=\"https:\/\/dresden-erkunden.de\/wp-content\/uploads\/2022\/10\/WHirsch_IMG_9064_quad-300x300.jpg\" alt=\"WHirsch_IMG_9064_quad\" \/><\/figure><\/a><\/div>\t\t\t<\/div>\n\t\t\t\t\t\t\t\t\t\t\t\t<div class=\"elementor-swiper-button elementor-swiper-button-prev\" role=\"button\" tabindex=\"0\">\n\t\t\t\t\t\t<i aria-hidden=\"true\" class=\"eicon-chevron-left\"><\/i>\t\t\t\t\t<\/div>\n\t\t\t\t\t<div class=\"elementor-swiper-button elementor-swiper-button-next\" role=\"button\" tabindex=\"0\">\n\t\t\t\t\t\t<i aria-hidden=\"true\" class=\"eicon-chevron-right\"><\/i>\t\t\t\t\t<\/div>\n\t\t\t\t\n\t\t\t\t\t\t\t\t\t<div class=\"swiper-pagination\"><\/div>\n\t\t\t\t\t\t\t\t\t<\/div>\n\t\t\t\t\t\t<\/div>\n\t\t\t\t<\/div>\n\t\t\t\t\t<\/div>\n\t\t<\/div>\n\t\t\t\t\t<\/div>\n\t\t<\/section>\n\t\t\t\t<section class=\"elementor-section elementor-top-section elementor-element elementor-element-106fcb3a elementor-section-boxed elementor-section-height-default elementor-section-height-default\" data-id=\"106fcb3a\" data-element_type=\"section\" data-e-type=\"section\">\n\t\t\t\t\t\t<div class=\"elementor-container elementor-column-gap-default\">\n\t\t\t\t\t<div class=\"elementor-column elementor-col-100 elementor-top-column elementor-element elementor-element-2a0a923e\" data-id=\"2a0a923e\" data-element_type=\"column\" data-e-type=\"column\">\n\t\t\t<div class=\"elementor-widget-wrap elementor-element-populated\">\n\t\t\t\t\t\t<div class=\"elementor-element elementor-element-686c8de4 elementor-widget elementor-widget-text-editor\" data-id=\"686c8de4\" data-element_type=\"widget\" data-e-type=\"widget\" data-widget_type=\"text-editor.default\">\n\t\t\t\t<div class=\"elementor-widget-container\">\n\t\t\t\t\t\t\t\t\t<p><strong>Route<\/strong>: Parkhotel \u2013 Lahmann-Wohnpark &#8211; Konzertplatz Wei\u00dfer Hirsch \u2013 Chinesischer Pavillon \u2013 Bautzner Landstra\u00dfe \u2013 Lahmannring \u2013 K\u00fcntzelmannstra\u00dfe \u2013 Friedensblick \u2013 Plattleite \u2013 Luisenhof<\/p>\n<p class=\"translation-block\"><strong>Duration:<\/strong> 2 hours<\/p>\n<p>Ende des 19. Jahrhunderts etablierte Dr. Heinrich Lahmann auf dem Wei\u00dfen Hirsch ein naturheilkundliches Sanatorium, das sich schon sehr bald gr\u00f6\u00dfter Beliebtheit im In- und Ausland erfreute. Eine illustre G\u00e4steschar versammelte sich in dem klimatischen Kurort, zu der neben zahlreichen K\u00fcnstlern, Schriftstellern und UFA-Stars auch hohe Milit\u00e4rs und russische Adlige z\u00e4hlten.<\/p>\n<p>Beim Rundgang \u00fcber den Wei\u00dfen Hirsch soll f\u00fcr Sie die Zeit der Jahrhundertwende lebendig werden. Erfreuen Sie sich an aufwendig sanierten Villen, einem neu gestalteten Wohnpark und vielen Geschichten von ber\u00fchmten Bewohnern des \u201eGoldstaubviertels\u201c und seinen Kurpatienten.<\/p>\n<p>Auch einigen der von Uwe Tellkamp in seinem Roman \u201eDer Turm\u201c beschriebenen \u201eTurm-Villen\u201c werden Sie begegnen.<\/p>\t\t\t\t\t\t\t\t<\/div>\n\t\t\t\t<\/div>\n\t\t\t\t\t<\/div>\n\t\t<\/div>\n\t\t\t\t\t<\/div>\n\t\t<\/section>\n\t\t\t\t<\/div>","protected":false},"excerpt":{"rendered":"<p>Zur\u00fcck Weiter Route: Parkhotel \u2013 Lahmann-Wohnpark &#8211; Konzertplatz Wei\u00dfer Hirsch \u2013 Chinesischer Pavillon \u2013 Bautzner Landstra\u00dfe \u2013 Lahmannring \u2013 K\u00fcntzelmannstra\u00dfe \u2013 Friedensblick \u2013 Plattleite \u2013 Luisenhof Dauer: 2 Stunden Ende des 19. Jahrhunderts etablierte Dr. Heinrich Lahmann auf dem Wei\u00dfen Hirsch ein naturheilkundliches Sanatorium, das sich schon sehr bald gr\u00f6\u00dfter Beliebtheit im In- und Ausland [&hellip;]<\/p>\n","protected":false},"author":1,"featured_media":0,"parent":822,"menu_order":2,"comment_status":"closed","ping_status":"closed","template":"","meta":{"ocean_post_layout":"","ocean_both_sidebars_style":"","ocean_both_sidebars_content_width":0,"ocean_both_sidebars_sidebars_width":0,"ocean_sidebar":"","ocean_second_sidebar":"","ocean_disable_margins":"enable","ocean_add_body_class":"","ocean_shortcode_before_top_bar":"","ocean_shortcode_after_top_bar":"","ocean_shortcode_before_header":"","ocean_shortcode_after_header":"","ocean_has_shortcode":"","ocean_shortcode_after_title":"","ocean_shortcode_before_footer_widgets":"","ocean_shortcode_after_footer_widgets":"","ocean_shortcode_before_footer_bottom":"","ocean_shortcode_after_footer_bottom":"","ocean_display_top_bar":"default","ocean_display_header":"default","ocean_header_style":"","ocean_center_header_left_menu":"","ocean_custom_header_template":"","ocean_custom_logo":0,"ocean_custom_retina_logo":0,"ocean_custom_logo_max_width":0,"ocean_custom_logo_tablet_max_width":0,"ocean_custom_logo_mobile_max_width":0,"ocean_custom_logo_max_height":0,"ocean_custom_logo_tablet_max_height":0,"ocean_custom_logo_mobile_max_height":0,"ocean_header_custom_menu":"","ocean_menu_typo_font_family":"","ocean_menu_typo_font_subset":"","ocean_menu_typo_font_size":0,"ocean_menu_typo_font_size_tablet":0,"ocean_menu_typo_font_size_mobile":0,"ocean_menu_typo_font_size_unit":"px","ocean_menu_typo_font_weight":"","ocean_menu_typo_font_weight_tablet":"","ocean_menu_typo_font_weight_mobile":"","ocean_menu_typo_transform":"","ocean_menu_typo_transform_tablet":"","ocean_menu_typo_transform_mobile":"","ocean_menu_typo_line_height":0,"ocean_menu_typo_line_height_tablet":0,"ocean_menu_typo_line_height_mobile":0,"ocean_menu_typo_line_height_unit":"","ocean_menu_typo_spacing":0,"ocean_menu_typo_spacing_tablet":0,"ocean_menu_typo_spacing_mobile":0,"ocean_menu_typo_spacing_unit":"","ocean_menu_link_color":"","ocean_menu_link_color_hover":"","ocean_menu_link_color_active":"","ocean_menu_link_background":"","ocean_menu_link_hover_background":"","ocean_menu_link_active_background":"","ocean_menu_social_links_bg":"","ocean_menu_social_hover_links_bg":"","ocean_menu_social_links_color":"","ocean_menu_social_hover_links_color":"","ocean_disable_title":"default","ocean_disable_heading":"default","ocean_post_title":"","ocean_post_subheading":"","ocean_post_title_style":"","ocean_post_title_background_color":"","ocean_post_title_background":0,"ocean_post_title_bg_image_position":"","ocean_post_title_bg_image_attachment":"","ocean_post_title_bg_image_repeat":"","ocean_post_title_bg_image_size":"","ocean_post_title_height":0,"ocean_post_title_bg_overlay":0.5,"ocean_post_title_bg_overlay_color":"","ocean_disable_breadcrumbs":"default","ocean_breadcrumbs_color":"","ocean_breadcrumbs_separator_color":"","ocean_breadcrumbs_links_color":"","ocean_breadcrumbs_links_hover_color":"","ocean_display_footer_widgets":"default","ocean_display_footer_bottom":"default","ocean_custom_footer_template":"","footnotes":""},"class_list":["post-91","page","type-page","status-publish","hentry","entry"],"_links":{"self":[{"href":"https:\/\/dresden-erkunden.de\/en\/wp-json\/wp\/v2\/pages\/91","targetHints":{"allow":["GET"]}}],"collection":[{"href":"https:\/\/dresden-erkunden.de\/en\/wp-json\/wp\/v2\/pages"}],"about":[{"href":"https:\/\/dresden-erkunden.de\/en\/wp-json\/wp\/v2\/types\/page"}],"author":[{"embeddable":true,"href":"https:\/\/dresden-erkunden.de\/en\/wp-json\/wp\/v2\/users\/1"}],"replies":[{"embeddable":true,"href":"https:\/\/dresden-erkunden.de\/en\/wp-json\/wp\/v2\/comments?post=91"}],"version-history":[{"count":20,"href":"https:\/\/dresden-erkunden.de\/en\/wp-json\/wp\/v2\/pages\/91\/revisions"}],"predecessor-version":[{"id":3050,"href":"https:\/\/dresden-erkunden.de\/en\/wp-json\/wp\/v2\/pages\/91\/revisions\/3050"}],"up":[{"embeddable":true,"href":"https:\/\/dresden-erkunden.de\/en\/wp-json\/wp\/v2\/pages\/822"}],"wp:attachment":[{"href":"https:\/\/dresden-erkunden.de\/en\/wp-json\/wp\/v2\/media?parent=91"}],"curies":[{"name":"wp","href":"https:\/\/api.w.org\/{rel}","templated":true}]}}